{"id":112,"date":"2024-11-02T09:25:49","date_gmt":"2024-11-02T09:25:49","guid":{"rendered":"https:\/\/diparsa.com\/?page_id=112"},"modified":"2026-02-25T13:35:12","modified_gmt":"2026-02-25T13:35:12","slug":"nosotros","status":"publish","type":"page","link":"https:\/\/diparsa.com\/es\/nosotros\/","title":{"rendered":"Nosotros"},"content":{"rendered":"<p>[et_pb_section fb_built=\u00bb1&#8243; _builder_version=\u00bb4.27.2&#8243; _module_preset=\u00bbdefault\u00bb global_colors_info=\u00bb{}\u00bb][et_pb_row _builder_version=\u00bb4.27.2&#8243; _module_preset=\u00bbdefault\u00bb global_colors_info=\u00bb{}\u00bb][et_pb_column type=\u00bb4_4&#8243; _builder_version=\u00bb4.27.2&#8243; _module_preset=\u00bbdefault\u00bb global_colors_info=\u00bb{}\u00bb][et_pb_text _builder_version=\u00bb4.27.2&#8243; _module_preset=\u00bbdefault\u00bb global_colors_info=\u00bb{}\u00bb]<\/p>\n<h2 class=\"title1 upper\"><span>Acerca de Diparsa<\/span><\/h2>\n<p><span>Empresa\u00a0<\/span><strong><span>fundada<\/span><\/strong><span>\u00a0en 1966 por Joan Abella un emprendedor de Vilanova de la Muga (Girona).<\/span><\/p>\n<p><span>Desde entonces y hasta d\u00eda de hoy, nuestra actividad no ha parado de crecer, adapt\u00e1ndonos siempre a los tiempos que vivimos y ampliando nuestra especializaci\u00f3n en el apasionante mundo del agua y su tratamiento. Uniendo toda esta experiencia con las t\u00e9cnicas m\u00e1s avanzadas, la segunda generaci\u00f3n contin\u00faa su legado ya d\u00eda de hoy nuestro equipo de I+D+i est\u00e1 trabajando en el \u00e1rea de la biotecnolog\u00eda, para ofrecer un tratamiento ecol\u00f3gico, natural y sin qu\u00edmicos, para mejorar la calidad del agua, que puede aplicarse en una gran variedad de campos con multitud de beneficios.<\/span><\/p>\n<h3 class=\"title1 upper\"><span>Nuestra filosof\u00eda<\/span><\/h3>\n<p><span>Mejorar el medio ambiente y la salud p\u00fablica.<\/span><br \/><span>Optimizar y mejorar la calidad del agua en todos los procesos: industriales,agr\u00edcolas,ganaderos, y de consumo humano.\u00a0<\/span><strong><span>Seleccione con gran rigor productos de la m\u00e1xima calidad<\/span><\/strong><span>\u00a0. Es nuestra prioridad trabajar conjuntamente con las marcas m\u00e1s reconocidas del sector, garantizando de esta manera una buena inversi\u00f3n.<\/span><br \/><span>Operar con total transparencia en todo lo que hacemos, desde la forma que nos presentamos a nuestros clientes hasta en nuestros m\u00e9todos de trabajo.<\/span><br \/><span>Con el compromiso de dar a nuestros clientes un\u00a0<\/span><strong><span>servicio responsable y eficiente<\/span><\/strong><span>\u00a0.<\/span><\/p>\n<p>[\/et_pb_text][\/et_pb_column][\/et_pb_row][et_pb_row column_structure=\u00bb3_4,1_4&#8243; _builder_version=\u00bb4.27.4&#8243; _module_preset=\u00bbdefault\u00bb background_color=\u00bbgcid-db710bf8-f0d4-4feb-9a11-3d694c320d2c\u00bb animation_style=\u00bbzoom\u00bb animation_direction=\u00bbbottom\u00bb box_shadow_style=\u00bbpreset3&#8243; global_colors_info=\u00bb{%22gcid-db710bf8-f0d4-4feb-9a11-3d694c320d2c%22:%91%22background_color%22%93}\u00bb locked=\u00bboff\u00bb][et_pb_column type=\u00bb3_4&#8243; _builder_version=\u00bb4.27.4&#8243; _module_preset=\u00bbdefault\u00bb global_colors_info=\u00bb{}\u00bb][et_pb_text _builder_version=\u00bb4.27.5&#8243; _module_preset=\u00bbdefault\u00bb custom_margin=\u00bb|||20px|false|false\u00bb hover_enabled=\u00bb0&#8243; global_colors_info=\u00bb{}\u00bb sticky_enabled=\u00bb0&#8243;]<\/p>\n<p>Hola, soy M\u00f2nica Abella, consultora especialista en gesti\u00f3n del agua y directora ejecutiva de Diparsa.<\/p>\n<p>Pertenezco a la segunda generaci\u00f3n que se dedica al tratamiento de agua, siguiendo el legado de mi padre Joan Abella que fue el fundador de Diparsa en 1966, siendo la primera empresa dedicada exclusivamente al tratamiento de agua de la provincia de Girona.<br \/>Llevo m\u00e1s de treinta y seis a\u00f1os dedicada y vinculada muy activamente al mundo del agua y su tratamiento y me he formado en todos los campos del sector para poder ofrecer siempre la mejor soluci\u00f3n en cada proyecto.<\/p>\n<p>[\/et_pb_text][\/et_pb_column][et_pb_column type=\u00bb1_4&#8243; _builder_version=\u00bb4.27.4&#8243; _module_preset=\u00bbdefault\u00bb global_colors_info=\u00bb{}\u00bb][et_pb_image src=\u00bbhttps:\/\/diparsa.com\/wp-content\/uploads\/2025\/11\/Monica-Abella-e1762853745167.webp\u00bb alt=\u00bbM\u00f2nica Abella\u00bb title_text=\u00bbM\u00f2nica Abella\u00bb _builder_version=\u00bb4.27.5&#8243; _module_preset=\u00bbdefault\u00bb module_alignment=\u00bbcenter\u00bb global_colors_info=\u00bb{}\u00bb][\/et_pb_image][\/et_pb_column][\/et_pb_row][et_pb_row _builder_version=\u00bb4.27.5&#8243; _module_preset=\u00bbdefault\u00bb global_colors_info=\u00bb{}\u00bb][et_pb_column type=\u00bb4_4&#8243; _builder_version=\u00bb4.27.5&#8243; _module_preset=\u00bbdefault\u00bb global_colors_info=\u00bb{}\u00bb][et_pb_divider _builder_version=\u00bb4.27.5&#8243; _module_preset=\u00bbdefault\u00bb global_colors_info=\u00bb{}\u00bb][\/et_pb_divider][\/et_pb_column][\/et_pb_row][et_pb_row column_structure=\u00bb3_4,1_4&#8243; _builder_version=\u00bb4.27.4&#8243; _module_preset=\u00bbdefault\u00bb background_color=\u00bbgcid-db710bf8-f0d4-4feb-9a11-3d694c320d2c\u00bb animation_style=\u00bbzoom\u00bb animation_direction=\u00bbbottom\u00bb box_shadow_style=\u00bbpreset3&#8243; global_colors_info=\u00bb{%22gcid-db710bf8-f0d4-4feb-9a11-3d694c320d2c%22:%91%22background_color%22%93}\u00bb locked=\u00bboff\u00bb][et_pb_column type=\u00bb3_4&#8243; _builder_version=\u00bb4.27.4&#8243; _module_preset=\u00bbdefault\u00bb global_colors_info=\u00bb{}\u00bb][et_pb_text _builder_version=\u00bb4.27.5&#8243; _module_preset=\u00bbdefault\u00bb custom_margin=\u00bb|||20px|false|false\u00bb hover_enabled=\u00bb0&#8243; global_colors_info=\u00bb{}\u00bb sticky_enabled=\u00bb0&#8243;]<\/p>\n<p>Hola, soy Jaume Moret, jefe de proyectos de Diparsa.<\/p>\n<p>Hace m\u00e1s de 25 a\u00f1os que me dedico al tratamiento de aguas y al I+D, trabajando en el desarrollo y la optimizaci\u00f3n de soluciones eficientes y sostenibles.<\/p>\n<p>Me encargo de realizar todos los c\u00e1lculos h\u00eddricos de los proyectos, coordinar y gestionar los equipos de trabajo, y asumir la responsabilidad como jefe de instalaci\u00f3n en la puesta en marcha de cada proyecto, asegurando que todo funcione correctamente desde el primer momento.<\/p>\n<p>[\/et_pb_text][\/et_pb_column][et_pb_column type=\u00bb1_4&#8243; _builder_version=\u00bb4.27.4&#8243; _module_preset=\u00bbdefault\u00bb global_colors_info=\u00bb{}\u00bb][et_pb_image src=\u00bbhttps:\/\/diparsa.com\/wp-content\/uploads\/2026\/02\/Jaume-Moret-1.webp\u00bb alt=\u00bbJaume Moret\u00bb title_text=\u00bbJaume Moret\u00bb _builder_version=\u00bb4.27.5&#8243; _module_preset=\u00bbdefault\u00bb max_width=\u00bb52%\u00bb module_alignment=\u00bbcenter\u00bb global_colors_info=\u00bb{}\u00bb][\/et_pb_image][\/et_pb_column][\/et_pb_row][\/et_pb_section]<\/p>\n","protected":false},"excerpt":{"rendered":"<p>Acerca de Diparsa Empresa\u00a0fundada\u00a0en 1966 por Joan Abella un emprendedor de Vilanova de la Muga (Girona). Desde entonces y hasta d\u00eda de hoy, nuestra actividad no ha parado de crecer, adapt\u00e1ndonos siempre a los tiempos que vivimos y ampliando nuestra especializaci\u00f3n en el apasionante mundo del agua y su tratamiento. Uniendo toda esta experiencia con [&hellip;]<\/p>\n","protected":false},"author":1,"featured_media":0,"parent":0,"menu_order":0,"comment_status":"closed","ping_status":"closed","template":"","meta":{"_et_pb_use_builder":"on","_et_pb_old_content":"","_et_gb_content_width":"","footnotes":""},"class_list":["post-112","page","type-page","status-publish","hentry"],"_links":{"self":[{"href":"https:\/\/diparsa.com\/es\/wp-json\/wp\/v2\/pages\/112","targetHints":{"allow":["GET"]}}],"collection":[{"href":"https:\/\/diparsa.com\/es\/wp-json\/wp\/v2\/pages"}],"about":[{"href":"https:\/\/diparsa.com\/es\/wp-json\/wp\/v2\/types\/page"}],"author":[{"embeddable":true,"href":"https:\/\/diparsa.com\/es\/wp-json\/wp\/v2\/users\/1"}],"replies":[{"embeddable":true,"href":"https:\/\/diparsa.com\/es\/wp-json\/wp\/v2\/comments?post=112"}],"version-history":[{"count":0,"href":"https:\/\/diparsa.com\/es\/wp-json\/wp\/v2\/pages\/112\/revisions"}],"wp:attachment":[{"href":"https:\/\/diparsa.com\/es\/wp-json\/wp\/v2\/media?parent=112"}],"curies":[{"name":"wp","href":"https:\/\/api.w.org\/{rel}","templated":true}]}}