{"id":116,"date":"2024-11-02T09:27:59","date_gmt":"2024-11-02T09:27:59","guid":{"rendered":"https:\/\/diparsa.com\/?page_id=116"},"modified":"2024-11-02T09:27:59","modified_gmt":"2024-11-02T09:27:59","slug":"biotecnologia","status":"publish","type":"page","link":"https:\/\/diparsa.com\/es\/biotecnologia\/","title":{"rendered":"Biotecnolog\u00eda"},"content":{"rendered":"<p>[et_pb_section fb_built=\u00bb1&#8243; theme_builder_area=\u00bbpost_content\u00bb _builder_version=\u00bb4.27.2&#8243; _module_preset=\u00bbdefault\u00bb][et_pb_row _builder_version=\u00bb4.27.2&#8243; _module_preset=\u00bbdefault\u00bb theme_builder_area=\u00bbpost_content\u00bb column_structure=\u00bb3_4,1_4&#8243;][et_pb_column _builder_version=\u00bb4.27.2&#8243; _module_preset=\u00bbdefault\u00bb type=\u00bb3_4&#8243; theme_builder_area=\u00bbpost_content\u00bb][et_pb_text _builder_version=\u00bb4.27.2&#8243; _module_preset=\u00bbdefault\u00bb theme_builder_area=\u00bbpost_content\u00bb hover_enabled=\u00bb0&#8243; sticky_enabled=\u00bb0&#8243;]<\/p>\n<h2 class=\"title1\"><span>Sistema BioWater<\/span><\/h2>\n<p class=\"text-justify\"><strong><span>BioWater System<\/span><\/strong><span>\u00a0es un sistema de tratamiento de agua sin ning\u00fan producto qu\u00edmico y totalmente ecol\u00f3gico, pudi\u00e9ndose aplicar en todos los campos donde se usa agua (agricultura, industria,construcci\u00f3n,agua de consumo humano,etc\u2026).<\/span><\/p>\n<p><span>Este sistema de tratamiento de agua consta de la sinergia de 3 tecnolog\u00edas: el Tamiz, las cer\u00e1micas tecnol\u00f3gicas funcionales y los biofermentos de microorganismos funcionales.<\/span><\/p>\n<p><span>El\u00a0<\/span><strong><span>Tamiz \u00ae<\/span><\/strong><span>\u00a0es un tratamiento f\u00edsico que modifica las caracter\u00edsticas y propiedades del agua. Es un dispositivo que a trav\u00e9s de campos magn\u00e9ticos reordena las mol\u00e9culas del agua para que la misma vuelva a su estructura natural.<\/span><\/p>\n<p><span>Dicha agua tiene una energ\u00eda vital de alta resonancia electromagn\u00e9tica y fot\u00f3nica muy beneficiosa para nuestro organismo. Tambi\u00e9n microniza las sales minerales presentes en el agua ( por ejemplo : hierro, magnesio, zinc, etc,\u2026 ) dej\u00e1ndolas a nivel nano, obteniendo de esta manera agua con una menor tensi\u00f3n superficial, m\u00e1s antioxidante, hidratante y antioxidante.<\/span><\/p>\n<p><span>Para eliminar los pat\u00f3genos presentes en el agua utilizamos la\u00a0<\/span><strong><span>biocer\u00e1mica tecnol\u00f3gica funcional (Bio cTF\u00ae)<\/span><\/strong><span>\u00a0que nos trabaja por transmit\u00e1ncia y radiaci\u00f3n (las ondas CFIR) eliminando bacterias como las de la legionela, E. coli, bacterios coliformes, etc\u2026 Nos alarga el espacio de tiempo de la reestructuraci\u00f3n molecular producida por el Tamiz y nos aporta m\u00e1s beneficios en esta agua haci\u00e9ndola a\u00fan m\u00e1s antioxidante.<\/span><\/p>\n<p><span>Una vez teniendo el agua reestructurada y libre de pat\u00f3genos conseguimos un medio acuoso perfecto para la reproducci\u00f3n de los\u00a0<\/span><strong><span>biofermentos de microorganismos funcionales (Bio fMF\u00ae)<\/span><\/strong><span>\u00a0. Con estos biofermentos podemos conseguir eliminar diferentes problemas en el agua como por ejemplo: exceso de nitratos, nitritos,ars\u00e9nico, etc\u2026. O simplemente aportarle un probi\u00f3tico logrando de esta manera un agua con un valor a\u00f1adido, un agua que nos sana cuando nos hidratamos.<\/span><\/p>\n<p><span>Esta sinergia se aplica en todos los \u00e1mbitos donde est\u00e1 presente el agua.<\/span><\/p>\n<p>[\/et_pb_text][\/et_pb_column][et_pb_column _builder_version=\u00bb4.27.2&#8243; _module_preset=\u00bbdefault\u00bb type=\u00bb1_4&#8243; theme_builder_area=\u00bbpost_content\u00bb][et_pb_image src=\u00bbhttps:\/\/diparsa.com\/wp-content\/uploads\/2024\/11\/img-logo-biowater-system.png\u00bb _builder_version=\u00bb4.27.2&#8243; _module_preset=\u00bbdefault\u00bb theme_builder_area=\u00bbpost_content\u00bb title_text=\u00bbimg-logo-biowater-system\u00bb hover_enabled=\u00bb0&#8243; sticky_enabled=\u00bb0&#8243; custom_padding=\u00bb151px||101px|||\u00bb][\/et_pb_image][\/et_pb_column][\/et_pb_row][\/et_pb_section]<\/p>\n","protected":false},"excerpt":{"rendered":"<p>Sistema BioWater BioWater System\u00a0es un sistema de tratamiento de agua sin ning\u00fan producto qu\u00edmico y totalmente ecol\u00f3gico, pudi\u00e9ndose aplicar en todos los campos donde se usa agua (agricultura, industria,construcci\u00f3n,agua de consumo humano,etc\u2026). Este sistema de tratamiento de agua consta de la sinergia de 3 tecnolog\u00edas: el Tamiz, las cer\u00e1micas tecnol\u00f3gicas funcionales y los biofermentos de [&hellip;]<\/p>\n","protected":false},"author":1,"featured_media":0,"parent":0,"menu_order":0,"comment_status":"closed","ping_status":"closed","template":"","meta":{"_et_pb_use_builder":"on","_et_pb_old_content":"","_et_gb_content_width":"","footnotes":""},"class_list":["post-116","page","type-page","status-publish","hentry"],"_links":{"self":[{"href":"https:\/\/diparsa.com\/es\/wp-json\/wp\/v2\/pages\/116","targetHints":{"allow":["GET"]}}],"collection":[{"href":"https:\/\/diparsa.com\/es\/wp-json\/wp\/v2\/pages"}],"about":[{"href":"https:\/\/diparsa.com\/es\/wp-json\/wp\/v2\/types\/page"}],"author":[{"embeddable":true,"href":"https:\/\/diparsa.com\/es\/wp-json\/wp\/v2\/users\/1"}],"replies":[{"embeddable":true,"href":"https:\/\/diparsa.com\/es\/wp-json\/wp\/v2\/comments?post=116"}],"version-history":[{"count":0,"href":"https:\/\/diparsa.com\/es\/wp-json\/wp\/v2\/pages\/116\/revisions"}],"wp:attachment":[{"href":"https:\/\/diparsa.com\/es\/wp-json\/wp\/v2\/media?parent=116"}],"curies":[{"name":"wp","href":"https:\/\/api.w.org\/{rel}","templated":true}]}}