{"id":120,"date":"2024-11-02T09:32:46","date_gmt":"2024-11-02T09:32:46","guid":{"rendered":"https:\/\/diparsa.com\/?page_id=120"},"modified":"2024-11-02T09:32:46","modified_gmt":"2024-11-02T09:32:46","slug":"industria","status":"publish","type":"page","link":"https:\/\/diparsa.com\/es\/industria\/","title":{"rendered":"Industria"},"content":{"rendered":"<p>[et_pb_section fb_built=\u00bb1&#8243; theme_builder_area=\u00bbpost_content\u00bb _builder_version=\u00bb4.27.2&#8243; _module_preset=\u00bbdefault\u00bb][et_pb_row _builder_version=\u00bb4.27.2&#8243; _module_preset=\u00bbdefault\u00bb theme_builder_area=\u00bbpost_content\u00bb column_structure=\u00bb1_2,1_2&#8243;][et_pb_column _builder_version=\u00bb4.27.2&#8243; _module_preset=\u00bbdefault\u00bb type=\u00bb1_2&#8243; theme_builder_area=\u00bbpost_content\u00bb][et_pb_image src=\u00bbhttps:\/\/diparsa.com\/wp-content\/uploads\/2024\/11\/img-serveis-industria-1.jpg\u00bb _builder_version=\u00bb4.27.2&#8243; _module_preset=\u00bbdefault\u00bb theme_builder_area=\u00bbpost_content\u00bb title_text=\u00bbimg-serveis-industria (1)\u00bb hover_enabled=\u00bb0&#8243; sticky_enabled=\u00bb0&#8243; custom_padding=\u00bb63px|||||\u00bb][\/et_pb_image][\/et_pb_column][et_pb_column _builder_version=\u00bb4.27.2&#8243; _module_preset=\u00bbdefault\u00bb type=\u00bb1_2&#8243; theme_builder_area=\u00bbpost_content\u00bb][et_pb_text _builder_version=\u00bb4.27.2&#8243; _module_preset=\u00bbdefault\u00bb theme_builder_area=\u00bbpost_content\u00bb hover_enabled=\u00bb0&#8243; sticky_enabled=\u00bb0&#8243;]<\/p>\n<h2 class=\"title1 upper\"><span>INDUSTRIA<\/span><\/h2>\n<p class=\"text-justify\"><span>El agua es un recurso clave para la actividad industrial. La industria necesita y consume la mayor parte del agua potable, son infinitos los productos que necesitan de grandes cantidades de agua para poder ser fabricados.<\/span><\/p>\n<p><span>Normalmente disponen de sus propias fuentes de abastecimiento de agua, superficiales o subterr\u00e1neas. Cada industria requiere, en funci\u00f3n de la naturaleza de cada una, aguas adecuadas en caudal suficiente y composici\u00f3n constante, con niveles de calidad variables seg\u00fan el \u00e1mbito que se trate.<\/span><\/p>\n<p><span>El producto final y calidad del mismo, est\u00e1 directamente relacionado con la calidad del agua, un buen tratamiento garantiza el \u00e9xito en el proceso productivo.<\/span><\/p>\n<p>[\/et_pb_text][\/et_pb_column][\/et_pb_row][et_pb_row _builder_version=\u00bb4.27.2&#8243; _module_preset=\u00bbdefault\u00bb theme_builder_area=\u00bbpost_content\u00bb custom_padding=\u00bb||0px|||\u00bb][et_pb_column _builder_version=\u00bb4.27.2&#8243; _module_preset=\u00bbdefault\u00bb type=\u00bb4_4&#8243; theme_builder_area=\u00bbpost_content\u00bb][et_pb_heading title=\u00bbTratamiento de agua en industria:\u00bb _builder_version=\u00bb4.27.2&#8243; _module_preset=\u00bbdefault\u00bb theme_builder_area=\u00bbpost_content\u00bb title_font_size=\u00bb23px\u00bb hover_enabled=\u00bb0&#8243; sticky_enabled=\u00bb0&#8243;][\/et_pb_heading][\/et_pb_column][\/et_pb_row][et_pb_row _builder_version=\u00bb4.27.2&#8243; _module_preset=\u00bbdefault\u00bb theme_builder_area=\u00bbpost_content\u00bb column_structure=\u00bb1_2,1_2&#8243;][et_pb_column _builder_version=\u00bb4.27.2&#8243; _module_preset=\u00bbdefault\u00bb type=\u00bb1_2&#8243; theme_builder_area=\u00bbpost_content\u00bb][et_pb_text _builder_version=\u00bb4.27.2&#8243; _module_preset=\u00bbdefault\u00bb theme_builder_area=\u00bbpost_content\u00bb hover_enabled=\u00bb0&#8243; sticky_enabled=\u00bb0&#8243;]<\/p>\n<ul>\n<li><span><span>An\u00e1lisis microbiol\u00f3gico y f\u00edsico-qu\u00edmico del agua a tratar para suministro.<\/span><\/span><\/li>\n<li><span><span>Descalcificaci\u00f3n.<\/span><\/span><\/li>\n<li><span><span>Declaraci\u00f3n.<\/span><\/span><\/li>\n<li><span><span>Filtraci\u00f3n.<\/span><\/span><\/li>\n<li><span><span>Bombas y dosificaciones.<\/span><\/span><\/li>\n<li><span><span>Decantaci\u00f3n.<\/span><\/span><\/li>\n<li><span><span>Cloraci\u00f3n.<\/span><\/span><\/li>\n<\/ul>\n<p>[\/et_pb_text][\/et_pb_column][et_pb_column _builder_version=\u00bb4.27.2&#8243; _module_preset=\u00bbdefault\u00bb type=\u00bb1_2&#8243; theme_builder_area=\u00bbpost_content\u00bb][et_pb_text _builder_version=\u00bb4.27.2&#8243; _module_preset=\u00bbdefault\u00bb theme_builder_area=\u00bbpost_content\u00bb hover_enabled=\u00bb0&#8243; sticky_enabled=\u00bb0&#8243;]<\/p>\n<section class=\"content_section\">\n<div class=\"content row_spacer\">\n<section class=\"content_section bg_white\">\n<div class=\"content row_spacer clearfix\">\n<div class=\"col-md-6\">\n<ul class=\"list3 clearfix\">\n<li><span>Desinfecci\u00f3n.<\/span><\/li>\n<li><span>Floculaci\u00f3n.<\/span><\/li>\n<li><span>Equipos de agua a presi\u00f3n.<\/span><\/li>\n<li><span>Eliminaci\u00f3n de olores, sabores y sustancias nocivas.<\/span><\/li>\n<li><span>Cuadros el\u00e9ctricos y electr\u00f3nicos de automatismo personalizados.<\/span><\/li>\n<li><span>BioWater System tratamiento sin qu\u00edmico, biol\u00f3gico totalmente ecol\u00f3gico.<\/span><\/li>\n<\/ul>\n<\/div>\n<\/div>\n<\/section>\n<\/div>\n<\/section>\n<p>[\/et_pb_text][\/et_pb_column][\/et_pb_row][\/et_pb_section]<\/p>\n","protected":false},"excerpt":{"rendered":"<p>INDUSTRIA El agua es un recurso clave para la actividad industrial. La industria necesita y consume la mayor parte del agua potable, son infinitos los productos que necesitan de grandes cantidades de agua para poder ser fabricados. Normalmente disponen de sus propias fuentes de abastecimiento de agua, superficiales o subterr\u00e1neas. Cada industria requiere, en funci\u00f3n [&hellip;]<\/p>\n","protected":false},"author":1,"featured_media":0,"parent":0,"menu_order":0,"comment_status":"closed","ping_status":"closed","template":"","meta":{"_et_pb_use_builder":"on","_et_pb_old_content":"","_et_gb_content_width":"","footnotes":""},"class_list":["post-120","page","type-page","status-publish","hentry"],"_links":{"self":[{"href":"https:\/\/diparsa.com\/es\/wp-json\/wp\/v2\/pages\/120","targetHints":{"allow":["GET"]}}],"collection":[{"href":"https:\/\/diparsa.com\/es\/wp-json\/wp\/v2\/pages"}],"about":[{"href":"https:\/\/diparsa.com\/es\/wp-json\/wp\/v2\/types\/page"}],"author":[{"embeddable":true,"href":"https:\/\/diparsa.com\/es\/wp-json\/wp\/v2\/users\/1"}],"replies":[{"embeddable":true,"href":"https:\/\/diparsa.com\/es\/wp-json\/wp\/v2\/comments?post=120"}],"version-history":[{"count":0,"href":"https:\/\/diparsa.com\/es\/wp-json\/wp\/v2\/pages\/120\/revisions"}],"wp:attachment":[{"href":"https:\/\/diparsa.com\/es\/wp-json\/wp\/v2\/media?parent=120"}],"curies":[{"name":"wp","href":"https:\/\/api.w.org\/{rel}","templated":true}]}}