{"id":125,"date":"2024-11-02T09:35:54","date_gmt":"2024-11-02T09:35:54","guid":{"rendered":"https:\/\/diparsa.com\/?page_id=125"},"modified":"2024-11-02T09:35:54","modified_gmt":"2024-11-02T09:35:54","slug":"ganaderia","status":"publish","type":"page","link":"https:\/\/diparsa.com\/es\/ganaderia\/","title":{"rendered":"Ganader\u00eda"},"content":{"rendered":"<p>[et_pb_section fb_built=\u00bb1&#8243; _builder_version=\u00bb4.27.2&#8243; _module_preset=\u00bbdefault\u00bb global_colors_info=\u00bb{}\u00bb locked=\u00bboff\u00bb theme_builder_area=\u00bbpost_content\u00bb][et_pb_row column_structure=\u00bb1_2,1_2&#8243; _builder_version=\u00bb4.27.2&#8243; _module_preset=\u00bbdefault\u00bb global_colors_info=\u00bb{}\u00bb theme_builder_area=\u00bbpost_content\u00bb][et_pb_column type=\u00bb1_2&#8243; _builder_version=\u00bb4.27.2&#8243; _module_preset=\u00bbdefault\u00bb global_colors_info=\u00bb{}\u00bb theme_builder_area=\u00bbpost_content\u00bb][et_pb_image src=\u00bbhttps:\/\/diparsa.com\/wp-content\/uploads\/2024\/11\/img-serveis-ganaderia-1.jpg\u00bb title_text=\u00bbimg-serveis-ganaderia (1)\u00bb _builder_version=\u00bb4.27.2&#8243; _module_preset=\u00bbdefault\u00bb custom_padding=\u00bb63px|||||\u00bb hover_enabled=\u00bb0&#8243; global_colors_info=\u00bb{}\u00bb theme_builder_area=\u00bbpost_content\u00bb sticky_enabled=\u00bb0&#8243;][\/et_pb_image][\/et_pb_column][et_pb_column type=\u00bb1_2&#8243; _builder_version=\u00bb4.27.2&#8243; _module_preset=\u00bbdefault\u00bb global_colors_info=\u00bb{}\u00bb theme_builder_area=\u00bbpost_content\u00bb][et_pb_text _builder_version=\u00bb4.27.2&#8243; _module_preset=\u00bbdefault\u00bb hover_enabled=\u00bb0&#8243; global_colors_info=\u00bb{}\u00bb theme_builder_area=\u00bbpost_content\u00bb sticky_enabled=\u00bb0&#8243;]<\/p>\n<h2 class=\"title1 upper\"><span>GANADER\u00cdA<\/span><\/h2>\n<p class=\"text-justify\"><span>El agua es un nutriente importante en la alimentaci\u00f3n animal, ya que tiene una incidencia directa en los ciclos biol\u00f3gicos y es determinante para mantener unas constantes fisiol\u00f3gicas adecuadas. Adem\u00e1s, sirve como veh\u00edculo de nutrientes, tiene un papel fundamental en la regulaci\u00f3n de la temperatura corporal y act\u00faa como \u201clubricante\u201d en las articulaciones del esqueleto.<\/span><\/p>\n<p><span>La calidad del agua es de vital importancia en las explotaciones ganaderas, ya que afecta a la productividad y sanidad de los animales y todos los alimentos con los que entran en contacto.<\/span><\/p>\n<p><span>Conocer y controlar los par\u00e1metros microbiol\u00f3gicos y f\u00edsico-qu\u00edmicos del agua destinada a la bebida de los animales es una pr\u00e1ctica eficaz para aplicar el tratamiento adecuado y disponer de un agua de calidad en la explotaci\u00f3n, repercutiendo directamente en una mejor calidad de nutrientes.<\/span><\/p>\n<p>[\/et_pb_text][\/et_pb_column][\/et_pb_row][et_pb_row _builder_version=\u00bb4.27.2&#8243; _module_preset=\u00bbdefault\u00bb custom_padding=\u00bb||0px|||\u00bb global_colors_info=\u00bb{}\u00bb theme_builder_area=\u00bbpost_content\u00bb][et_pb_column type=\u00bb4_4&#8243; _builder_version=\u00bb4.27.2&#8243; _module_preset=\u00bbdefault\u00bb global_colors_info=\u00bb{}\u00bb theme_builder_area=\u00bbpost_content\u00bb][et_pb_heading title=\u00bbTratamiento de agua en ganader\u00eda:\u00bb _builder_version=\u00bb4.27.2&#8243; _module_preset=\u00bbdefault\u00bb title_font_size=\u00bb23px\u00bb hover_enabled=\u00bb0&#8243; global_colors_info=\u00bb{}\u00bb theme_builder_area=\u00bbpost_content\u00bb sticky_enabled=\u00bb0&#8243;][\/et_pb_heading][\/et_pb_column][\/et_pb_row][et_pb_row column_structure=\u00bb1_2,1_2&#8243; _builder_version=\u00bb4.27.2&#8243; _module_preset=\u00bbdefault\u00bb global_colors_info=\u00bb{}\u00bb theme_builder_area=\u00bbpost_content\u00bb][et_pb_column type=\u00bb1_2&#8243; _builder_version=\u00bb4.27.2&#8243; _module_preset=\u00bbdefault\u00bb global_colors_info=\u00bb{}\u00bb theme_builder_area=\u00bbpost_content\u00bb][et_pb_text _builder_version=\u00bb4.27.2&#8243; _module_preset=\u00bbdefault\u00bb hover_enabled=\u00bb0&#8243; global_colors_info=\u00bb{}\u00bb theme_builder_area=\u00bbpost_content\u00bb sticky_enabled=\u00bb0&#8243;]<\/p>\n<ul>\n<li><span><span>An\u00e1lisis microbiol\u00f3gico y f\u00edsico-qu\u00edmico del agua a tratar para suministro.<\/span><\/span><\/li>\n<li><span><span>Bombas sumergibles.<\/span><\/span><\/li>\n<li><span><span>Dosificaci\u00f3n.<\/span><\/span><\/li>\n<li><span><span>Desinfecci\u00f3n.<\/span><\/span><\/li>\n<li><span><span>Filtraci\u00f3n.<\/span><\/span><\/li>\n<li><span><span>Floculaci\u00f3n.<\/span><\/span><\/li>\n<li><span><span>Dep\u00f3sitos acumuladores.<\/span><\/span><\/li>\n<\/ul>\n<p>[\/et_pb_text][\/et_pb_column][et_pb_column type=\u00bb1_2&#8243; _builder_version=\u00bb4.27.2&#8243; _module_preset=\u00bbdefault\u00bb global_colors_info=\u00bb{}\u00bb theme_builder_area=\u00bbpost_content\u00bb][et_pb_text _builder_version=\u00bb4.27.2&#8243; _module_preset=\u00bbdefault\u00bb hover_enabled=\u00bb0&#8243; global_colors_info=\u00bb{}\u00bb theme_builder_area=\u00bbpost_content\u00bb sticky_enabled=\u00bb0&#8243;]<\/p>\n<section class=\"content_section\">\n<div class=\"content row_spacer\">\n<section class=\"content_section bg_white\">\n<div class=\"content row_spacer clearfix\">\n<div class=\"col-md-6\">\n<ul class=\"list3 clearfix\">\n<li><span><span>Bombas con paneles solares eco-amigables.<\/span><\/span><\/li>\n<li><span><span>Eliminaci\u00f3n de olores, sabores y sustancias nocivas.<\/span><\/span><\/li>\n<li><span><span>Cuadros el\u00e9ctricos y electr\u00f3nicos de automatismo personalizados.<\/span><\/span><\/li>\n<li><span><span>BioWater System tratamiento sin qu\u00edmico, biol\u00f3gico totalmente ecol\u00f3gico.<\/span><\/span><\/li>\n<\/ul>\n<\/div>\n<\/div>\n<\/section>\n<\/div>\n<\/section>\n<p>[\/et_pb_text][\/et_pb_column][\/et_pb_row][\/et_pb_section]<\/p>\n","protected":false},"excerpt":{"rendered":"<p>GANADER\u00cdA El agua es un nutriente importante en la alimentaci\u00f3n animal, ya que tiene una incidencia directa en los ciclos biol\u00f3gicos y es determinante para mantener unas constantes fisiol\u00f3gicas adecuadas. Adem\u00e1s, sirve como veh\u00edculo de nutrientes, tiene un papel fundamental en la regulaci\u00f3n de la temperatura corporal y act\u00faa como \u201clubricante\u201d en las articulaciones del [&hellip;]<\/p>\n","protected":false},"author":1,"featured_media":0,"parent":0,"menu_order":0,"comment_status":"closed","ping_status":"closed","template":"","meta":{"_et_pb_use_builder":"on","_et_pb_old_content":"","_et_gb_content_width":"","footnotes":""},"class_list":["post-125","page","type-page","status-publish","hentry"],"_links":{"self":[{"href":"https:\/\/diparsa.com\/es\/wp-json\/wp\/v2\/pages\/125","targetHints":{"allow":["GET"]}}],"collection":[{"href":"https:\/\/diparsa.com\/es\/wp-json\/wp\/v2\/pages"}],"about":[{"href":"https:\/\/diparsa.com\/es\/wp-json\/wp\/v2\/types\/page"}],"author":[{"embeddable":true,"href":"https:\/\/diparsa.com\/es\/wp-json\/wp\/v2\/users\/1"}],"replies":[{"embeddable":true,"href":"https:\/\/diparsa.com\/es\/wp-json\/wp\/v2\/comments?post=125"}],"version-history":[{"count":0,"href":"https:\/\/diparsa.com\/es\/wp-json\/wp\/v2\/pages\/125\/revisions"}],"wp:attachment":[{"href":"https:\/\/diparsa.com\/es\/wp-json\/wp\/v2\/media?parent=125"}],"curies":[{"name":"wp","href":"https:\/\/api.w.org\/{rel}","templated":true}]}}