{"id":130,"date":"2024-11-02T09:38:08","date_gmt":"2024-11-02T09:38:08","guid":{"rendered":"https:\/\/diparsa.com\/?page_id=130"},"modified":"2024-12-16T10:37:24","modified_gmt":"2024-12-16T10:37:24","slug":"tratamiento-de-agua-en-agricultura","status":"publish","type":"page","link":"https:\/\/diparsa.com\/es\/tratamiento-de-agua-en-agricultura\/","title":{"rendered":"Tratamiento de Agua en Agricultura"},"content":{"rendered":"<p>[et_pb_section fb_built=\u00bb1&#8243; _builder_version=\u00bb4.27.2&#8243; _module_preset=\u00bbdefault\u00bb locked=\u00bboff\u00bb global_colors_info=\u00bb{}\u00bb][et_pb_row _builder_version=\u00bb4.27.3&#8243; _module_preset=\u00bbdefault\u00bb locked=\u00bboff\u00bb global_colors_info=\u00bb{}\u00bb][et_pb_column type=\u00bb4_4&#8243; _builder_version=\u00bb4.27.3&#8243; _module_preset=\u00bbdefault\u00bb global_colors_info=\u00bb{}\u00bb][et_pb_heading title=\u00bbTratamiento de Agua en Agricultura\u00bb _builder_version=\u00bb4.27.4&#8243; _module_preset=\u00bbdefault\u00bb title_level=\u00bbh1&#8243; global_colors_info=\u00bb{}\u00bb][\/et_pb_heading][\/et_pb_column][\/et_pb_row][et_pb_row column_structure=\u00bb1_2,1_2&#8243; _builder_version=\u00bb4.27.2&#8243; _module_preset=\u00bbdefault\u00bb global_colors_info=\u00bb{}\u00bb][et_pb_column type=\u00bb1_2&#8243; _builder_version=\u00bb4.27.2&#8243; _module_preset=\u00bbdefault\u00bb global_colors_info=\u00bb{}\u00bb][et_pb_image src=\u00bbhttps:\/\/diparsa.com\/wp-content\/uploads\/2024\/11\/img-serveis-agricultura-1.jpg\u00bb alt=\u00bbtratamiento de agua en agricultura\u00bb title_text=\u00bbtratamiento de agua en agricultura\u00bb _builder_version=\u00bb4.27.4&#8243; _module_preset=\u00bbdefault\u00bb custom_padding=\u00bb1px|||||\u00bb hover_enabled=\u00bb0&#8243; global_colors_info=\u00bb{}\u00bb sticky_enabled=\u00bb0&#8243;][\/et_pb_image][\/et_pb_column][et_pb_column type=\u00bb1_2&#8243; _builder_version=\u00bb4.27.2&#8243; _module_preset=\u00bbdefault\u00bb global_colors_info=\u00bb{}\u00bb][et_pb_text _builder_version=\u00bb4.27.4&#8243; _module_preset=\u00bbdefault\u00bb global_colors_info=\u00bb{}\u00bb]<\/p>\n<p class=\"text-justify\"><span style=\"font-size: 16px; font-family: var(--et_global_body_font),serif; font-weight: var(--et_global_body_font_weight);\">Una buena calidad del agua para el riego es decisiva para la producci\u00f3n y obtener buenos nutrientes en la agricultura as\u00ed como un buen mantenimiento del suelo para su productividad.<\/span><span><\/span><\/p>\n<p><span>La importancia del agua en agricultura reside en que muchos de los campos de cultivo no son solo para la alimentaci\u00f3n directa del ser humano sino que tambi\u00e9n sirven de alimento para animales que consumimos y debe ser de excelente calidad.<\/span><\/p>\n<p><span>Desde la investigaci\u00f3n se trabaja para conocer con precisi\u00f3n las necesidades de agua de los cultivos, para obtener el mejor resultado de las tecnolog\u00edas de riego disponibles, y para desarrollar nuevas tecnolog\u00edas capaces de mejorar la aplicaci\u00f3n del agua.<\/span><\/p>\n<p>[\/et_pb_text][\/et_pb_column][\/et_pb_row][et_pb_row _builder_version=\u00bb4.27.2&#8243; _module_preset=\u00bbdefault\u00bb custom_padding=\u00bb||0px|||\u00bb global_colors_info=\u00bb{}\u00bb][et_pb_column type=\u00bb4_4&#8243; _builder_version=\u00bb4.27.2&#8243; _module_preset=\u00bbdefault\u00bb global_colors_info=\u00bb{}\u00bb][et_pb_heading title=\u00bbTratamiento de agua en agricultura:\u00bb _builder_version=\u00bb4.27.4&#8243; _module_preset=\u00bbdefault\u00bb title_font_size=\u00bb23px\u00bb global_colors_info=\u00bb{}\u00bb][\/et_pb_heading][\/et_pb_column][\/et_pb_row][et_pb_row column_structure=\u00bb1_2,1_2&#8243; _builder_version=\u00bb4.27.2&#8243; _module_preset=\u00bbdefault\u00bb global_colors_info=\u00bb{}\u00bb][et_pb_column type=\u00bb1_2&#8243; _builder_version=\u00bb4.27.2&#8243; _module_preset=\u00bbdefault\u00bb global_colors_info=\u00bb{}\u00bb][et_pb_text _builder_version=\u00bb4.27.2&#8243; _module_preset=\u00bbdefault\u00bb global_colors_info=\u00bb{}\u00bb]<\/p>\n<ul>\n<li><span><span>An\u00e1lisis microbiol\u00f3gico y f\u00edsico-qu\u00edmico del agua a tratar para suministro.<\/span><\/span><\/li>\n<li><span><span>Bombas sumergibles.<\/span><\/span><\/li>\n<li><span><span>Dosificaci\u00f3n.<\/span><\/span><\/li>\n<li><span><span>Desinfecci\u00f3n.<\/span><\/span><\/li>\n<li><span><span>Filtraci\u00f3n.<\/span><\/span><\/li>\n<li><span><span>Dep\u00f3sitos acumuladores.<\/span><\/span><\/li>\n<\/ul>\n<p>[\/et_pb_text][\/et_pb_column][et_pb_column type=\u00bb1_2&#8243; _builder_version=\u00bb4.27.2&#8243; _module_preset=\u00bbdefault\u00bb global_colors_info=\u00bb{}\u00bb][et_pb_text _builder_version=\u00bb4.27.2&#8243; _module_preset=\u00bbdefault\u00bb global_colors_info=\u00bb{}\u00bb]<\/p>\n<section class=\"content_section\">\n<div class=\"content row_spacer\">\n<section class=\"content_section bg_white\">\n<div class=\"content row_spacer clearfix\">\n<div class=\"col-md-6\">\n<ul class=\"list3 clearfix\">\n<li><span><span>Bombas con paneles solares eco-amigables.<\/span><\/span><\/li>\n<li><span><span>Eliminaci\u00f3n de olores, sabores y sustancias nocivas.<\/span><\/span><\/li>\n<li><span><span>Cuadros el\u00e9ctricos y electr\u00f3nicos de automatismo personalizados.<\/span><\/span><\/li>\n<li><span><span>BioWater System tratamiento sin qu\u00edmico, biol\u00f3gico totalmente ecol\u00f3gico.<\/span><\/span><\/li>\n<\/ul>\n<\/div>\n<\/div>\n<\/section>\n<\/div>\n<\/section>\n<p>[\/et_pb_text][\/et_pb_column][\/et_pb_row][\/et_pb_section]<\/p>\n","protected":false},"excerpt":{"rendered":"<p>Una buena calidad del agua para el riego es decisiva para la producci\u00f3n y obtener buenos nutrientes en la agricultura as\u00ed como un buen mantenimiento del suelo para su productividad. La importancia del agua en agricultura reside en que muchos de los campos de cultivo no son solo para la alimentaci\u00f3n directa del ser humano [&hellip;]<\/p>\n","protected":false},"author":1,"featured_media":0,"parent":0,"menu_order":0,"comment_status":"closed","ping_status":"closed","template":"","meta":{"_et_pb_use_builder":"on","_et_pb_old_content":"","_et_gb_content_width":"","footnotes":""},"class_list":["post-130","page","type-page","status-publish","hentry"],"_links":{"self":[{"href":"https:\/\/diparsa.com\/es\/wp-json\/wp\/v2\/pages\/130","targetHints":{"allow":["GET"]}}],"collection":[{"href":"https:\/\/diparsa.com\/es\/wp-json\/wp\/v2\/pages"}],"about":[{"href":"https:\/\/diparsa.com\/es\/wp-json\/wp\/v2\/types\/page"}],"author":[{"embeddable":true,"href":"https:\/\/diparsa.com\/es\/wp-json\/wp\/v2\/users\/1"}],"replies":[{"embeddable":true,"href":"https:\/\/diparsa.com\/es\/wp-json\/wp\/v2\/comments?post=130"}],"version-history":[{"count":0,"href":"https:\/\/diparsa.com\/es\/wp-json\/wp\/v2\/pages\/130\/revisions"}],"wp:attachment":[{"href":"https:\/\/diparsa.com\/es\/wp-json\/wp\/v2\/media?parent=130"}],"curies":[{"name":"wp","href":"https:\/\/api.w.org\/{rel}","templated":true}]}}