{"id":139,"date":"2024-11-02T09:43:13","date_gmt":"2024-11-02T09:43:13","guid":{"rendered":"https:\/\/diparsa.com\/?page_id=139"},"modified":"2025-01-10T08:35:06","modified_gmt":"2025-01-10T08:35:06","slug":"tratamiento-de-agua-de-pozo","status":"publish","type":"page","link":"https:\/\/diparsa.com\/es\/tratamiento-de-agua-de-pozo\/","title":{"rendered":"Tratamiento de Agua de Pozo"},"content":{"rendered":"<p>[et_pb_section fb_built=\u00bb1&#8243; _builder_version=\u00bb4.27.2&#8243; _module_preset=\u00bbdefault\u00bb locked=\u00bboff\u00bb global_colors_info=\u00bb{}\u00bb][et_pb_row _builder_version=\u00bb4.27.3&#8243; _module_preset=\u00bbdefault\u00bb global_colors_info=\u00bb{}\u00bb][et_pb_column type=\u00bb4_4&#8243; _builder_version=\u00bb4.27.3&#8243; _module_preset=\u00bbdefault\u00bb global_colors_info=\u00bb{}\u00bb][et_pb_heading title=\u00bbTratamiento de Agua de Pozo\u00bb _builder_version=\u00bb4.27.3&#8243; _module_preset=\u00bbdefault\u00bb title_level=\u00bbh1&#8243; global_colors_info=\u00bb{}\u00bb][\/et_pb_heading][\/et_pb_column][\/et_pb_row][et_pb_row column_structure=\u00bb1_2,1_2&#8243; _builder_version=\u00bb4.27.2&#8243; _module_preset=\u00bbdefault\u00bb global_colors_info=\u00bb{}\u00bb][et_pb_column type=\u00bb1_2&#8243; _builder_version=\u00bb4.27.2&#8243; _module_preset=\u00bbdefault\u00bb global_colors_info=\u00bb{}\u00bb][et_pb_image src=\u00bbhttps:\/\/diparsa.com\/wp-content\/uploads\/2025\/01\/img-serveis-pozos.webp\u00bb alt=\u00bbTratamiento de agua de pozo\u00bb title_text=\u00bbTratamiento de agua de pozo\u00bb _builder_version=\u00bb4.27.4&#8243; _module_preset=\u00bbdefault\u00bb custom_padding=\u00bb14px|||||\u00bb hover_enabled=\u00bb0&#8243; global_colors_info=\u00bb{}\u00bb sticky_enabled=\u00bb0&#8243;][\/et_pb_image][\/et_pb_column][et_pb_column type=\u00bb1_2&#8243; _builder_version=\u00bb4.27.2&#8243; _module_preset=\u00bbdefault\u00bb global_colors_info=\u00bb{}\u00bb][et_pb_text _builder_version=\u00bb4.27.4&#8243; _module_preset=\u00bbdefault\u00bb header_font_size=\u00bb68px\u00bb custom_padding=\u00bb6px|||||\u00bb global_colors_info=\u00bb{}\u00bb]<\/p>\n<p><span>Es vital tener un tratamiento de agua de pozo ya que el agua proveniente de estos no suele ser potable ni saludable para su uso dom\u00e9stico ni tampoco para usos agr\u00edcolas, ganaderos o industriales debido a sus elevadas cantidades de part\u00edculas en suspensi\u00f3n, metales pesados \u200b\u200by bacterias.<\/span><\/p>\n<p><span>Para <a href=\"https:\/\/aguapotable.info\/parametros-agua-potable-espana\/\" target=\"_blank\" rel=\"noopener\">potabilizar el agua en pozos<\/a> se realiza un an\u00e1lisis de agua completo, para ver los par\u00e1metros que marcan de calidad microbiol\u00f3gica y qu\u00edmica ( si hay presencia de coliformes,nitratos,nitritos, hierro, manganeso,sulfatos,dureza,\u2026 \u200b\u200b) una vez determinada <span style=\"text-decoration: underline;\"><strong><a href=\"https:\/\/diparsa.com\/contacto\/\">ofrecemos una soluci\u00f3n personalizada<\/a><\/strong><\/span> a tus necesidades y los equipos necesarios en cada caso, para poder tener agua potable para su consumo directo del pozo. <\/span><\/p>\n<p><span>A continuaci\u00f3n los explicamos en detalle.<\/span><\/p>\n<p>[\/et_pb_text][\/et_pb_column][\/et_pb_row][et_pb_row _builder_version=\u00bb4.27.3&#8243; _module_preset=\u00bbdefault\u00bb global_colors_info=\u00bb{}\u00bb][et_pb_column type=\u00bb4_4&#8243; _builder_version=\u00bb4.27.3&#8243; _module_preset=\u00bbdefault\u00bb global_colors_info=\u00bb{}\u00bb][et_pb_heading title=\u00bbTratamiento y potabilizaci\u00f3n de agua de pozo\u00bb _builder_version=\u00bb4.27.3&#8243; _module_preset=\u00bbdefault\u00bb title_font_size=\u00bb26px\u00bb global_colors_info=\u00bb{}\u00bb][\/et_pb_heading][et_pb_heading title=\u00bbPara peque\u00f1os y grandes caudales\u00bb _builder_version=\u00bb4.27.3&#8243; _module_preset=\u00bbdefault\u00bb title_level=\u00bbh3&#8243; title_font_size=\u00bb22px\u00bb title_font_size_phone=\u00bb18px\u00bb global_colors_info=\u00bb{}\u00bb][\/et_pb_heading][et_pb_text _builder_version=\u00bb4.27.3&#8243; _module_preset=\u00bbdefault\u00bb global_colors_info=\u00bb{}\u00bb]<\/p>\n<p><span style=\"font-weight: 400;\">El agua subterr\u00e1nea que proviene de los pozos que se ha filtrado de forma natural en el subsuelo, muchas veces no suele ser potable ni saludable para sus necesidades dom\u00e9sticas ( agua de boca ) ni tampoco para usos agr\u00edcolas, para ganader\u00eda o industrial debido sus elevadas cantidades de part\u00edculas en suspensi\u00f3n, metales pesados y bacterias.<\/span><\/p>\n<p>[\/et_pb_text][\/et_pb_column][\/et_pb_row][et_pb_row _builder_version=\u00bb4.27.3&#8243; _module_preset=\u00bbdefault\u00bb global_colors_info=\u00bb{}\u00bb][et_pb_column type=\u00bb4_4&#8243; _builder_version=\u00bb4.27.3&#8243; _module_preset=\u00bbdefault\u00bb global_colors_info=\u00bb{}\u00bb][et_pb_heading title=\u00bb\u00bfToda agua de pozo se puede tratar y potabilizar para su consumo ?\u00bb _builder_version=\u00bb4.27.3&#8243; _module_preset=\u00bbdefault\u00bb title_level=\u00bbh3&#8243; title_font_size=\u00bb22px\u00bb title_font_size_phone=\u00bb18px\u00bb global_colors_info=\u00bb{}\u00bb][\/et_pb_heading][et_pb_text _builder_version=\u00bb4.27.3&#8243; _module_preset=\u00bbdefault\u00bb global_colors_info=\u00bb{}\u00bb]<\/p>\n<p><span style=\"font-weight: 400;\">S\u00ed, toda agua de pozo puede tratarse y potabilizarse.<\/span><\/p>\n<p>[\/et_pb_text][\/et_pb_column][\/et_pb_row][et_pb_row _builder_version=\u00bb4.27.3&#8243; _module_preset=\u00bbdefault\u00bb global_colors_info=\u00bb{}\u00bb][et_pb_column type=\u00bb4_4&#8243; _builder_version=\u00bb4.27.3&#8243; _module_preset=\u00bbdefault\u00bb global_colors_info=\u00bb{}\u00bb][et_pb_heading title=\u00bb\u00bfQu\u00e9 pasos hay que seguir para  el tratamiento de agua de pozo ?\u00bb _builder_version=\u00bb4.27.3&#8243; _module_preset=\u00bbdefault\u00bb title_level=\u00bbh3&#8243; title_font_size=\u00bb22px\u00bb title_font_size_phone=\u00bb18px\u00bb global_colors_info=\u00bb{}\u00bb][\/et_pb_heading][et_pb_text _builder_version=\u00bb4.27.3&#8243; _module_preset=\u00bbdefault\u00bb global_colors_info=\u00bb{}\u00bb]<\/p>\n<p><span style=\"font-weight: 400;\">El primer paso es hacer un an\u00e1lisis para conocer la calidad y par\u00e1metros f\u00edsico qu\u00edmicos del agua del pozo, este an\u00e1lisis lo hace siempre un laboratorio certificado al que le pediremos los valores que consideremos oportunos en funci\u00f3n de su geograf\u00eda, origen, necesidades\u00a0 y uso final de la misma.<\/span><\/p>\n<p><span style=\"font-weight: 400;\">Una vez tenemos los resultados\u00a0 y\u00a0 conocemos las caracter\u00edsticas del agua, se realiza una visita\/consulta por parte de nuestro equipo de proyectos para conocer todas las necesidades h\u00eddricas\u00a0 y ofrecer la mejor soluci\u00f3n a su medida.<\/span><\/p>\n<p><span style=\"font-weight: 400;\">\u00a0Una vez se acepta el proyecto le ofrecemos la tranquilidad de contar nuestro Servicio de Atenci\u00f3n T\u00e9cnica para la instalaci\u00f3n de los equipos.<\/span><\/p>\n<p><span style=\"font-weight: 400;\">El tratamiento de agua de consumo est\u00e1 siempre sujeto al Real Decreto 3\/2023 por el que se establecen los criterios t\u00e9cnico-sanitarios de la calidad del agua de consumo, su control y suministro.<\/span><\/p>\n<p>[\/et_pb_text][\/et_pb_column][\/et_pb_row][et_pb_row _builder_version=\u00bb4.27.3&#8243; _module_preset=\u00bbdefault\u00bb global_colors_info=\u00bb{}\u00bb][et_pb_column type=\u00bb4_4&#8243; _builder_version=\u00bb4.27.3&#8243; _module_preset=\u00bbdefault\u00bb global_colors_info=\u00bb{}\u00bb][et_pb_heading title=\u00bbUn tratamiento de agua de pozo adecuado garantiza:\u00bb _builder_version=\u00bb4.27.3&#8243; _module_preset=\u00bbdefault\u00bb title_level=\u00bbh3&#8243; title_font_size=\u00bb22px\u00bb title_font_size_phone=\u00bb18px\u00bb global_colors_info=\u00bb{}\u00bb][\/et_pb_heading][et_pb_text _builder_version=\u00bb4.27.3&#8243; _module_preset=\u00bbdefault\u00bb global_colors_info=\u00bb{}\u00bb]<\/p>\n<ul>\n<li><span style=\"font-weight: 400;\">Agua Segura y Saludable: L<\/span><span style=\"font-weight: 400;\">ibre de contaminantes perjudiciales.<\/span><\/li>\n<li><span style=\"font-weight: 400;\">Protecci\u00f3n de Instalaciones: Prevenci\u00f3n de da\u00f1os en tuber\u00edas y equipos.<br \/><\/span><\/li>\n<li>\n<p><span style=\"font-weight: 400;\">Cumplimiento Normativo<\/span><span style=\"font-weight: 400;\">: Asegurando que el agua cumple siempre con los est\u00e1ndares legales vigentes.<\/span><\/p>\n<\/li>\n<\/ul>\n<p>&nbsp;<\/p>\n<p>[\/et_pb_text][\/et_pb_column][\/et_pb_row][et_pb_row _builder_version=\u00bb4.27.3&#8243; _module_preset=\u00bbdefault\u00bb global_colors_info=\u00bb{}\u00bb][et_pb_column type=\u00bb4_4&#8243; _builder_version=\u00bb4.27.3&#8243; _module_preset=\u00bbdefault\u00bb global_colors_info=\u00bb{}\u00bb][et_pb_text _builder_version=\u00bb4.27.3&#8243; _module_preset=\u00bbdefault\u00bb global_colors_info=\u00bb{}\u00bb]<\/p>\n<p><span style=\"font-weight: 400;\">El agua de un pozo puede presentar much\u00edsimas caracter\u00edsticas y cada agua es \u00fanica, a continuaci\u00f3n mostramos dos tipos de tratamiento de agua de pozo de los muchos que realizamos:<\/span><\/p>\n<p>[\/et_pb_text][\/et_pb_column][\/et_pb_row][et_pb_row column_structure=\u00bb1_2,1_2&#8243; _builder_version=\u00bb4.27.3&#8243; _module_preset=\u00bbdefault\u00bb global_colors_info=\u00bb{}\u00bb][et_pb_column type=\u00bb1_2&#8243; _builder_version=\u00bb4.27.3&#8243; _module_preset=\u00bbdefault\u00bb global_colors_info=\u00bb{}\u00bb][et_pb_heading title=\u00bb1. Tratamiento de agua de pozo con presencia de hierro y manganeso \u00bb _builder_version=\u00bb4.27.3&#8243; _module_preset=\u00bbdefault\u00bb title_level=\u00bbh4&#8243; title_font_size=\u00bb18px\u00bb global_colors_info=\u00bb{}\u00bb][\/et_pb_heading][et_pb_text _builder_version=\u00bb4.27.3&#8243; _module_preset=\u00bbdefault\u00bb global_colors_info=\u00bb{}\u00bb]<\/p>\n<p><span style=\"font-weight: 400;\">Su presencia en el agua en peque\u00f1as concentraciones normalmente no representa un peligro para la salud\u00a0 (m\u00e1s adelante indicamos los par\u00e1metros permitidos) no obstante pueden ser una fuente de problemas para el suministro ya que acostumbran a dar al agua un sabor, color y olor no deseables, as\u00ed como afectar a las tuber\u00edas de agua.<\/span><\/p>\n<p><span style=\"font-weight: 400;\">Los dos dan un fuerte sabor met\u00e1lico al agua y provocan muchas manchas.<\/span><\/p>\n<p><span style=\"font-weight: 400;\">Puede parecer muchas veces incolora, pero las part\u00edculas de color marr\u00f3n anaranjado ( hierro ) o negro ( manganeso ) salen r\u00e1pidamente a medida que se exponen al oxigeno.<\/span><\/p>\n<p><b>De acuerdo con el Real Decreto 3\/2023 el hierro no debe superar los 200 ug\/l y el manganeso los 50 ug\/l<\/b><span style=\"font-weight: 400;\"> , cuando haya niveles superiores de los mismos en el agua son necesarias medidas correctoras de r\u00e1pida aplicaci\u00f3n.<\/span><\/p>\n<p><span style=\"font-weight: 400;\">Un buen tratamiento de agua elimina completamente el hierro y el manganeso y deja el agua preparada para su consumo.<\/span><\/p>\n<p>[\/et_pb_text][\/et_pb_column][et_pb_column type=\u00bb1_2&#8243; _builder_version=\u00bb4.27.3&#8243; _module_preset=\u00bbdefault\u00bb global_colors_info=\u00bb{}\u00bb][et_pb_image src=\u00bbhttps:\/\/diparsa.com\/wp-content\/uploads\/2024\/11\/Tractament-daigua-amb-ferro-i-manganes-scaled.jpg\u00bb alt=\u00bbtratamiento de agua con hierro y magnesio\u00bb title_text=\u00bbtratamiento de agua con hierro y magnesio\u00bb _builder_version=\u00bb4.27.3&#8243; _module_preset=\u00bbdefault\u00bb custom_margin=\u00bb33px||||false|false\u00bb custom_margin_tablet=\u00bb33px||||false|false\u00bb custom_margin_phone=\u00bb0px||||false|false\u00bb custom_margin_last_edited=\u00bbon|phone\u00bb custom_padding=\u00bb34px|||||\u00bb global_colors_info=\u00bb{}\u00bb][\/et_pb_image][\/et_pb_column][\/et_pb_row][et_pb_row _builder_version=\u00bb4.27.3&#8243; _module_preset=\u00bbdefault\u00bb global_colors_info=\u00bb{}\u00bb][et_pb_column type=\u00bb4_4&#8243; _builder_version=\u00bb4.27.3&#8243; _module_preset=\u00bbdefault\u00bb global_colors_info=\u00bb{}\u00bb][et_pb_heading title=\u00bb2. Tratamiento de agua de pozo con nitratos\u00bb _builder_version=\u00bb4.27.3&#8243; _module_preset=\u00bbdefault\u00bb title_level=\u00bbh4&#8243; title_font_size=\u00bb18px\u00bb global_colors_info=\u00bb{}\u00bb][\/et_pb_heading][et_pb_text _builder_version=\u00bb4.27.3&#8243; _module_preset=\u00bbdefault\u00bb global_colors_info=\u00bb{}\u00bb]<\/p>\n<p><span style=\"font-weight: 400;\">Las fuentes responsables de la presencia de nitratos en las aguas subterr\u00e1neas se pueden dividir en tres grupos : origen natural, residual y agr\u00edcola.<\/span><\/p>\n<p><b>De acuerdo con el<\/b><strong><a href=\"https:\/\/www.boe.es\/buscar\/act.php?id=BOE-A-2023-628\" target=\"_blank\" rel=\"noopener\"> Real Decreto<\/a><\/strong><b> 3\/2023 los nitratos no deben superar los 50 mg\/l.<\/b><\/p>\n<p><span style=\"font-weight: 400;\">Las altas concentraciones de nitratos en el agua pueden rebajarse gracias al intercambio i\u00f3nico.<\/span><\/p>\n<p><span style=\"font-weight: 400;\">A la hora de elegir un equipo desnitrificador es muy importante disponer de un an\u00e1lisis completo del agua, ya que la concentraci\u00f3n y tipo de las otras sales presentes determinar\u00e1 su elecci\u00f3n.\u00a0<\/span><\/p>\n<p><span style=\"font-weight: 400;\">Como ya hemos comentado, esto son solo dos ejemplos de tipos de agua de pozo que tratamos<\/span><\/p>\n<p><span style=\"font-weight: 400;\">Tambi\u00e9n hacemos tratamientos de agua con presencia de : ars\u00e9nico, n\u00edquel, cobre, zinc,\u2026.. o de pozos que se han salinizado muchas veces debido a su proximidad con el mar<\/span><\/p>\n<p><span style=\"font-weight: 400;\">Los par\u00e1metros pueden ser muchos y variados y para todos ellos tenemos soluci\u00f3n.<\/span><\/p>\n<p>[\/et_pb_text][\/et_pb_column][\/et_pb_row][et_pb_row _builder_version=\u00bb4.27.2&#8243; _module_preset=\u00bbdefault\u00bb custom_padding=\u00bb||0px|||\u00bb global_colors_info=\u00bb{}\u00bb][et_pb_column type=\u00bb4_4&#8243; _builder_version=\u00bb4.27.2&#8243; _module_preset=\u00bbdefault\u00bb global_colors_info=\u00bb{}\u00bb][et_pb_heading title=\u00bb\u00bfQu\u00e9 te ofrecemos en el tratamiento de Agua de Pozo ?\u00bb _builder_version=\u00bb4.27.3&#8243; _module_preset=\u00bbdefault\u00bb title_font_size=\u00bb23px\u00bb global_colors_info=\u00bb{}\u00bb][\/et_pb_heading][\/et_pb_column][\/et_pb_row][et_pb_row _builder_version=\u00bb4.27.3&#8243; _module_preset=\u00bbdefault\u00bb custom_padding=\u00bb|6px||||\u00bb global_colors_info=\u00bb{}\u00bb][et_pb_column type=\u00bb4_4&#8243; _builder_version=\u00bb4.27.2&#8243; _module_preset=\u00bbdefault\u00bb global_colors_info=\u00bb{}\u00bb][et_pb_text _builder_version=\u00bb4.27.3&#8243; _module_preset=\u00bbdefault\u00bb global_colors_info=\u00bb{}\u00bb]<\/p>\n<ul>\n<li style=\"font-weight: 400;\" aria-level=\"1\"><span style=\"font-weight: 400;\">Asesoramiento t\u00e9cnico<\/span><b>\u00a0<\/b><span style=\"font-weight: 400;\">especializado<\/span><\/li>\n<li style=\"font-weight: 400;\" aria-level=\"1\"><span style=\"font-weight: 400;\">Colaboraci\u00f3n en el\u00a0desarrollo de proyectos.<\/span><\/li>\n<li style=\"font-weight: 400;\" aria-level=\"1\"><span style=\"font-weight: 400;\">Dise\u00f1o de\u00a0planos de instalaci\u00f3n.<\/span><\/li>\n<li style=\"font-weight: 400;\" aria-level=\"1\"><span style=\"font-weight: 400;\">C\u00e1lculos de\u00a0dimensionamiento hidr\u00e1ulico.<\/span><\/li>\n<li style=\"font-weight: 400;\" aria-level=\"1\"><span style=\"font-weight: 400;\">An\u00e1lisis y\u00a0diagn\u00f3stico<\/span><b>\u00a0<\/b><span style=\"font-weight: 400;\">de instalaciones existentes.<\/span><\/li>\n<li style=\"font-weight: 400;\" aria-level=\"1\"><span style=\"font-weight: 400;\">Apoyo t\u00e9cnico\u00a0de nuestro Servicio t\u00e9cnico oficial<\/span><span style=\"font-weight: 400;\">\u00a0<\/span><\/li>\n<\/ul>\n<p>[\/et_pb_text][\/et_pb_column][\/et_pb_row][et_pb_row _builder_version=\u00bb4.27.3&#8243; _module_preset=\u00bbdefault\u00bb global_colors_info=\u00bb{}\u00bb][et_pb_column type=\u00bb4_4&#8243; _builder_version=\u00bb4.27.3&#8243; _module_preset=\u00bbdefault\u00bb global_colors_info=\u00bb{}\u00bb][et_pb_text _builder_version=\u00bb4.27.3&#8243; _module_preset=\u00bbdefault\u00bb global_colors_info=\u00bb{}\u00bb]<\/p>\n<p style=\"text-align: center;\">Si tienes alguna duda puedes contactar con nosotros <span style=\"text-decoration: underline;\"><strong><a href=\"https:\/\/diparsa.com\/contacto\/\">aqu\u00ed<\/a> <\/strong><\/span>y te ofreceremos una soluci\u00f3n completamente personalizada.<\/p>\n<p>[\/et_pb_text][\/et_pb_column][\/et_pb_row][\/et_pb_section]<\/p>\n","protected":false},"excerpt":{"rendered":"<p>Es vital tener un tratamiento de agua de pozo ya que el agua proveniente de estos no suele ser potable ni saludable para su uso dom\u00e9stico ni tampoco para usos agr\u00edcolas, ganaderos o industriales debido a sus elevadas cantidades de part\u00edculas en suspensi\u00f3n, metales pesados \u200b\u200by bacterias. Para potabilizar el agua en pozos se realiza [&hellip;]<\/p>\n","protected":false},"author":1,"featured_media":0,"parent":0,"menu_order":0,"comment_status":"closed","ping_status":"closed","template":"","meta":{"_et_pb_use_builder":"on","_et_pb_old_content":"","_et_gb_content_width":"","footnotes":""},"class_list":["post-139","page","type-page","status-publish","hentry"],"_links":{"self":[{"href":"https:\/\/diparsa.com\/es\/wp-json\/wp\/v2\/pages\/139","targetHints":{"allow":["GET"]}}],"collection":[{"href":"https:\/\/diparsa.com\/es\/wp-json\/wp\/v2\/pages"}],"about":[{"href":"https:\/\/diparsa.com\/es\/wp-json\/wp\/v2\/types\/page"}],"author":[{"embeddable":true,"href":"https:\/\/diparsa.com\/es\/wp-json\/wp\/v2\/users\/1"}],"replies":[{"embeddable":true,"href":"https:\/\/diparsa.com\/es\/wp-json\/wp\/v2\/comments?post=139"}],"version-history":[{"count":0,"href":"https:\/\/diparsa.com\/es\/wp-json\/wp\/v2\/pages\/139\/revisions"}],"wp:attachment":[{"href":"https:\/\/diparsa.com\/es\/wp-json\/wp\/v2\/media?parent=139"}],"curies":[{"name":"wp","href":"https:\/\/api.w.org\/{rel}","templated":true}]}}