{"id":148,"date":"2024-11-02T09:52:38","date_gmt":"2024-11-02T09:52:38","guid":{"rendered":"https:\/\/diparsa.com\/?page_id=148"},"modified":"2025-05-12T10:06:44","modified_gmt":"2025-05-12T10:06:44","slug":"hogar","status":"publish","type":"page","link":"https:\/\/diparsa.com\/es\/hogar\/","title":{"rendered":"Hogar"},"content":{"rendered":"<p>[et_pb_section fb_built=\u00bb1&#8243; _builder_version=\u00bb4.27.2&#8243; _module_preset=\u00bbdefault\u00bb locked=\u00bboff\u00bb global_colors_info=\u00bb{}\u00bb][et_pb_row column_structure=\u00bb1_2,1_2&#8243; _builder_version=\u00bb4.27.2&#8243; _module_preset=\u00bbdefault\u00bb global_colors_info=\u00bb{}\u00bb][et_pb_column type=\u00bb1_2&#8243; _builder_version=\u00bb4.27.2&#8243; _module_preset=\u00bbdefault\u00bb global_colors_info=\u00bb{}\u00bb][et_pb_image src=\u00bbhttps:\/\/diparsa.com\/wp-content\/uploads\/2024\/11\/img-serveis-hogar.jpg\u00bb title_text=\u00bbimg-serveis-hogar\u00bb _builder_version=\u00bb4.27.2&#8243; _module_preset=\u00bbdefault\u00bb custom_padding=\u00bb63px|||||\u00bb global_colors_info=\u00bb{}\u00bb][\/et_pb_image][\/et_pb_column][et_pb_column type=\u00bb1_2&#8243; _builder_version=\u00bb4.27.2&#8243; _module_preset=\u00bbdefault\u00bb global_colors_info=\u00bb{}\u00bb][et_pb_text _builder_version=\u00bb4.27.2&#8243; _module_preset=\u00bbdefault\u00bb global_colors_info=\u00bb{}\u00bb]<\/p>\n<h2 class=\"title1 upper\"><span>HOGAR<\/span><\/h2>\n<p class=\"text-justify\"><span>En el apartado del uso y consumo del agua en el hogar, es primordial ofrecer a nuestros clientes una agua pura, sana y sin cargas, avanzando en la l\u00ednea de tener cada vez m\u00e1s hogares sostenibles, proporcionando el tratamiento de agua que mejor se ajusta a usted, su familia y su abastecimiento de agua, mediante un estudio totalmente personalizado adaptado a sus necesidades.<\/span><\/p>\n<p><span>Los ayuntamientos mantienen el buen estado del agua potable de la red, pero es dif\u00edcil controlar el trayecto del agua hasta llegar al consumo humano, debido a las condiciones de las tuber\u00edas en las que se arrastran sedimentos y materias, o la misma cloraci\u00f3n, que en algunos casos pueden llegar muy por debajo de los par\u00e1metros deseados, adquiriendo caracter\u00edsticas microbiol\u00f3gicas no aptas para una buena salubridad de la misma.<\/span><\/p>\n<p><span>Tener un hogar sano empieza por disponer de una agua de la mejor calidad.<\/span><\/p>\n<p>[\/et_pb_text][\/et_pb_column][\/et_pb_row][\/et_pb_section]<\/p>\n","protected":false},"excerpt":{"rendered":"<p>HOGAR En el apartado del uso y consumo del agua en el hogar, es primordial ofrecer a nuestros clientes una agua pura, sana y sin cargas, avanzando en la l\u00ednea de tener cada vez m\u00e1s hogares sostenibles, proporcionando el tratamiento de agua que mejor se ajusta a usted, su familia y su abastecimiento de agua, [&hellip;]<\/p>\n","protected":false},"author":1,"featured_media":0,"parent":0,"menu_order":0,"comment_status":"closed","ping_status":"closed","template":"","meta":{"_et_pb_use_builder":"on","_et_pb_old_content":"","_et_gb_content_width":"","footnotes":""},"class_list":["post-148","page","type-page","status-publish","hentry"],"_links":{"self":[{"href":"https:\/\/diparsa.com\/es\/wp-json\/wp\/v2\/pages\/148","targetHints":{"allow":["GET"]}}],"collection":[{"href":"https:\/\/diparsa.com\/es\/wp-json\/wp\/v2\/pages"}],"about":[{"href":"https:\/\/diparsa.com\/es\/wp-json\/wp\/v2\/types\/page"}],"author":[{"embeddable":true,"href":"https:\/\/diparsa.com\/es\/wp-json\/wp\/v2\/users\/1"}],"replies":[{"embeddable":true,"href":"https:\/\/diparsa.com\/es\/wp-json\/wp\/v2\/comments?post=148"}],"version-history":[{"count":0,"href":"https:\/\/diparsa.com\/es\/wp-json\/wp\/v2\/pages\/148\/revisions"}],"wp:attachment":[{"href":"https:\/\/diparsa.com\/es\/wp-json\/wp\/v2\/media?parent=148"}],"curies":[{"name":"wp","href":"https:\/\/api.w.org\/{rel}","templated":true}]}}