{"id":153,"date":"2024-11-02T09:54:48","date_gmt":"2024-11-02T09:54:48","guid":{"rendered":"https:\/\/diparsa.com\/?page_id=153"},"modified":"2025-02-12T10:06:03","modified_gmt":"2025-02-12T10:06:03","slug":"hoteles-campings-y-organismos-publicos","status":"publish","type":"page","link":"https:\/\/diparsa.com\/es\/hoteles-campings-y-organismos-publicos\/","title":{"rendered":"Hoteles, campings y organismos p\u00fablicos"},"content":{"rendered":"<p>[et_pb_section fb_built=\u00bb1&#8243; _builder_version=\u00bb4.27.2&#8243; _module_preset=\u00bbdefault\u00bb locked=\u00bboff\u00bb global_colors_info=\u00bb{}\u00bb][et_pb_row column_structure=\u00bb1_2,1_2&#8243; _builder_version=\u00bb4.27.2&#8243; _module_preset=\u00bbdefault\u00bb global_colors_info=\u00bb{}\u00bb][et_pb_column type=\u00bb1_2&#8243; _builder_version=\u00bb4.27.2&#8243; _module_preset=\u00bbdefault\u00bb global_colors_info=\u00bb{}\u00bb][et_pb_image src=\u00bbhttps:\/\/diparsa.com\/wp-content\/uploads\/2024\/11\/img-serveis-hoteles.jpg\u00bb title_text=\u00bbhoteles\u00bb _builder_version=\u00bb4.27.4&#8243; _module_preset=\u00bbdefault\u00bb custom_padding=\u00bb63px|||||\u00bb hover_enabled=\u00bb0&#8243; global_colors_info=\u00bb{}\u00bb alt=\u00bbhoteles\u00bb sticky_enabled=\u00bb0&#8243;][\/et_pb_image][\/et_pb_column][et_pb_column type=\u00bb1_2&#8243; _builder_version=\u00bb4.27.2&#8243; _module_preset=\u00bbdefault\u00bb global_colors_info=\u00bb{}\u00bb][et_pb_text _builder_version=\u00bb4.27.2&#8243; _module_preset=\u00bbdefault\u00bb global_colors_info=\u00bb{}\u00bb]<\/p>\n<h2 class=\"title1 upper\"><span>HOTELES, C\u00c1MPINGS Y ORGANISMOS P\u00daBLICOS<\/span><\/h2>\n<p class=\"text-justify\"><span>Siempre sujetos al Real Decreto 140\/2003 que establece en Espa\u00f1a, los criterios Sanitarios de la calidad del agua de consumo humano.<\/span><\/p>\n<p><span>El control de calidad del agua debe adaptarse a las necesidades de cada instalaci\u00f3n.<\/span><\/p>\n<p><span>Es imprescindible conocer el origen del agua y sus caracter\u00edsticas f\u00edsicas, qu\u00edmicas y bacteriol\u00f3gicas, as\u00ed como su posible microcontaminaci\u00f3n, despu\u00e9s de comparar estas caracter\u00edsticas con las que se requieren para un agua destinada al consumo humano.<\/span><\/p>\n<p><span>Efectuamos el estudio teniendo en cuenta todas las posibilidades y con una exigencia de seguridad de explotaci\u00f3n que garantiza en todo momento la entrega a suministro del agua de la mejor calidad.<\/span><\/p>\n<p><span>Tratamos con clientes de diferentes or\u00edgenes: hoteles, hospitales, cl\u00ednicas, centros tur\u00edsticos,\u2026 que necesitan agua potable para sus instalaciones, que requieren procesos de tratamiento de agua espec\u00edficos.<\/span><\/p>\n<p>[\/et_pb_text][\/et_pb_column][\/et_pb_row][et_pb_row _builder_version=\u00bb4.27.2&#8243; _module_preset=\u00bbdefault\u00bb custom_padding=\u00bb||0px|||\u00bb global_colors_info=\u00bb{}\u00bb][et_pb_column type=\u00bb4_4&#8243; _builder_version=\u00bb4.27.2&#8243; _module_preset=\u00bbdefault\u00bb global_colors_info=\u00bb{}\u00bb][et_pb_heading title=\u00bbTratamiento de agua en este apartado:\u00bb _builder_version=\u00bb4.27.2&#8243; _module_preset=\u00bbdefault\u00bb title_font_size=\u00bb23px\u00bb global_colors_info=\u00bb{}\u00bb][\/et_pb_heading][\/et_pb_column][\/et_pb_row][et_pb_row column_structure=\u00bb1_2,1_2&#8243; _builder_version=\u00bb4.27.2&#8243; _module_preset=\u00bbdefault\u00bb global_colors_info=\u00bb{}\u00bb][et_pb_column type=\u00bb1_2&#8243; _builder_version=\u00bb4.27.2&#8243; _module_preset=\u00bbdefault\u00bb global_colors_info=\u00bb{}\u00bb][et_pb_text _builder_version=\u00bb4.27.2&#8243; _module_preset=\u00bbdefault\u00bb global_colors_info=\u00bb{}\u00bb]<\/p>\n<ul>\n<li><span><span>An\u00e1lisis microbiol\u00f3gico y f\u00edsico-qu\u00edmico del agua a tratar para suministro.<\/span><\/span><\/li>\n<li><span><span>Descalcificaci\u00f3n.<\/span><\/span><\/li>\n<li><span><span>Declaraci\u00f3n.<\/span><\/span><\/li>\n<li><span><span>Filtraci\u00f3n.<\/span><\/span><\/li>\n<li><span><span>Bombas y dosificaciones.<\/span><\/span><\/li>\n<li><span><span>Decantaci\u00f3n.<\/span><\/span><\/li>\n<li><span><span>Cloraci\u00f3n.<\/span><\/span><\/li>\n<li><span><span>Desinfecci\u00f3n.<\/span><\/span><\/li>\n<li><span><span>Floculaci\u00f3n.<\/span><\/span><\/li>\n<\/ul>\n<p>[\/et_pb_text][\/et_pb_column][et_pb_column type=\u00bb1_2&#8243; _builder_version=\u00bb4.27.2&#8243; _module_preset=\u00bbdefault\u00bb global_colors_info=\u00bb{}\u00bb][et_pb_text _builder_version=\u00bb4.27.2&#8243; _module_preset=\u00bbdefault\u00bb global_colors_info=\u00bb{}\u00bb]<\/p>\n<section class=\"content_section\">\n<div class=\"content row_spacer\">\n<section class=\"content_section bg_white\">\n<div class=\"content row_spacer clearfix\">\n<div class=\"col-md-6\">\n<ul class=\"list3 clearfix\">\n<li><span><span>Grupos de agua a presi\u00f3n.<\/span><\/span><\/li>\n<li><span><span>Eliminaci\u00f3n de olores, sabores y sustancias nocivas.<\/span><\/span><\/li>\n<li><span><span>Cuadros el\u00e9ctricos y electr\u00f3nicos de automatismo personalizados.<\/span><\/span><\/li>\n<li><span><span>BioWater System tratamiento sin qu\u00edmico, biol\u00f3gico totalmente ecol\u00f3gico.<\/span><\/span><\/li>\n<\/ul>\n<\/div>\n<\/div>\n<\/section>\n<\/div>\n<\/section>\n<p>[\/et_pb_text][\/et_pb_column][\/et_pb_row][\/et_pb_section]<\/p>\n","protected":false},"excerpt":{"rendered":"<p>HOTELES, C\u00c1MPINGS Y ORGANISMOS P\u00daBLICOS Siempre sujetos al Real Decreto 140\/2003 que establece en Espa\u00f1a, los criterios Sanitarios de la calidad del agua de consumo humano. El control de calidad del agua debe adaptarse a las necesidades de cada instalaci\u00f3n. Es imprescindible conocer el origen del agua y sus caracter\u00edsticas f\u00edsicas, qu\u00edmicas y bacteriol\u00f3gicas, as\u00ed [&hellip;]<\/p>\n","protected":false},"author":1,"featured_media":0,"parent":0,"menu_order":0,"comment_status":"closed","ping_status":"closed","template":"","meta":{"_et_pb_use_builder":"on","_et_pb_old_content":"","_et_gb_content_width":"","footnotes":""},"class_list":["post-153","page","type-page","status-publish","hentry"],"_links":{"self":[{"href":"https:\/\/diparsa.com\/es\/wp-json\/wp\/v2\/pages\/153","targetHints":{"allow":["GET"]}}],"collection":[{"href":"https:\/\/diparsa.com\/es\/wp-json\/wp\/v2\/pages"}],"about":[{"href":"https:\/\/diparsa.com\/es\/wp-json\/wp\/v2\/types\/page"}],"author":[{"embeddable":true,"href":"https:\/\/diparsa.com\/es\/wp-json\/wp\/v2\/users\/1"}],"replies":[{"embeddable":true,"href":"https:\/\/diparsa.com\/es\/wp-json\/wp\/v2\/comments?post=153"}],"version-history":[{"count":0,"href":"https:\/\/diparsa.com\/es\/wp-json\/wp\/v2\/pages\/153\/revisions"}],"wp:attachment":[{"href":"https:\/\/diparsa.com\/es\/wp-json\/wp\/v2\/media?parent=153"}],"curies":[{"name":"wp","href":"https:\/\/api.w.org\/{rel}","templated":true}]}}