{"id":157,"date":"2024-11-02T10:41:12","date_gmt":"2024-11-02T10:41:12","guid":{"rendered":"https:\/\/diparsa.com\/?page_id=157"},"modified":"2024-11-02T10:45:35","modified_gmt":"2024-11-02T10:45:35","slug":"piscinas-spa-y-bienestar","status":"publish","type":"page","link":"https:\/\/diparsa.com\/es\/piscinas-spa-y-bienestar\/","title":{"rendered":"Piscinas, spa y bienestar"},"content":{"rendered":"<p>[et_pb_section fb_built=\u00bb1&#8243; _builder_version=\u00bb4.27.2&#8243; _module_preset=\u00bbdefault\u00bb global_colors_info=\u00bb{}\u00bb][et_pb_row column_structure=\u00bb1_4,1_4,1_4,1_4&#8243; _builder_version=\u00bb4.27.2&#8243; _module_preset=\u00bbdefault\u00bb global_colors_info=\u00bb{}\u00bb][et_pb_column type=\u00bb1_4&#8243; _builder_version=\u00bb4.27.2&#8243; _module_preset=\u00bbdefault\u00bb global_colors_info=\u00bb{}\u00bb][et_pb_heading title=\u00bbPISCINAS\u00bb _builder_version=\u00bb4.27.2&#8243; _module_preset=\u00bbdefault\u00bb title_font=\u00bb&#8211;et_global_heading_font|&#8211;et_global_body_font_weight|||||||\u00bb title_text_align=\u00bbcenter\u00bb title_font_size=\u00bb20px\u00bb custom_padding=\u00bb10px||0px||false|false\u00bb box_shadow_style=\u00bbpreset6&#8243; global_colors_info=\u00bb{}\u00bb][\/et_pb_heading][et_pb_image src=\u00bbhttps:\/\/diparsa.com\/wp-content\/uploads\/2024\/11\/img-piscinas-spa-1.jpg\u00bb title_text=\u00bbimg-piscinas-spa-1&#8243; _builder_version=\u00bb4.27.2&#8243; _module_preset=\u00bbdefault\u00bb global_colors_info=\u00bb{}\u00bb][\/et_pb_image][\/et_pb_column][et_pb_column type=\u00bb1_4&#8243; _builder_version=\u00bb4.27.2&#8243; _module_preset=\u00bbdefault\u00bb global_colors_info=\u00bb{}\u00bb][et_pb_heading title=\u00bbCASCADAS\u00bb _builder_version=\u00bb4.27.2&#8243; _module_preset=\u00bbdefault\u00bb title_text_align=\u00bbcenter\u00bb title_font_size=\u00bb20px\u00bb custom_padding=\u00bb10px||||false|false\u00bb box_shadow_style=\u00bbpreset6&#8243; global_colors_info=\u00bb{}\u00bb][\/et_pb_heading][et_pb_image src=\u00bbhttps:\/\/diparsa.com\/wp-content\/uploads\/2024\/11\/img-piscinas-spa-2.jpg\u00bb title_text=\u00bbimg-piscinas-spa-2&#8243; _builder_version=\u00bb4.27.2&#8243; _module_preset=\u00bbdefault\u00bb global_colors_info=\u00bb{}\u00bb][\/et_pb_image][\/et_pb_column][et_pb_column type=\u00bb1_4&#8243; _builder_version=\u00bb4.27.2&#8243; _module_preset=\u00bbdefault\u00bb global_colors_info=\u00bb{}\u00bb][et_pb_heading title=\u00bbSPAS Y BIENESTAR\u00bb _builder_version=\u00bb4.27.2&#8243; _module_preset=\u00bbdefault\u00bb title_text_align=\u00bbcenter\u00bb title_font_size=\u00bb20px\u00bb custom_padding=\u00bb10px||||false|false\u00bb box_shadow_style=\u00bbpreset6&#8243; global_colors_info=\u00bb{}\u00bb][\/et_pb_heading][et_pb_image src=\u00bbhttps:\/\/diparsa.com\/wp-content\/uploads\/2024\/11\/img-piscinas-spa-3.jpg\u00bb title_text=\u00bbimg-piscinas-spa-3&#8243; _builder_version=\u00bb4.27.2&#8243; _module_preset=\u00bbdefault\u00bb global_colors_info=\u00bb{}\u00bb][\/et_pb_image][\/et_pb_column][et_pb_column type=\u00bb1_4&#8243; _builder_version=\u00bb4.27.2&#8243; _module_preset=\u00bbdefault\u00bb global_colors_info=\u00bb{}\u00bb][et_pb_heading title=\u00bbFUENTES DECORATIVAS\u00bb _builder_version=\u00bb4.27.2&#8243; _module_preset=\u00bbdefault\u00bb title_text_align=\u00bbcenter\u00bb title_font_size=\u00bb20px\u00bb custom_padding=\u00bb10px||||false|false\u00bb box_shadow_style=\u00bbpreset6&#8243; global_colors_info=\u00bb{}\u00bb][\/et_pb_heading][et_pb_image src=\u00bbhttps:\/\/diparsa.com\/wp-content\/uploads\/2024\/11\/img-piscinas-spa-4.jpg\u00bb title_text=\u00bbimg-piscinas-spa-4&#8243; _builder_version=\u00bb4.27.2&#8243; _module_preset=\u00bbdefault\u00bb global_colors_info=\u00bb{}\u00bb][\/et_pb_image][\/et_pb_column][\/et_pb_row][et_pb_row _builder_version=\u00bb4.27.2&#8243; _module_preset=\u00bbdefault\u00bb global_colors_info=\u00bb{}\u00bb][et_pb_column type=\u00bb4_4&#8243; _builder_version=\u00bb4.27.2&#8243; _module_preset=\u00bbdefault\u00bb global_colors_info=\u00bb{}\u00bb][et_pb_tabs _builder_version=\u00bb4.27.2&#8243; _module_preset=\u00bbdefault\u00bb module_alignment=\u00bbcenter\u00bb hover_enabled=\u00bb0&#8243; global_colors_info=\u00bb{%22gcid-36fd78a7-34bc-404d-873c-dafa34efaae5%22:%91%22icon_color%22,%22icon_color%22,%22icon_color%22%93,%22gcid-828accbb-1ed2-407d-95be-20ab4e191566%22:%91%22border_color_all%22,%22border_color_all%22,%22border_color_all%22%93,%22gcid-body-color%22:%91%22body_text_color%22,%22body_text_color%22,%22body_text_color%22%93,%22gcid-primary-color%22:%91%22body_link_text_color%22,%22active_tab_text_color%22,%22body_link_text_color%22,%22active_tab_text_color%22,%22body_link_text_color%22,%22active_tab_text_color%22%93,%22gcid-heading-color%22:%91%22tab_text_color%22,%22tab_text_color%22,%22tab_text_color%22%93}\u00bb sticky_enabled=\u00bb0&#8243;][et_pb_tab title=\u00bbPISCINAS\u00bb _builder_version=\u00bb4.27.2&#8243; _module_preset=\u00bbdefault\u00bb global_colors_info=\u00bb{}\u00bb]<\/p>\n<p class=\"text-justify\"><span>Realizamos estudios y proyectos hidr\u00e1ulicos personalizados para la depuraci\u00f3n de agua de piscinas para diferentes usos: Privado y p\u00fablico<\/span><\/p>\n<p class=\"text-justify\"><span>En ambos casos\u00a0<\/span><strong><span>es imprescindible tener una buena calidad de agua<\/span><\/strong><span>\u00a0, ya que es fundamental para nuestro organismo. Las piscinas de uso p\u00fablico (hoteles, espacios deportivos, campings, municipales, complejos residenciales, comunidades,\u2026) se encuentran siempre sujetas al Real Decreto marcado por cada comunidad para vasos de uso p\u00fablico o colectivo.<\/span><br \/><span>El tratamiento consta de dos fases bien definidas:\u00a0<\/span><strong><span>filtraci\u00f3n y desinfecci\u00f3n<\/span><\/strong><span>\u00a0.<\/span><br \/><span>La elecci\u00f3n de las caracter\u00edsticas y la instalaci\u00f3n de las bombas debe hacerse en funci\u00f3n de las condiciones de cada piscina.<\/span><\/p>\n<p class=\"text-justify\"><strong><span>FILTRACI\u00d3N:<\/span><\/strong><br \/><span>Es muy importante c\u00fabicar bien el agua de una piscina, y poner un filtro adecuado, no poner un filtro y bomba bien dimensionados, dar\u00e1 muchos problemas de turbidez y de mala praxis en la misma.<\/span><\/p>\n<p class=\"text-justify\"><strong><span>DESINFECCI\u00d3N:<\/span><\/strong><\/p>\n<ul class=\"list3 clearfix\">\n<li><span>La desinfecci\u00f3n constituye una fase muy importante del tratamiento, que tiene una finalidad higi\u00e9nica y otra est\u00e9tica.<\/span><\/li>\n<li><span>La primera consiste en evitar la transmisi\u00f3n de enfermedades contagiosas entre los ba\u00f1istas, la segunda, en evitar el desarrollo de algas microsc\u00f3picas que enturbian el agua.<\/span><\/li>\n<\/ul>\n<p><span>Por estos motivos es preciso que el agua de la piscina posea un poder desinfectante remanente bien definido.<\/span><\/p>\n<p>&nbsp;<\/p>\n<p><strong><span>TRATAMIENTO DE AGUA EN APARTADO PISCINA:<\/span><\/strong><\/p>\n<ul class=\"list3 clearfix\">\n<li><span>Filtraci\u00f3n.<\/span><\/li>\n<li><span>Bomba.<\/span><\/li>\n<li><span>Desinfecci\u00f3n.<\/span><\/li>\n<li><span>Cuadros el\u00e9ctricos y electr\u00f3nicos de automatismo personalizados.<\/span><\/li>\n<li><span>Mezcladores est\u00e1ticos para coagulaci\u00f3n y floculaci\u00f3n por cavitaci\u00f3n sin productos qu\u00edmicos.<\/span><\/li>\n<li><span>Sistema integrado de limpiafondos.<\/span><\/li>\n<li><span>Climatizaci\u00f3n.<\/span><\/li>\n<li><span>Iluminaci\u00f3n.<\/span><\/li>\n<li><span>BioWater System tratamiento sin qu\u00edmico, biol\u00f3gico totalmente ecol\u00f3gico.<\/span><\/li>\n<\/ul>\n<p>[\/et_pb_tab][et_pb_tab title=\u00bbCASCADAS\u00bb _builder_version=\u00bb4.27.2&#8243; _module_preset=\u00bbdefault\u00bb global_colors_info=\u00bb{}\u00bb]<\/p>\n<p class=\"text-justify\"><span>Creaci\u00f3n de zonas de masaje para uso particular, centros deportivos, espacios especializados en bienestar o uso profesional.<\/span><br \/><span>Nuestro equipo de dise\u00f1o se ubica en funci\u00f3n de sus necesidades cascadas, chorros y ca\u00f1ones de agua a presi\u00f3n, todos confeccionados en acero inoxidable de primera calidad.<\/span><br \/><span>Mediante el efecto del agua a presi\u00f3n localizada, genera un efecto relajante y descontracturante.<\/span><\/p>\n<p><strong><span>Diferentes modelos a elegir dando siempre prioridad a los beneficios de la hidroterapia, sin olvidar la est\u00e9tica del entorno:<\/span><\/strong><\/p>\n<ul class=\"list3 clearfix\">\n<li><span>Cascada de playa.<\/span><\/li>\n<li><span>Cascada de mural.<\/span><\/li>\n<li><span>Cortina de agua.<\/span><\/li>\n<li><span>Ca\u00f1ones y chorros.<\/span><\/li>\n<\/ul>\n<p>&nbsp;<\/p>\n<p class=\"text-justify\"><strong><span>Tratamiento de agua en apartado cascadas:<\/span><\/strong><br \/><span>Impulsi\u00f3n de alto rendimiento seg\u00fan caudal necesario, mediante bombas de alta gama controladas por pulsadores electr\u00f3nicos sumergibles o programaci\u00f3n temporizada.<\/span><\/p>\n<p>[\/et_pb_tab][et_pb_tab title=\u00bbSPAS Y BIENESTAR\u00bb _builder_version=\u00bb4.27.2&#8243; _module_preset=\u00bbdefault\u00bb hover_enabled=\u00bb0&#8243; global_colors_info=\u00bb{}\u00bb sticky_enabled=\u00bb0&#8243;]<\/p>\n<section class=\"content_section bg_gray border_t_n\">\n<div class=\"content row_spacer\">\n<div class=\"hm-tabs tabs2 upper_title is-ended\">\n<p class=\"text-justify\"><span>Creaci\u00f3n para particulares o uso profesional de espacios de hidroterapia, bienestar y spa, para el bienestar general.<\/span><\/p>\n<p><span>La hidroterapia es el\u00a0<\/span><strong><span>uso del agua para finos terap\u00e9uticos<\/span><\/strong><span>\u00a0, aprovechando las propiedades beneficiosas del agua para alcanzar un buen\u00a0<\/span><strong><span>equilibrio entre cuerpo y mente<\/span><\/strong><span>\u00a0.<\/span><\/p>\n<p><strong><span>Piscina de hidromasaje o Spa:<\/span><\/strong><br \/><span>Es un ba\u00f1o de agua caliente, en donde se ejerce la acci\u00f3n controlada de chorros de agua a presi\u00f3n y aire, que se aplican en las regiones cervical, dorsal, lumbar, extremidades inferiores y abdomen. Esta piscina, conocida como spa, ofrece m\u00faltiples beneficios a nuestro organismo. Beneficios:<\/span><\/p>\n<ul class=\"list3 clearfix\">\n<li><span>Efectos cardiovasculares: mejora la circulaci\u00f3n vascular perif\u00e9rica.<\/span><\/li>\n<li><span>Estimula el sistema inmunol\u00f3gico.<\/span><\/li>\n<li><span>Produce alivio muscular en contracturas, lumbalgias o tendinitis.<\/span><\/li>\n<li><span>Reduce el estr\u00e9s y la ansiedad.<\/span><\/li>\n<li><span>Facilita la respiraci\u00f3n.<\/span><\/li>\n<\/ul>\n<p>&nbsp;<\/p>\n<p class=\"text-justify\"><strong><span>Tratamiento de agua en el apartado Spa:<\/span><\/strong><\/p>\n<ul class=\"list3 clearfix\">\n<li><span>Filtraci\u00f3n.<\/span><\/li>\n<li><span>Bomba.<\/span><\/li>\n<li><span>Soplantes.<\/span><\/li>\n<li><span>Desinfecci\u00f3n.<\/span><\/li>\n<li><span>Cuadros el\u00e9ctricos y electr\u00f3nicos de automatismo personalizados.<\/span><\/li>\n<li><span>Mezcladores est\u00e1ticos para coagulaci\u00f3n y floculaci\u00f3n por cavitaci\u00f3n sin productos qu\u00edmicos.<\/span><\/li>\n<li><span>Climatizaci\u00f3n.<\/span><\/li>\n<li><span>Iluminaci\u00f3n.<\/span><\/li>\n<li><span>Tratamiento por sistema Bio-Tamiz (Reestructuraci\u00f3n molecular del agua), sin qu\u00edmicos y totalmente ecol\u00f3gico.<\/span><\/li>\n<\/ul>\n<p>&nbsp;<\/p>\n<\/div>\n<\/div>\n<\/section>\n<footer id=\"footer\">\n<div class=\"container row_spacer clearfix\">\n<div class=\"rows_container clearfix\">\n<div class=\"col-md-3\">\n<div class=\"footer_row\">\n<p><img decoding=\"async\" alt=\"Diparsa\" src=\"https:\/\/diparsa.com\/images\/logo-light.png\" \/><span class=\"footer_desc\"><span>Desde 1966 especializados en tratamientos de agua a nivel dom\u00e9stico e industrial Todo lo relacionado con el agua y su tratamiento.<\/span><\/span><a href=\"https:\/\/diparsa.com\/sobre-nosotros.html\" class=\"black_button\"><i class=\"ico-angle-right\"><\/i><span>M\u00e1s informaci\u00f3n<\/span><\/a><\/p>\n<p><span class=\"c_desc\"><strong><span>Direcci\u00f3n:<\/span><\/strong><br \/><span>C\/ Mar n\u00ba 16<\/span><br \/><span>17486 Castell\u00f3 d&#8217;Emp\u00faries (Girona) ESPA\u00d1A<\/span><\/span><\/p>\n<p><strong><span>Tel\u00e9fono:<\/span><\/strong><span>\u00a0(+34) 972 15 88 44<\/span><br \/><strong><span>Email:\u00a0<\/span><\/strong><a href=\"mailto:info@diparsa.com\"><span>info@diparsa.com<\/span><\/a><\/p>\n<\/div>\n<\/div>\n<div class=\"col-md-3\">\n<div class=\"footer_row\">\n<h6 class=\"footer_title\"><span>Informaci\u00f3n legal<\/span><\/h6>\n<ul class=\"list2 clearfix\">\n<li><a href=\"https:\/\/diparsa.com\/aviso-legal.html\"><span>Aviso legal<\/span><\/a><\/li>\n<li><a href=\"https:\/\/diparsa.com\/politica-de-cookies.html\"><span>Pol\u00edtica de cookies<\/span><\/a><\/li>\n<\/ul>\n<\/div>\n<\/div>\n<div class=\"col-md-3\">\n<div class=\"footer_row\">\n<h6 class=\"footer_title\"><span>Men\u00fa<\/span><\/h6>\n<\/div>\n<\/div>\n<\/div>\n<\/div>\n<\/footer>\n<p>[\/et_pb_tab][et_pb_tab title=\u00bbFUENTES DECORATIVAS\u00bb _builder_version=\u00bb4.27.2&#8243; _module_preset=\u00bbdefault\u00bb global_colors_info=\u00bb{}\u00bb]<\/p>\n<p><span>Dise\u00f1amos espacios con fuentes decorativas para uso particular o p\u00fablico. El agua pulverizada oa chorros con efectos est\u00e9ticos ofrecen un plus que transmite armon\u00eda, tranquilidad y calma, gracias al agradable sonido del movimiento del agua, siendo tambi\u00e9n un elegante elemento est\u00e9tico.<\/span><\/p>\n<p><span>En las fuentes decorativas el agua se impulsa a trav\u00e9s de una o varias bombas al exterior creando diversos efectos acu\u00e1ticos. Disponemos de una amplia variedad de boquillas para crear las formas que se desean. El circuito de agua puede ser sin recirculaci\u00f3n donde la totalidad del agua fluye constantemente o mediante un circuito cerrado donde el agua circula continuamente.<\/span><\/p>\n<p>&nbsp;<\/p>\n<p><strong><span>Tratamiento de agua en fuentes decorativas:<\/span><\/strong><\/p>\n<ul class=\"list3 clearfix\">\n<li><span>Bomba.<\/span><\/li>\n<li><span>Desinfecci\u00f3n.<\/span><\/li>\n<li><span>Filtraci\u00f3n.<\/span><\/li>\n<li><span>Cuadros el\u00e9ctricos y electr\u00f3nicos de automatismo personalizados.<\/span><\/li>\n<li><span>Iluminaci\u00f3n.<\/span><\/li>\n<li><span>Tratamiento por sistema Bio-Tamiz (Reestructuraci\u00f3n molecular del agua), sin qu\u00edmicos y totalmente ecol\u00f3gico.<\/span><\/li>\n<\/ul>\n<p>[\/et_pb_tab][\/et_pb_tabs][\/et_pb_column][\/et_pb_row][\/et_pb_section]<\/p>\n","protected":false},"excerpt":{"rendered":"<p>Realizamos estudios y proyectos hidr\u00e1ulicos personalizados para la depuraci\u00f3n de agua de piscinas para diferentes usos: Privado y p\u00fablico En ambos casos\u00a0es imprescindible tener una buena calidad de agua\u00a0, ya que es fundamental para nuestro organismo. Las piscinas de uso p\u00fablico (hoteles, espacios deportivos, campings, municipales, complejos residenciales, comunidades,\u2026) se encuentran siempre sujetas al Real [&hellip;]<\/p>\n","protected":false},"author":1,"featured_media":0,"parent":0,"menu_order":0,"comment_status":"closed","ping_status":"closed","template":"","meta":{"_et_pb_use_builder":"on","_et_pb_old_content":"","_et_gb_content_width":"","footnotes":""},"class_list":["post-157","page","type-page","status-publish","hentry"],"_links":{"self":[{"href":"https:\/\/diparsa.com\/es\/wp-json\/wp\/v2\/pages\/157","targetHints":{"allow":["GET"]}}],"collection":[{"href":"https:\/\/diparsa.com\/es\/wp-json\/wp\/v2\/pages"}],"about":[{"href":"https:\/\/diparsa.com\/es\/wp-json\/wp\/v2\/types\/page"}],"author":[{"embeddable":true,"href":"https:\/\/diparsa.com\/es\/wp-json\/wp\/v2\/users\/1"}],"replies":[{"embeddable":true,"href":"https:\/\/diparsa.com\/es\/wp-json\/wp\/v2\/comments?post=157"}],"version-history":[{"count":0,"href":"https:\/\/diparsa.com\/es\/wp-json\/wp\/v2\/pages\/157\/revisions"}],"wp:attachment":[{"href":"https:\/\/diparsa.com\/es\/wp-json\/wp\/v2\/media?parent=157"}],"curies":[{"name":"wp","href":"https:\/\/api.w.org\/{rel}","templated":true}]}}