{"id":175,"date":"2024-11-02T10:57:14","date_gmt":"2024-11-02T10:57:14","guid":{"rendered":"https:\/\/diparsa.com\/?page_id=175"},"modified":"2025-05-28T13:59:05","modified_gmt":"2025-05-28T13:59:05","slug":"tratamiento-de-agua","status":"publish","type":"page","link":"https:\/\/diparsa.com\/es\/tratamiento-de-agua\/","title":{"rendered":"Tratamiento de agua"},"content":{"rendered":"<p>[et_pb_section fb_built=\u00bb1&#8243; _builder_version=\u00bb4.27.4&#8243; _module_preset=\u00bbdefault\u00bb background_enable_color=\u00bboff\u00bb background_enable_image=\u00bboff\u00bb background_last_edited=\u00bboff|desktop\u00bb box_shadow_style=\u00bbpreset3&#8243; box_shadow_vertical=\u00bb6px\u00bb box_shadow_blur=\u00bb9px\u00bb locked=\u00bboff\u00bb global_colors_info=\u00bb{}\u00bb][et_pb_row _builder_version=\u00bb4.27.4&#8243; _module_preset=\u00bbdefault\u00bb global_colors_info=\u00bb{}\u00bb][et_pb_column type=\u00bb4_4&#8243; _builder_version=\u00bb4.27.4&#8243; _module_preset=\u00bbdefault\u00bb global_colors_info=\u00bb{}\u00bb][et_pb_text _builder_version=\u00bb4.27.4&#8243; _module_preset=\u00bbdefault\u00bb global_colors_info=\u00bb{}\u00bb]<\/p>\n<p><span style=\"font-weight: 400;\">Seg\u00fan el origen y el uso que se quiera dar, el tratamiento de agua puede variar, hay tantos tratamientos como aguas y cada una tiene su aplicaci\u00f3n espec\u00edfica en funci\u00f3n de las necesidades h\u00eddricas.<\/span><\/p>\n<p><span style=\"font-weight: 400;\"><\/span><\/p>\n<p><span style=\"font-weight: 400;\">El tratamiento de agua nos beneficia de muchas maneras, tanto a nivel de salud, ambiental, econ\u00f3mico como social.<\/span><\/p>\n<p>[\/et_pb_text][et_pb_accordion _builder_version=\u00bb4.27.4&#8243; _module_preset=\u00bbdefault\u00bb background_color=\u00bbgcid-db710bf8-f0d4-4feb-9a11-3d694c320d2c\u00bb global_colors_info=\u00bb{%22gcid-36fd78a7-34bc-404d-873c-dafa34efaae5%22:%91%22quote_icon_color%22,%22quote_icon_color%22%93,%22gcid-primary-color%22:%91%22open_toggle_text_color%22,%22icon_color%22,%22open_toggle_text_color%22,%22icon_color%22%93,%22gcid-heading-color%22:%91%22toggle_text_color%22,%22toggle_text_color%22%93,%22gcid-body-color%22:%91%22body_text_color%22,%22body_text_color%22%93,%22gcid-db710bf8-f0d4-4feb-9a11-3d694c320d2c%22:%91%22background_color%22%93}\u00bb][et_pb_accordion_item title=\u00bb\u00bfQu\u00e9 es el tratamiento de agua?\u00bb open=\u00bbon\u00bb _builder_version=\u00bb4.27.4&#8243; _module_preset=\u00bbdefault\u00bb global_colors_info=\u00bb{}\u00bb]<\/p>\n<p><span style=\"font-weight: 400;\">El tratamiento de agua es el conjunto de procesos f\u00edsicos, qu\u00edmicos y biol\u00f3gicos por el cual se eliminan o se reducen los contaminantes e impurezas del agua para hacerla sana, segura y apta para el consumo humano, industrial o agr\u00edcola. Estos procesos pueden incluir varias t\u00e9cnicas como el bombeo, filtraci\u00f3n, desinfecci\u00f3n, clarificaci\u00f3n,\u2026 y muchos otros m\u00e9todos que aseguran que el agua sea limpia y saludable.<\/span><\/p>\n<p>[\/et_pb_accordion_item][\/et_pb_accordion][\/et_pb_column][\/et_pb_row][et_pb_row _builder_version=\u00bb4.27.4&#8243; _module_preset=\u00bbdefault\u00bb custom_padding=\u00bb0px||0px||true|false\u00bb hover_enabled=\u00bb0&#8243; sticky_enabled=\u00bb0&#8243; width_last_edited=\u00bbon|desktop\u00bb width=\u00bb100%\u00bb max_width_last_edited=\u00bbon|desktop\u00bb max_width=\u00bb1280px\u00bb global_colors_info=\u00bb{%22gcid-db710bf8-f0d4-4feb-9a11-3d694c320d2c%22:%91%22background_color%22%93}\u00bb background_color=\u00bbgcid-db710bf8-f0d4-4feb-9a11-3d694c320d2c\u00bb width_tablet=\u00bb100%\u00bb width_phone=\u00bb100%\u00bb max_width_tablet=\u00bb1280px\u00bb max_width_phone=\u00bb1280px\u00bb][et_pb_column _builder_version=\u00bb4.27.4&#8243; _module_preset=\u00bbdefault\u00bb type=\u00bb4_4&#8243;][et_pb_slider _builder_version=\u00bb4.27.4&#8243; _module_preset=\u00bbdefault\u00bb content_max_width_last_edited=\u00bbon|desktop\u00bb hover_enabled=\u00bb0&#8243; sticky_enabled=\u00bb0&#8243; custom_padding=\u00bb45px||45px||true|false\u00bb custom_margin=\u00bb25px||49px||false|false\u00bb auto=\u00bbon\u00bb auto_speed=\u00bb6000&#8243; auto_ignore_hover=\u00bbon\u00bb content_max_width_phone=\u00bb100%\u00bb max_width_last_edited=\u00bbon|phone\u00bb][et_pb_slide heading=\u00bbProtecci\u00f3n de la salud p\u00fablica\u00bb _builder_version=\u00bb4.27.4&#8243; _module_preset=\u00bbdefault\u00bb hover_enabled=\u00bb0&#8243; sticky_enabled=\u00bb0&#8243;]<\/p>\n<p><span style=\"font-weight: 400;\">Elimina microorganismos nocivos\u00a0<\/span><\/p>\n<p><span style=\"font-weight: 400;\">Reduce considerablemente sustancias t\u00f3xicas\u00a0<\/span><\/p>\n<p><span style=\"font-weight: 400;\">Garantiza agua potable segura<\/span><\/p>\n<p>[\/et_pb_slide][et_pb_slide heading=\u00bbMejora la calidad de vida\u00bb _builder_version=\u00bb4.27.4&#8243; _module_preset=\u00bbdefault\u00bb hover_enabled=\u00bb0&#8243; sticky_enabled=\u00bb0&#8243;]<\/p>\n<p><span style=\"font-weight: 400;\">Permite acceso seguro y continuo al agua para las familias, especialmente en zonas rurales o con escasez h\u00eddrica.<\/span><\/p>\n<p><span style=\"font-weight: 400;\">Contribuye a la higiene y la dignidad humana, especialmente en escuelas, hospitales o zonas vulnerables.<\/span><\/p>\n<p><span style=\"font-weight: 400;\">Reduce conflictos por el uso del agua, favoreciendo la convivencia y el desarrollo sostenible.<\/span><\/p>\n<p>[\/et_pb_slide][et_pb_slide heading=\u00bbProtecci\u00f3n y cura del medio ambiente\u00bb _builder_version=\u00bb4.27.4&#8243; _module_preset=\u00bbdefault\u00bb hover_enabled=\u00bb0&#8243; sticky_enabled=\u00bb0&#8243;]<\/p>\n<p><span style=\"font-weight: 400;\">El tratamiento de aguas residuales evita que se contaminen r\u00edos, lagos y mares, protegiendo la fauna y la flora acu\u00e1tica.<\/span><\/p>\n<p><span style=\"font-weight: 400;\">Reutilizar agua (para riego, limpieza o usos industriales) reduce el consumo de agua dulce y la presi\u00f3n sobre recursos naturales.<\/span><\/p>\n<p><span style=\"font-weight: 400;\">Mejora la calidad ecol\u00f3gica de los ecosistemas acu\u00e1ticos y terrestres.<\/span><\/p>\n<p>[\/et_pb_slide][\/et_pb_slider][\/et_pb_column][\/et_pb_row][et_pb_row _builder_version=\u00bb4.27.4&#8243; _module_preset=\u00bbdefault\u00bb global_colors_info=\u00bb{}\u00bb][et_pb_column type=\u00bb4_4&#8243; _builder_version=\u00bb4.27.4&#8243; _module_preset=\u00bbdefault\u00bb global_colors_info=\u00bb{}\u00bb][et_pb_heading title=\u00bbNuestra especializaci\u00f3n en tratamiento de agua\u00bb _builder_version=\u00bb4.27.4&#8243; _module_preset=\u00bbdefault\u00bb title_font=\u00bb&#8211;et_global_heading_font|600|||||||\u00bb title_text_align=\u00bbcenter\u00bb title_text_color=\u00bbgcid-secondary-color\u00bb title_font_size=\u00bb29px\u00bb title_font_size_tablet=\u00bb29px\u00bb title_font_size_phone=\u00bb23px\u00bb title_font_size_last_edited=\u00bbon|tablet\u00bb global_colors_info=\u00bb{%22gcid-secondary-color%22:%91%22title_text_color%22%93}\u00bb][\/et_pb_heading][et_pb_heading title=\u00bb\u00bfQu\u00e9 hacemos?\u00bb _builder_version=\u00bb4.27.4&#8243; _module_preset=\u00bbdefault\u00bb title_level=\u00bbh3&#8243; title_font=\u00bb&#8211;et_global_heading_font|600|||||||\u00bb title_text_align=\u00bbcenter\u00bb title_text_color=\u00bbgcid-secondary-color\u00bb title_font_size=\u00bb25px\u00bb title_font_size_tablet=\u00bb24px\u00bb title_font_size_phone=\u00bb24px\u00bb title_font_size_last_edited=\u00bbon|tablet\u00bb global_colors_info=\u00bb{%22gcid-secondary-color%22:%91%22title_text_color%22%93}\u00bb][\/et_pb_heading][\/et_pb_column][\/et_pb_row][et_pb_row column_structure=\u00bb1_3,1_3,1_3&#8243; _builder_version=\u00bb4.27.4&#8243; _module_preset=\u00bbdefault\u00bb global_colors_info=\u00bb{}\u00bb][et_pb_column type=\u00bb1_3&#8243; _builder_version=\u00bb4.27.4&#8243; _module_preset=\u00bbdefault\u00bb global_colors_info=\u00bb{}\u00bb][et_pb_blurb use_icon=\u00bbon\u00bb font_icon=\u00bb&#xf043;||fa||900&#8243; icon_color=\u00bb#0C71C3&#8243; image_icon_background_color=\u00bbRGBA(255,255,255,0)\u00bb image_icon_width=\u00bb42px\u00bb icon_alignment=\u00bbcenter\u00bb image_icon_width_tablet=\u00bb42px\u00bb image_icon_width_phone=\u00bb42px\u00bb image_icon_width_last_edited=\u00bbon|phone\u00bb _builder_version=\u00bb4.27.4&#8243; _module_preset=\u00bbdefault\u00bb body_text_color=\u00bb#0C71C3&#8243; background_color=\u00bb#f9f9f9&#8243; background_enable_image=\u00bboff\u00bb custom_padding=\u00bb7px|7px|7px|7px|true|true\u00bb box_shadow_style=\u00bbpreset3&#8243; box_shadow_vertical=\u00bb6px\u00bb box_shadow_blur=\u00bb9px\u00bb global_colors_info=\u00bb{%22gcid-heading-color%22:%91%22header_text_color%22,%22header_text_color%22,%22header_text_color%22,%22header_text_color%22,%22header_text_color%22,%22header_text_color%22,%22header_text_color%22,%22header_text_color%22,%22header_text_color%22,%22header_text_color%22,%22header_text_color%22,%22header_text_color%22,%22header_text_color%22%93,%22gcid-primary-color%22:%91%22body_link_text_color%22,%22icon_color%22,%22body_link_text_color%22,%22body_link_text_color%22,%22body_link_text_color%22,%22body_link_text_color%22,%22body_link_text_color%22,%22body_link_text_color%22,%22body_link_text_color%22,%22body_link_text_color%22,%22body_link_text_color%22,%22body_link_text_color%22,%22body_link_text_color%22,%22body_link_text_color%22%93}\u00bb]<\/p>\n<ul>\n<li class=\"p1\">Bombeo de agua de pozo<\/li>\n<li class=\"p1\">Bombeo de agua para uso dom\u00e9stico<\/li>\n<li class=\"p1\">Bombeo de agua para uso industrial<\/li>\n<li class=\"p1\">Bombeo de agua para grandes caudales<\/li>\n<li class=\"p1\">Bombeo de aguas residuales<\/li>\n<li class=\"p1\">Bombeo para riegos<\/li>\n<li class=\"p1\">Todo tipo de bombeo<\/li>\n<li class=\"p1\">Grupo a presi\u00f3n para uso dom\u00e9stico<\/li>\n<li class=\"p1\">Grupo a presi\u00f3n para uso industrial<\/li>\n<li class=\"p1\">Equipos contraincendios<\/li>\n<li class=\"p1\">Desinfecci\u00f3n<\/li>\n<li class=\"p1\">Dosificaci\u00f3n de desinfectante<\/li>\n<li class=\"p1\">Dosificaci\u00f3n de abonos<\/li>\n<li class=\"p1\">Dosificaci\u00f3n de floculantes y coagulantes<\/li>\n<li class=\"p1\">Todo tipo de dosificaciones<\/li>\n<\/ul>\n<p>[\/et_pb_blurb][\/et_pb_column][et_pb_column type=\u00bb1_3&#8243; _builder_version=\u00bb4.27.4&#8243; _module_preset=\u00bbdefault\u00bb global_colors_info=\u00bb{}\u00bb][et_pb_blurb use_icon=\u00bbon\u00bb font_icon=\u00bb&#xe076;||fa||900&#8243; icon_color=\u00bb#0C71C3&#8243; image_icon_width=\u00bb42px\u00bb icon_alignment=\u00bbcenter\u00bb _builder_version=\u00bb4.27.4&#8243; _module_preset=\u00bbdefault\u00bb header_text_color=\u00bb#0C71C3&#8243; body_text_color=\u00bb#0C71C3&#8243; background_color=\u00bb#f9f9f9&#8243; background_enable_image=\u00bboff\u00bb custom_padding=\u00bb7px|7px|7px|7px|true|true\u00bb custom_padding_last_edited=\u00bboff|desktop\u00bb box_shadow_style=\u00bbpreset3&#8243; box_shadow_vertical=\u00bb6px\u00bb box_shadow_blur=\u00bb9px\u00bb global_colors_info=\u00bb{%22gcid-heading-color%22:%91%22header_text_color%22%93,%22gcid-primary-color%22:%91%22body_link_text_color%22,%22icon_color%22,%22body_link_text_color%22,%22icon_color%22,%22body_link_text_color%22,%22icon_color%22,%22body_link_text_color%22,%22body_link_text_color%22,%22body_link_text_color%22,%22body_link_text_color%22,%22body_link_text_color%22,%22body_link_text_color%22,%22body_link_text_color%22%93}\u00bb]<\/p>\n<ul>\n<li>Control autom\u00e1tico de todo tipo de par\u00e1metros del agua<\/li>\n<li>Decloraci\u00f3n<\/li>\n<li class=\"p1\">Tratamiento de agua con hierro<\/li>\n<li class=\"p1\">Tratamiento de agua con manganeso<\/li>\n<li class=\"p1\">Tratamiento de agua con nitratos<\/li>\n<li class=\"p1\">Tratamiento de agua con ars\u00e9nico<\/li>\n<li class=\"p1\">Tratamiento de agua con n\u00edquel<\/li>\n<li class=\"p1\">Tratamiento de agua con fl\u00faor<\/li>\n<li class=\"p1\">Descalcificaci\u00f3n industrial<\/li>\n<li class=\"p1\">Descalcificaci\u00f3n uso dom\u00e9stico<\/li>\n<li class=\"p1\">Desnitrificaci\u00f3n<\/li>\n<li class=\"p1\">Filtraci\u00f3n y lechos filtrantes<\/li>\n<li class=\"p1\">\n<p class=\"p1\">Ultrafiltraci\u00f3n<\/p>\n<\/li>\n<li class=\"p1\">\n<p class=\"p1\">Desmineralizaci\u00f3n<\/p>\n<\/li>\n<li class=\"p1\">Remineralizaci\u00f3n<\/li>\n<li class=\"p1\">\u00d3smosis inversa industrial<\/li>\n<\/ul>\n<p>[\/et_pb_blurb][\/et_pb_column][et_pb_column type=\u00bb1_3&#8243; _builder_version=\u00bb4.27.4&#8243; _module_preset=\u00bbdefault\u00bb global_colors_info=\u00bb{}\u00bb][et_pb_blurb use_icon=\u00bbon\u00bb font_icon=\u00bb&#xf5d2;||fa||900&#8243; icon_color=\u00bb#0C71C3&#8243; image_icon_width=\u00bb42px\u00bb icon_alignment=\u00bbcenter\u00bb _builder_version=\u00bb4.27.4&#8243; _module_preset=\u00bbdefault\u00bb header_text_color=\u00bb#0C71C3&#8243; body_text_color=\u00bb#0C71C3&#8243; background_color=\u00bb#f9f9f9&#8243; background_enable_image=\u00bboff\u00bb custom_padding=\u00bb7px|7px|7px|7px|true|true\u00bb box_shadow_style=\u00bbpreset3&#8243; box_shadow_vertical=\u00bb6px\u00bb box_shadow_blur=\u00bb9px\u00bb global_colors_info=\u00bb{%22gcid-heading-color%22:%91%22header_text_color%22%93,%22gcid-primary-color%22:%91%22body_link_text_color%22,%22icon_color%22,%22body_link_text_color%22,%22icon_color%22,%22body_link_text_color%22,%22icon_color%22,%22body_link_text_color%22,%22icon_color%22,%22body_link_text_color%22,%22body_link_text_color%22,%22body_link_text_color%22,%22body_link_text_color%22,%22body_link_text_color%22,%22body_link_text_color%22,%22body_link_text_color%22%93}\u00bb]<\/p>\n<ul>\n<li>\u00d3smosis inversa dom\u00e9stica<\/li>\n<li>\u00d3smosis inversa grandes caudales<\/li>\n<li class=\"p1\">\u00d3smosis inversa para agua de mar<\/li>\n<li class=\"p1\">Tratamiento de aguas residuales<\/li>\n<li class=\"p1\">Tratamiento de agua con UV<\/li>\n<li class=\"p1\">Desinfecci\u00f3n UV<\/li>\n<li class=\"p1\">Electrolisis salina para piscinas de uso p\u00fablico<\/li>\n<li class=\"p1\">Electrolisis salina para piscinas uso dom\u00e9stico<\/li>\n<li class=\"p1\">Decantadores para oxidaci\u00f3n y precipitaci\u00f3n<\/li>\n<li class=\"p1\">Productos qu\u00edmicos para el tratamiento de agua<\/li>\n<li class=\"p1\">Correcci\u00f3n qu\u00edmica y acondicionamiento del agua<\/li>\n<li class=\"p1\">Consultor\u00eda h\u00eddrica | asesoramiento<\/li>\n<\/ul>\n<p>[\/et_pb_blurb][\/et_pb_column][\/et_pb_row][et_pb_row _builder_version=\u00bb4.27.4&#8243; _module_preset=\u00bbdefault\u00bb custom_margin=\u00bb35px||||false|false\u00bb custom_margin_tablet=\u00bb35px||||false|false\u00bb custom_margin_phone=\u00bb20px||||false|false\u00bb custom_margin_last_edited=\u00bbon|phone\u00bb box_shadow_blur_tablet=\u00bb\u00bb box_shadow_blur_phone=\u00bb0px\u00bb box_shadow_blur_last_edited=\u00bbon|phone\u00bb box_shadow_spread_tablet=\u00bb\u00bb box_shadow_spread_phone=\u00bb-80px\u00bb box_shadow_spread_last_edited=\u00bbon|phone\u00bb global_colors_info=\u00bb{}\u00bb][et_pb_column type=\u00bb4_4&#8243; _builder_version=\u00bb4.27.4&#8243; _module_preset=\u00bbdefault\u00bb global_colors_info=\u00bb{}\u00bb][et_pb_cta _builder_version=\u00bb4.27.4&#8243; _module_preset=\u00bbdefault\u00bb background_color=\u00bb#0C71C3&#8243; link_option_url=\u00bbhttps:\/\/diparsa.com\/contacto\/\u00bb box_shadow_style=\u00bbpreset1&#8243; box_shadow_vertical=\u00bb12px\u00bb global_colors_info=\u00bb{%22gcid-primary-color%22:%91%22button_text_color%22,%22button_text_color%22,%22button_text_color%22,%22button_text_color%22%93}\u00bb]<\/p>\n<p class=\"p1\">Si os podemos ayudar, no dud\u00e9is en consultarnos, juntos podremos encontrar la soluci\u00f3n que mejor se adapte a vuestras necesidades<\/p>\n<p>[\/et_pb_cta][\/et_pb_column][\/et_pb_row][\/et_pb_section][et_pb_section fb_built=\u00bb1&#8243; admin_label=\u00bbCategories\u00bb _builder_version=\u00bb4.25.1&#8243; _module_preset=\u00bbdefault\u00bb locked=\u00bboff\u00bb collapsed=\u00bbon\u00bb global_colors_info=\u00bb{}\u00bb][et_pb_row _builder_version=\u00bb4.25.1&#8243; _module_preset=\u00bbdefault\u00bb global_colors_info=\u00bb{}\u00bb][et_pb_column type=\u00bb4_4&#8243; _builder_version=\u00bb4.25.1&#8243; _module_preset=\u00bbdefault\u00bb global_colors_info=\u00bb{}\u00bb][et_pb_heading title=\u00bbNuestras Categor\u00edas en Tratamiento de Agua\u00bb _builder_version=\u00bb4.27.4&#8243; _module_preset=\u00bbc33f07d9-41e0-421a-8799-5799df695cce\u00bb title_font=\u00bbCormorant Garamond|Cormorant Garamond_weight|||||||\u00bb title_text_align=\u00bbcenter\u00bb title_text_color=\u00bb#111111&#8243; global_colors_info=\u00bb{}\u00bb][\/et_pb_heading][\/et_pb_column][\/et_pb_row][et_pb_row column_structure=\u00bb1_3,1_3,1_3&#8243; use_custom_gutter=\u00bbon\u00bb gutter_width=\u00bb2&#8243; _builder_version=\u00bb4.27.2&#8243; _module_preset=\u00bbdefault\u00bb custom_padding=\u00bb||10px||false|false\u00bb global_colors_info=\u00bb{}\u00bb][et_pb_column type=\u00bb1_3&#8243; _builder_version=\u00bb4.25.1&#8243; _module_preset=\u00bb50607da8-57bc-4d4b-aaef-f02e41c2cc4a\u00bb global_colors_info=\u00bb{}\u00bb][et_pb_icon font_icon=\u00bb&#xf275;||fa||900&#8243; url=\u00bbhttps:\/\/diparsa.com\/industria\/\u00bb align=\u00bbcenter\u00bb _builder_version=\u00bb4.27.2&#8243; _module_preset=\u00bbc2c23269-d09e-4bca-9247-65cd5ecf15a9&#8243; global_colors_info=\u00bb{}\u00bb][\/et_pb_icon][et_pb_heading title=\u00bbIndustria\u00bb _builder_version=\u00bb4.25.1&#8243; _module_preset=\u00bbf0c675ea-2574-4d0e-b725-30f8550a8550&#8243; title_font=\u00bbProza Libre|Cormorant Garamond_weight||on|||||\u00bb title_text_align=\u00bbcenter\u00bb title_text_color=\u00bb#111111&#8243; custom_margin=\u00bb||0px||false|false\u00bb global_colors_info=\u00bb{}\u00bb][\/et_pb_heading][\/et_pb_column][et_pb_column type=\u00bb1_3&#8243; _builder_version=\u00bb4.25.1&#8243; _module_preset=\u00bb50607da8-57bc-4d4b-aaef-f02e41c2cc4a\u00bb global_colors_info=\u00bb{}\u00bb][et_pb_icon font_icon=\u00bb&#xf4d3;||fa||900&#8243; url=\u00bbhttps:\/\/diparsa.com\/ganaderia\/\u00bb align=\u00bbcenter\u00bb _builder_version=\u00bb4.27.2&#8243; _module_preset=\u00bbc2c23269-d09e-4bca-9247-65cd5ecf15a9&#8243; global_colors_info=\u00bb{}\u00bb][\/et_pb_icon][et_pb_heading title=\u00bbGanader\u00eda\u00bb _builder_version=\u00bb4.25.1&#8243; _module_preset=\u00bbf0c675ea-2574-4d0e-b725-30f8550a8550&#8243; title_font=\u00bbProza Libre|Cormorant Garamond_weight||on|||||\u00bb title_text_align=\u00bbcenter\u00bb title_text_color=\u00bb#111111&#8243; custom_margin=\u00bb||0px||false|false\u00bb global_colors_info=\u00bb{}\u00bb][\/et_pb_heading][\/et_pb_column][et_pb_column type=\u00bb1_3&#8243; _builder_version=\u00bb4.25.1&#8243; _module_preset=\u00bb50607da8-57bc-4d4b-aaef-f02e41c2cc4a\u00bb global_colors_info=\u00bb{}\u00bb][et_pb_icon font_icon=\u00bb&#xf722;||fa||900&#8243; url=\u00bbhttps:\/\/diparsa.com\/tratamiento-de-agua-en-agricultura\/\u00bb align=\u00bbcenter\u00bb _builder_version=\u00bb4.27.4&#8243; _module_preset=\u00bbc2c23269-d09e-4bca-9247-65cd5ecf15a9&#8243; global_colors_info=\u00bb{}\u00bb][\/et_pb_icon][et_pb_heading title=\u00bbAgricultura\u00bb _builder_version=\u00bb4.25.1&#8243; _module_preset=\u00bbf0c675ea-2574-4d0e-b725-30f8550a8550&#8243; title_font=\u00bbProza Libre|Cormorant Garamond_weight||on|||||\u00bb title_text_align=\u00bbcenter\u00bb title_text_color=\u00bb#111111&#8243; custom_margin=\u00bb||0px||false|false\u00bb global_colors_info=\u00bb{}\u00bb][\/et_pb_heading][\/et_pb_column][\/et_pb_row][et_pb_row column_structure=\u00bb1_3,1_3,1_3&#8243; use_custom_gutter=\u00bbon\u00bb gutter_width=\u00bb2&#8243; _builder_version=\u00bb4.27.2&#8243; _module_preset=\u00bbdefault\u00bb custom_padding=\u00bb||10px||false|false\u00bb global_colors_info=\u00bb{}\u00bb][et_pb_column type=\u00bb1_3&#8243; _builder_version=\u00bb4.25.1&#8243; _module_preset=\u00bb50607da8-57bc-4d4b-aaef-f02e41c2cc4a\u00bb global_colors_info=\u00bb{}\u00bb][et_pb_icon font_icon=\u00bb&#xf1b8;||fa||900&#8243; url=\u00bbhttps:\/\/diparsa.com\/tratamiento-de-aguas-residuales\/\u00bb align=\u00bbcenter\u00bb _builder_version=\u00bb4.27.3&#8243; _module_preset=\u00bbc2c23269-d09e-4bca-9247-65cd5ecf15a9&#8243; global_colors_info=\u00bb{}\u00bb][\/et_pb_icon][et_pb_heading title=\u00bbAguas Residuales\u00bb _builder_version=\u00bb4.27.3&#8243; _module_preset=\u00bbf0c675ea-2574-4d0e-b725-30f8550a8550&#8243; title_font=\u00bbProza Libre|Cormorant Garamond_weight||on|||||\u00bb title_text_align=\u00bbcenter\u00bb title_text_color=\u00bb#111111&#8243; custom_margin=\u00bb||0px||false|false\u00bb global_colors_info=\u00bb{}\u00bb][\/et_pb_heading][\/et_pb_column][et_pb_column type=\u00bb1_3&#8243; _builder_version=\u00bb4.25.1&#8243; _module_preset=\u00bb50607da8-57bc-4d4b-aaef-f02e41c2cc4a\u00bb global_colors_info=\u00bb{}\u00bb][et_pb_icon font_icon=\u00bb&#xf043;||fa||900&#8243; url=\u00bbhttps:\/\/diparsa.com\/tratamiento-de-agua-de-pozo\/\u00bb align=\u00bbcenter\u00bb _builder_version=\u00bb4.27.3&#8243; _module_preset=\u00bbc2c23269-d09e-4bca-9247-65cd5ecf15a9&#8243; global_colors_info=\u00bb{}\u00bb][\/et_pb_icon][et_pb_heading title=\u00bbpozos\u00bb _builder_version=\u00bb4.27.2&#8243; _module_preset=\u00bbf0c675ea-2574-4d0e-b725-30f8550a8550&#8243; title_font=\u00bbProza Libre|Cormorant Garamond_weight||on|||||\u00bb title_text_align=\u00bbcenter\u00bb title_text_color=\u00bb#111111&#8243; custom_margin=\u00bb||0px||false|false\u00bb global_colors_info=\u00bb{}\u00bb][\/et_pb_heading][\/et_pb_column][et_pb_column type=\u00bb1_3&#8243; _builder_version=\u00bb4.25.1&#8243; _module_preset=\u00bb50607da8-57bc-4d4b-aaef-f02e41c2cc4a\u00bb global_colors_info=\u00bb{}\u00bb][et_pb_icon font_icon=\u00bb&#xf0fd;||fa||900&#8243; url=\u00bbhttps:\/\/diparsa.com\/tratamiento-de-agua-en-salud\/\u00bb align=\u00bbcenter\u00bb _builder_version=\u00bb4.27.3&#8243; _module_preset=\u00bbc2c23269-d09e-4bca-9247-65cd5ecf15a9&#8243; global_colors_info=\u00bb{}\u00bb][\/et_pb_icon][et_pb_heading title=\u00bbsalud\u00bb _builder_version=\u00bb4.27.2&#8243; _module_preset=\u00bbf0c675ea-2574-4d0e-b725-30f8550a8550&#8243; title_font=\u00bbProza Libre|Cormorant Garamond_weight||on|||||\u00bb title_text_align=\u00bbcenter\u00bb title_text_color=\u00bb#111111&#8243; custom_margin=\u00bb||0px||false|false\u00bb global_colors_info=\u00bb{}\u00bb][\/et_pb_heading][\/et_pb_column][\/et_pb_row][et_pb_row column_structure=\u00bb1_3,1_3,1_3&#8243; use_custom_gutter=\u00bbon\u00bb gutter_width=\u00bb2&#8243; _builder_version=\u00bb4.27.2&#8243; _module_preset=\u00bbdefault\u00bb custom_padding=\u00bb||10px||false|false\u00bb global_colors_info=\u00bb{}\u00bb][et_pb_column type=\u00bb1_3&#8243; _builder_version=\u00bb4.25.1&#8243; _module_preset=\u00bb50607da8-57bc-4d4b-aaef-f02e41c2cc4a\u00bb global_colors_info=\u00bb{}\u00bb][et_pb_icon font_icon=\u00bb&#xe065;||fa||900&#8243; url=\u00bbhttps:\/\/diparsa.com\/hogar\/\u00bb align=\u00bbcenter\u00bb _builder_version=\u00bb4.27.2&#8243; _module_preset=\u00bbc2c23269-d09e-4bca-9247-65cd5ecf15a9&#8243; global_colors_info=\u00bb{}\u00bb][\/et_pb_icon][et_pb_heading title=\u00bbhogar\u00bb _builder_version=\u00bb4.27.2&#8243; _module_preset=\u00bbf0c675ea-2574-4d0e-b725-30f8550a8550&#8243; title_font=\u00bbProza Libre|Cormorant Garamond_weight||on|||||\u00bb title_text_align=\u00bbcenter\u00bb title_text_color=\u00bb#111111&#8243; custom_margin=\u00bb||0px||false|false\u00bb global_colors_info=\u00bb{}\u00bb][\/et_pb_heading][\/et_pb_column][et_pb_column type=\u00bb1_3&#8243; _builder_version=\u00bb4.25.1&#8243; _module_preset=\u00bb50607da8-57bc-4d4b-aaef-f02e41c2cc4a\u00bb global_colors_info=\u00bb{}\u00bb][et_pb_icon font_icon=\u00bb&#xf594;||fa||900&#8243; url=\u00bbhttps:\/\/diparsa.com\/hoteles-campings-y-organismos-publicos\/\u00bb align=\u00bbcenter\u00bb _builder_version=\u00bb4.27.2&#8243; _module_preset=\u00bbc2c23269-d09e-4bca-9247-65cd5ecf15a9&#8243; global_colors_info=\u00bb{}\u00bb][\/et_pb_icon][et_pb_heading title=\u00bbhoteles, c\u00e1mpings y organismos p\u00fablicos\u00bb _builder_version=\u00bb4.27.2&#8243; _module_preset=\u00bbf0c675ea-2574-4d0e-b725-30f8550a8550&#8243; title_font=\u00bbProza Libre|Cormorant Garamond_weight||on|||||\u00bb title_text_align=\u00bbcenter\u00bb title_text_color=\u00bb#111111&#8243; custom_margin=\u00bb||0px||false|false\u00bb global_colors_info=\u00bb{}\u00bb][\/et_pb_heading][\/et_pb_column][et_pb_column type=\u00bb1_3&#8243; _builder_version=\u00bb4.25.1&#8243; _module_preset=\u00bb50607da8-57bc-4d4b-aaef-f02e41c2cc4a\u00bb global_colors_info=\u00bb{}\u00bb][et_pb_icon font_icon=\u00bb&#xf5c5;||fa||900&#8243; url=\u00bbhttps:\/\/diparsa.com\/piscinas-spa-y-bienestar\/\u00bb align=\u00bbcenter\u00bb _builder_version=\u00bb4.27.2&#8243; _module_preset=\u00bbc2c23269-d09e-4bca-9247-65cd5ecf15a9&#8243; global_colors_info=\u00bb{}\u00bb][\/et_pb_icon][et_pb_heading title=\u00bbpiscinas. spa y bienestar\u00bb _builder_version=\u00bb4.27.2&#8243; _module_preset=\u00bbf0c675ea-2574-4d0e-b725-30f8550a8550&#8243; title_font=\u00bbProza Libre|Cormorant Garamond_weight||on|||||\u00bb title_text_align=\u00bbcenter\u00bb title_text_color=\u00bb#111111&#8243; custom_margin=\u00bb||0px||false|false\u00bb global_colors_info=\u00bb{}\u00bb][\/et_pb_heading][\/et_pb_column][\/et_pb_row][\/et_pb_section]<\/p>\n","protected":false},"excerpt":{"rendered":"<p>Seg\u00fan el origen y el uso que se quiera dar, el tratamiento de agua puede variar, hay tantos tratamientos como aguas y cada una tiene su aplicaci\u00f3n espec\u00edfica en funci\u00f3n de las necesidades h\u00eddricas. El tratamiento de agua nos beneficia de muchas maneras, tanto a nivel de salud, ambiental, econ\u00f3mico como social.El tratamiento de agua [&hellip;]<\/p>\n","protected":false},"author":1,"featured_media":0,"parent":0,"menu_order":0,"comment_status":"closed","ping_status":"closed","template":"","meta":{"_et_pb_use_builder":"on","_et_pb_old_content":"","_et_gb_content_width":"","footnotes":""},"class_list":["post-175","page","type-page","status-publish","hentry"],"_links":{"self":[{"href":"https:\/\/diparsa.com\/es\/wp-json\/wp\/v2\/pages\/175","targetHints":{"allow":["GET"]}}],"collection":[{"href":"https:\/\/diparsa.com\/es\/wp-json\/wp\/v2\/pages"}],"about":[{"href":"https:\/\/diparsa.com\/es\/wp-json\/wp\/v2\/types\/page"}],"author":[{"embeddable":true,"href":"https:\/\/diparsa.com\/es\/wp-json\/wp\/v2\/users\/1"}],"replies":[{"embeddable":true,"href":"https:\/\/diparsa.com\/es\/wp-json\/wp\/v2\/comments?post=175"}],"version-history":[{"count":0,"href":"https:\/\/diparsa.com\/es\/wp-json\/wp\/v2\/pages\/175\/revisions"}],"wp:attachment":[{"href":"https:\/\/diparsa.com\/es\/wp-json\/wp\/v2\/media?parent=175"}],"curies":[{"name":"wp","href":"https:\/\/api.w.org\/{rel}","templated":true}]}}