{"id":406090,"date":"2025-08-08T09:39:54","date_gmt":"2025-08-08T09:39:54","guid":{"rendered":"https:\/\/diparsa.com\/como-trabajamos\/"},"modified":"2025-11-03T08:39:28","modified_gmt":"2025-11-03T08:39:28","slug":"como-trabajamos","status":"publish","type":"page","link":"https:\/\/diparsa.com\/es\/como-trabajamos\/","title":{"rendered":"\u00bfC\u00f3mo trabajamos?"},"content":{"rendered":"<p>[et_pb_section fb_built=\u00bb1&#8243; _builder_version=\u00bb4.27.4&#8243; _module_preset=\u00bbdefault\u00bb global_colors_info=\u00bb{}\u00bb][et_pb_row _builder_version=\u00bb4.27.4&#8243; _module_preset=\u00bbdefault\u00bb global_colors_info=\u00bb{}\u00bb][et_pb_column type=\u00bb4_4&#8243; _builder_version=\u00bb4.27.4&#8243; _module_preset=\u00bbdefault\u00bb global_colors_info=\u00bb{}\u00bb][et_pb_text _builder_version=\u00bb4.27.4&#8243; _module_preset=\u00bbdefault\u00bb global_colors_info=\u00bb{}\u00bb]<\/p>\n<p><span style=\"font-family: tahoma, sans-serif;\">En Diparsa sabemos que cada proyecto es \u00fanico y es necesario que se haga un tratamiento de agua que d\u00e9 garant\u00edas de calidad y excelencia durante todo el proceso.<\/span><\/p>\n<p><span style=\"font-family: tahoma, sans-serif;\">Nuestra metodolog\u00eda nos permite acompa\u00f1arle durante todo el camino para poder dise\u00f1ar el agua que necesite.<\/span><\/p>\n<p><span style=\"font-family: tahoma, sans-serif;\">Nuestra propuesta de servicio integral de tratamiento de agua asegura el \u00e9xito del proyecto desde el primer contacto hasta mucho despu\u00e9s de la entrega de la instalaci\u00f3n:<\/span><\/p>\n<p>[\/et_pb_text][\/et_pb_column][\/et_pb_row][et_pb_row _builder_version=\u00bb4.27.4&#8243; _module_preset=\u00bbdefault\u00bb global_colors_info=\u00bb{}\u00bb][et_pb_column type=\u00bb4_4&#8243; _builder_version=\u00bb4.27.4&#8243; _module_preset=\u00bbdefault\u00bb global_colors_info=\u00bb{}\u00bb][dondivi_timeline _builder_version=\u00bb4.27.4&#8243; _module_preset=\u00bbdefault\u00bb hover_enabled=\u00bb0&#8243; global_colors_info=\u00bb{}\u00bb sticky_enabled=\u00bb0&#8243;][dondivi_timeline_item line_content=\u00bbtext\u00bb line_text=\u00bb1&#8243; cc_icon_image=\u00bbicon\u00bb cc_icon=\u00bb\ue090||divi||400&#8243; cc_icon_width=\u00bb35px\u00bb cc_title=\u00bbContacte i assessorament\u00bb cc_title_last_edited=\u00bboff|phone\u00bb content_tablet=\u00bb\u00bb content_phone=\u00bb\u00bb content_last_edited=\u00bbon|phone\u00bb _builder_version=\u00bb4.27.4&#8243; _module_preset=\u00bbdefault\u00bb line_font=\u00bb|700|||||||\u00bb line_font_size=\u00bb40px\u00bb text_orientation=\u00bbcenter\u00bb custom_padding_tablet=\u00bb\u00bb custom_padding_phone=\u00bb|9px||9px|false|true\u00bb custom_padding_last_edited=\u00bbon|phone\u00bb label_font_size_tablet=\u00bb\u00bb label_font_size_phone=\u00bb\u00bb label_font_size_last_edited=\u00bbon|phone\u00bb line_font_size_tablet=\u00bb40px\u00bb line_font_size_phone=\u00bb40px\u00bb line_font_size_last_edited=\u00bbon|phone\u00bb global_colors_info=\u00bb{}\u00bb][\/dondivi_timeline_item][dondivi_timeline_item line_content=\u00bbtext\u00bb line_text=\u00bb2&#8243; cc_icon_image=\u00bbicon\u00bb cc_icon=\u00bb\uf0c3||fa||900&#8243; cc_icon_width=\u00bb35px\u00bb cc_title=\u00bbAn\u00e0lisi d&#8217;aigua al laboratori\u00bb _builder_version=\u00bb4.27.4&#8243; _module_preset=\u00bbdefault\u00bb line_font=\u00bb|700|||||||\u00bb line_font_size=\u00bb40px\u00bb text_orientation=\u00bbcenter\u00bb global_colors_info=\u00bb{}\u00bb][\/dondivi_timeline_item][dondivi_timeline_item line_content=\u00bbtext\u00bb line_text=\u00bb3&#8243; cc_icon_image=\u00bbicon\u00bb cc_icon=\u00bb\ue0e6||divi||400&#8243; cc_icon_width=\u00bb35px\u00bb cc_title=\u00bbEstudi i c\u00e0lcul del projecte\u00bb _builder_version=\u00bb4.27.4&#8243; _module_preset=\u00bbdefault\u00bb line_font=\u00bb|700|||||||\u00bb line_font_size=\u00bb45px\u00bb text_orientation=\u00bbcenter\u00bb custom_padding_tablet=\u00bb\u00bb custom_padding_phone=\u00bb|38px||38px|false|true\u00bb custom_padding_last_edited=\u00bbon|phone\u00bb global_colors_info=\u00bb{}\u00bb][\/dondivi_timeline_item][dondivi_timeline_item line_content=\u00bbtext\u00bb line_text=\u00bb4&#8243; cc_icon_image=\u00bbicon\u00bb cc_icon=\u00bb\uf570||fa||900&#8243; cc_icon_width=\u00bb35px\u00bb cc_title=\u00bbLliurem pressupost\u00bb _builder_version=\u00bb4.27.4&#8243; _module_preset=\u00bbdefault\u00bb line_font=\u00bb|700|||||||\u00bb line_font_size=\u00bb40px\u00bb text_orientation=\u00bbcenter\u00bb custom_padding_tablet=\u00bb\u00bb custom_padding_phone=\u00bb|26px||26px|false|true\u00bb custom_padding_last_edited=\u00bbon|phone\u00bb global_colors_info=\u00bb{}\u00bb][\/dondivi_timeline_item][dondivi_timeline_item line_content=\u00bbtext\u00bb line_text=\u00bb5&#8243; cc_icon_image=\u00bbicon\u00bb cc_icon=\u00bb\ue035||divi||400&#8243; cc_icon_width=\u00bb35px\u00bb cc_title=\u00bbInstal.laci\u00f3 dels equips\u00bb _builder_version=\u00bb4.27.4&#8243; _module_preset=\u00bbdefault\u00bb line_font=\u00bb|700|||||||\u00bb line_font_size=\u00bb40px\u00bb text_orientation=\u00bbcenter\u00bb custom_padding_tablet=\u00bb\u00bb custom_padding_phone=\u00bb|27px||27px|false|true\u00bb custom_padding_last_edited=\u00bbon|phone\u00bb hover_enabled=\u00bb0&#8243; global_colors_info=\u00bb{}\u00bb sticky_enabled=\u00bb0&#8243;][\/dondivi_timeline_item][dondivi_timeline_item line_content=\u00bbtext\u00bb line_text=\u00bb6&#8243; cc_icon_image=\u00bbicon\u00bb cc_icon=\u00bb+||divi||400&#8243; cc_icon_width=\u00bb35px\u00bb cc_title=\u00bbLliurament de tota la instal.laci\u00f3\u00bb _builder_version=\u00bb4.27.4&#8243; _module_preset=\u00bbdefault\u00bb line_font=\u00bb|700|||||||\u00bb line_font_size=\u00bb40px\u00bb text_orientation=\u00bbcenter\u00bb custom_padding_tablet=\u00bb\u00bb custom_padding_phone=\u00bb|26px||26px|false|true\u00bb custom_padding_last_edited=\u00bbon|phone\u00bb global_colors_info=\u00bb{}\u00bb][\/dondivi_timeline_item][dondivi_timeline_item line_content=\u00bbtext\u00bb line_text=\u00bb7&#8243; cc_icon_image=\u00bbicon\u00bb cc_icon=\u00bb\ue085||divi||400&#8243; cc_icon_width=\u00bb35px\u00bb cc_title=\u00bbServei post venda de seguiment, manteniment i assessorament  \u00bb _builder_version=\u00bb4.27.4&#8243; _module_preset=\u00bbdefault\u00bb line_font=\u00bb|700|||||||\u00bb line_font_size=\u00bb40px\u00bb text_orientation=\u00bbcenter\u00bb custom_padding_tablet=\u00bb\u00bb custom_padding_phone=\u00bb|9px||9px|false|true\u00bb custom_padding_last_edited=\u00bbon|phone\u00bb hover_enabled=\u00bb0&#8243; global_colors_info=\u00bb{}\u00bb sticky_enabled=\u00bb0&#8243;][\/dondivi_timeline_item][\/dondivi_timeline][\/et_pb_column][\/et_pb_row][et_pb_row _builder_version=\u00bb4.27.4&#8243; _module_preset=\u00bbdefault\u00bb global_colors_info=\u00bb{}\u00bb][et_pb_column type=\u00bb4_4&#8243; _builder_version=\u00bb4.27.4&#8243; _module_preset=\u00bbdefault\u00bb global_colors_info=\u00bb{}\u00bb][et_pb_blurb title=\u00bbConsulta nuestros laboratorios colaboradores\u00bb url=\u00bbhttps:\/\/staging.diparsa.com\/laboratoris-collaboradors\/\u00bb url_new_window=\u00bbon\u00bb use_icon=\u00bbon\u00bb font_icon=\u00bb&#xf492;||fa||900&#8243; image_icon_width=\u00bb40px\u00bb icon_alignment=\u00bbcenter\u00bb _builder_version=\u00bb4.27.4&#8243; _module_preset=\u00bbdefault\u00bb background_color=\u00bb#f1f5f9&#8243; text_orientation=\u00bbcenter\u00bb custom_padding=\u00bb10px|7px|10px|7px|true|true\u00bb border_radii=\u00bbon|5px|5px|5px|5px\u00bb box_shadow_style=\u00bbpreset2&#8243; box_shadow_horizontal=\u00bb13px\u00bb global_colors_info=\u00bb{}\u00bb][\/et_pb_blurb][\/et_pb_column][\/et_pb_row][\/et_pb_section]<\/p>\n","protected":false},"excerpt":{"rendered":"<p>En Diparsa sabemos que cada proyecto es \u00fanico y es necesario que se haga un tratamiento de agua que d\u00e9 garant\u00edas de calidad y excelencia durante todo el proceso. Nuestra metodolog\u00eda nos permite acompa\u00f1arle durante todo el camino para poder dise\u00f1ar el agua que necesite. Nuestra propuesta de servicio integral de tratamiento de agua asegura [&hellip;]<\/p>\n","protected":false},"author":2,"featured_media":0,"parent":0,"menu_order":0,"comment_status":"closed","ping_status":"closed","template":"","meta":{"_et_pb_use_builder":"on","_et_pb_old_content":"","_et_gb_content_width":"","footnotes":""},"class_list":["post-406090","page","type-page","status-publish","hentry"],"_links":{"self":[{"href":"https:\/\/diparsa.com\/es\/wp-json\/wp\/v2\/pages\/406090","targetHints":{"allow":["GET"]}}],"collection":[{"href":"https:\/\/diparsa.com\/es\/wp-json\/wp\/v2\/pages"}],"about":[{"href":"https:\/\/diparsa.com\/es\/wp-json\/wp\/v2\/types\/page"}],"author":[{"embeddable":true,"href":"https:\/\/diparsa.com\/es\/wp-json\/wp\/v2\/users\/2"}],"replies":[{"embeddable":true,"href":"https:\/\/diparsa.com\/es\/wp-json\/wp\/v2\/comments?post=406090"}],"version-history":[{"count":0,"href":"https:\/\/diparsa.com\/es\/wp-json\/wp\/v2\/pages\/406090\/revisions"}],"wp:attachment":[{"href":"https:\/\/diparsa.com\/es\/wp-json\/wp\/v2\/media?parent=406090"}],"curies":[{"name":"wp","href":"https:\/\/api.w.org\/{rel}","templated":true}]}}