{"id":406770,"date":"2026-01-20T08:01:17","date_gmt":"2026-01-20T08:01:17","guid":{"rendered":"https:\/\/diparsa.com\/tratamiento-de-agua-en-manresa\/"},"modified":"2026-04-23T07:34:36","modified_gmt":"2026-04-23T07:34:36","slug":"tratamiento-de-agua-en-manresa","status":"publish","type":"page","link":"https:\/\/diparsa.com\/es\/tratamiento-de-agua-en-manresa\/","title":{"rendered":"Tratamiento de agua en Manresa"},"content":{"rendered":"<p>[et_pb_section fb_built=\u00bb1&#8243; _builder_version=\u00bb4.27.2&#8243; _module_preset=\u00bbdefault\u00bb locked=\u00bboff\u00bb global_colors_info=\u00bb{}\u00bb theme_builder_area=\u00bbpost_content\u00bb][et_pb_row _builder_version=\u00bb4.27.3&#8243; _module_preset=\u00bbdefault\u00bb locked=\u00bboff\u00bb global_colors_info=\u00bb{}\u00bb theme_builder_area=\u00bbpost_content\u00bb][et_pb_column type=\u00bb4_4&#8243; _builder_version=\u00bb4.27.3&#8243; _module_preset=\u00bbdefault\u00bb global_colors_info=\u00bb{}\u00bb theme_builder_area=\u00bbpost_content\u00bb][et_pb_heading title=\u00bbTratamiento de agua en Manresa\u00bb _builder_version=\u00bb4.27.5&#8243; _module_preset=\u00bbdefault\u00bb title_level=\u00bbh1&#8243; hover_enabled=\u00bb0&#8243; global_colors_info=\u00bb{}\u00bb theme_builder_area=\u00bbpost_content\u00bb sticky_enabled=\u00bb0&#8243;][\/et_pb_heading][\/et_pb_column][\/et_pb_row][et_pb_row column_structure=\u00bb1_2,1_2&#8243; _builder_version=\u00bb4.27.2&#8243; _module_preset=\u00bbdefault\u00bb global_colors_info=\u00bb{}\u00bb theme_builder_area=\u00bbpost_content\u00bb][et_pb_column type=\u00bb1_2&#8243; _builder_version=\u00bb4.27.2&#8243; _module_preset=\u00bbdefault\u00bb global_colors_info=\u00bb{}\u00bb theme_builder_area=\u00bbpost_content\u00bb][et_pb_image src=\u00bbhttps:\/\/diparsa.com\/wp-content\/uploads\/2025\/02\/Consumo-Agua.webp\u00bb alt=\u00bbtratamiento de agua en manresa\u00bb title_text=\u00bbtratamiento de agua en manresa\u00bb _builder_version=\u00bb4.27.5&#8243; _module_preset=\u00bbdefault\u00bb custom_padding=\u00bb3px|||||\u00bb hover_enabled=\u00bb0&#8243; global_colors_info=\u00bb{}\u00bb theme_builder_area=\u00bbpost_content\u00bb sticky_enabled=\u00bb0&#8243; width=\u00bb64%\u00bb module_alignment=\u00bbcenter\u00bb][\/et_pb_image][\/et_pb_column][et_pb_column type=\u00bb1_2&#8243; _builder_version=\u00bb4.27.2&#8243; _module_preset=\u00bbdefault\u00bb global_colors_info=\u00bb{}\u00bb theme_builder_area=\u00bbpost_content\u00bb][et_pb_heading title=\u00bbExpertos en Soluciones de Agua desde 1966&#8243; _builder_version=\u00bb4.27.5&#8243; _module_preset=\u00bbdefault\u00bb title_font_size=\u00bb27px\u00bb custom_padding=\u00bb66px|||||\u00bb hover_enabled=\u00bb0&#8243; global_colors_info=\u00bb{}\u00bb locked=\u00bboff\u00bb theme_builder_area=\u00bbpost_content\u00bb sticky_enabled=\u00bb0&#8243;][\/et_pb_heading][et_pb_text _builder_version=\u00bb4.27.5&#8243; _module_preset=\u00bbdefault\u00bb hover_enabled=\u00bb0&#8243; global_colors_info=\u00bb{}\u00bb locked=\u00bboff\u00bb theme_builder_area=\u00bbpost_content\u00bb sticky_enabled=\u00bb0&#8243;]<\/p>\n<p>En Diparsa, con m\u00e1s de cinco d\u00e9cadas de trayectoria como expertos en el manejo del agua, nos dedicamos a proporcionar soluciones completas para el tratamiento de agua en Manresa y en toda la comarca del Bages.<\/p>\n<p>Nuestro compromiso es proporcionar agua de la m\u00e1s alta calidad adaptada a las necesidades espec\u00edficas de cada cliente.<\/p>\n<p>[\/et_pb_text][\/et_pb_column][\/et_pb_row][et_pb_row _builder_version=\u00bb4.27.2&#8243; _module_preset=\u00bbdefault\u00bb custom_padding=\u00bb||0px|||\u00bb global_colors_info=\u00bb{}\u00bb theme_builder_area=\u00bbpost_content\u00bb][et_pb_column type=\u00bb4_4&#8243; _builder_version=\u00bb4.27.2&#8243; _module_preset=\u00bbdefault\u00bb global_colors_info=\u00bb{}\u00bb theme_builder_area=\u00bbpost_content\u00bb][et_pb_heading title=\u00bb\u00bfPor qu\u00e9 tratar el agua?\u00bb _builder_version=\u00bb4.27.5&#8243; _module_preset=\u00bbdefault\u00bb title_font_size=\u00bb27px\u00bb hover_enabled=\u00bb0&#8243; global_colors_info=\u00bb{}\u00bb locked=\u00bboff\u00bb theme_builder_area=\u00bbpost_content\u00bb sticky_enabled=\u00bb0&#8243;][\/et_pb_heading][et_pb_text _builder_version=\u00bb4.27.4&#8243; _module_preset=\u00bbdefault\u00bb global_colors_info=\u00bb{}\u00bb locked=\u00bboff\u00bb theme_builder_area=\u00bbpost_content\u00bb]<\/p>\n<p>El agua puede contener impurezas y contaminantes que comprometen su calidad y seguridad. Los principales retos incluyen: <\/p>\n<ul>\n<li><strong>Contaminantes qu\u00edmicos<\/strong> : Nitratos, metales pesados \u200b\u200by otros compuestos nocivos.<\/li>\n<li><strong>Microorganismos pat\u00f3genos<\/strong> : Bacterias y virus que representan un riesgo para la salud.<\/li>\n<li><strong>Dureza del agua<\/strong> : Altas concentraciones de minerales que generan incrustaciones y reducen la eficiencia de los electrodom\u00e9sticos.<\/li>\n<\/ul>\n<p>Un tratamiento adecuado ofrece m\u00faltiples beneficios:<\/p>\n<ul>\n<li><strong>Agua limpia y saludable<\/strong> : Libre de sustancias perjudiciales.<\/li>\n<li><strong>Protecci\u00f3n de sistemas<\/strong> : Prevenci\u00f3n de da\u00f1os en tuber\u00edas y equipos.<\/li>\n<li><strong>Cumplimiento legal<\/strong> : Garantizando que el agua se ajusta a los est\u00e1ndares normativos.<\/li>\n<\/ul>\n<p>[\/et_pb_text][et_pb_divider _builder_version=\u00bb4.27.5&#8243; _module_preset=\u00bbdefault\u00bb theme_builder_area=\u00bbpost_content\u00bb hover_enabled=\u00bb0&#8243; sticky_enabled=\u00bb0&#8243;][\/et_pb_divider][\/et_pb_column][\/et_pb_row][et_pb_row _builder_version=\u00bb4.27.4&#8243; _module_preset=\u00bbdefault\u00bb global_colors_info=\u00bb{}\u00bb locked=\u00bboff\u00bb theme_builder_area=\u00bbpost_content\u00bb][et_pb_column type=\u00bb4_4&#8243; _builder_version=\u00bb4.27.4&#8243; _module_preset=\u00bbdefault\u00bb global_colors_info=\u00bb{}\u00bb theme_builder_area=\u00bbpost_content\u00bb][et_pb_heading title=\u00bbNuestra especializaci\u00f3n en tratamiento de agua\u00bb _builder_version=\u00bb4.27.4&#8243; _module_preset=\u00bbdefault\u00bb title_font=\u00bb&#8211;et_global_heading_font|600|||||||\u00bb title_text_align=\u00bbcenter\u00bb title_text_color=\u00bbgcid-secondary-color\u00bb title_font_size=\u00bb29px\u00bb title_font_size_tablet=\u00bb29px\u00bb title_font_size_phone=\u00bb23px\u00bb title_font_size_last_edited=\u00bbon|tablet\u00bb global_colors_info=\u00bb{%22gcid-secondary-color%22:%91%22title_text_color%22%93}\u00bb theme_builder_area=\u00bbpost_content\u00bb][\/et_pb_heading][et_pb_heading title=\u00bb\u00bfQu\u00e9 hacemos?\u00bb _builder_version=\u00bb4.27.4&#8243; _module_preset=\u00bbdefault\u00bb title_level=\u00bbh3&#8243; title_font=\u00bb&#8211;et_global_heading_font|600|||||||\u00bb title_text_align=\u00bbcenter\u00bb title_text_color=\u00bbgcid-secondary-color\u00bb title_font_size=\u00bb25px\u00bb title_font_size_tablet=\u00bb24px\u00bb title_font_size_phone=\u00bb24px\u00bb title_font_size_last_edited=\u00bbon|tablet\u00bb global_colors_info=\u00bb{%22gcid-secondary-color%22:%91%22title_text_color%22%93}\u00bb theme_builder_area=\u00bbpost_content\u00bb][\/et_pb_heading][\/et_pb_column][\/et_pb_row][et_pb_row column_structure=\u00bb1_3,1_3,1_3&#8243; _builder_version=\u00bb4.27.4&#8243; _module_preset=\u00bbdefault\u00bb global_colors_info=\u00bb{}\u00bb locked=\u00bboff\u00bb theme_builder_area=\u00bbpost_content\u00bb][et_pb_column type=\u00bb1_3&#8243; _builder_version=\u00bb4.27.4&#8243; _module_preset=\u00bbdefault\u00bb global_colors_info=\u00bb{}\u00bb theme_builder_area=\u00bbpost_content\u00bb][et_pb_blurb use_icon=\u00bbon\u00bb font_icon=\u00bb&#xf043;||fa||900&#8243; icon_color=\u00bb#0C71C3&#8243; image_icon_background_color=\u00bbRGBA(255,255,255,0)\u00bb image_icon_width=\u00bb42px\u00bb icon_alignment=\u00bbcenter\u00bb image_icon_width_tablet=\u00bb42px\u00bb image_icon_width_phone=\u00bb42px\u00bb image_icon_width_last_edited=\u00bbon|phone\u00bb _builder_version=\u00bb4.27.4&#8243; _module_preset=\u00bbdefault\u00bb body_text_color=\u00bb#0C71C3&#8243; background_color=\u00bb#f9f9f9&#8243; background_enable_image=\u00bboff\u00bb custom_padding=\u00bb7px|7px|7px|7px|true|true\u00bb box_shadow_style=\u00bbpreset3&#8243; box_shadow_vertical=\u00bb6px\u00bb box_shadow_blur=\u00bb9px\u00bb global_colors_info=\u00bb{%22gcid-heading-color%22:%91%22header_text_color%22,%22header_text_color%22,%22header_text_color%22,%22header_text_color%22,%22header_text_color%22,%22header_text_color%22,%22header_text_color%22,%22header_text_color%22,%22header_text_color%22,%22header_text_color%22,%22header_text_color%22,%22header_text_color%22,%22header_text_color%22%93,%22gcid-primary-color%22:%91%22body_link_text_color%22,%22icon_color%22,%22body_link_text_color%22,%22body_link_text_color%22,%22body_link_text_color%22,%22body_link_text_color%22,%22body_link_text_color%22,%22body_link_text_color%22,%22body_link_text_color%22,%22body_link_text_color%22,%22body_link_text_color%22,%22body_link_text_color%22,%22body_link_text_color%22,%22body_link_text_color%22%93}\u00bb theme_builder_area=\u00bbpost_content\u00bb]<\/p>\n<ul>\n<li class=\"p1\"><a href=\"https:\/\/diparsa.com\/es\/tratamiento-de-agua-de-pozo\/\">Bombeo de agua de pozo<\/a><\/li>\n<li class=\"p1\">Bombeo de agua para uso dom\u00e9stico<\/li>\n<li class=\"p1\">Bombeo de agua para uso industrial<\/li>\n<li class=\"p1\">Bombeo de agua para grandes caudales<\/li>\n<li class=\"p1\">Bombeo de aguas residuales<\/li>\n<li class=\"p1\">Bombeo para riegos<\/li>\n<li class=\"p1\">Todo tipo de bombeo<\/li>\n<li class=\"p1\">Grupo a presi\u00f3n para uso dom\u00e9stico<\/li>\n<li class=\"p1\">Grupo a presi\u00f3n para uso industrial<\/li>\n<li class=\"p1\">Equipos contraincendios<\/li>\n<li class=\"p1\">Desinfecci\u00f3n<\/li>\n<li class=\"p1\">Dosificaci\u00f3n de desinfectante<\/li>\n<li class=\"p1\">Dosificaci\u00f3n de abonos<\/li>\n<li class=\"p1\">Dosificaci\u00f3n de floculantes y coagulantes<\/li>\n<li class=\"p1\">Todo tipo de dosificaciones<\/li>\n<\/ul>\n<p>[\/et_pb_blurb][\/et_pb_column][et_pb_column type=\u00bb1_3&#8243; _builder_version=\u00bb4.27.4&#8243; _module_preset=\u00bbdefault\u00bb global_colors_info=\u00bb{}\u00bb theme_builder_area=\u00bbpost_content\u00bb][et_pb_blurb use_icon=\u00bbon\u00bb font_icon=\u00bb&#xe076;||fa||900&#8243; icon_color=\u00bb#0C71C3&#8243; image_icon_width=\u00bb42px\u00bb icon_alignment=\u00bbcenter\u00bb _builder_version=\u00bb4.27.4&#8243; _module_preset=\u00bbdefault\u00bb header_text_color=\u00bb#0C71C3&#8243; body_text_color=\u00bb#0C71C3&#8243; background_color=\u00bb#f9f9f9&#8243; background_enable_image=\u00bboff\u00bb custom_padding=\u00bb7px|7px|7px|7px|true|true\u00bb custom_padding_last_edited=\u00bboff|desktop\u00bb box_shadow_style=\u00bbpreset3&#8243; box_shadow_vertical=\u00bb6px\u00bb box_shadow_blur=\u00bb9px\u00bb global_colors_info=\u00bb{%22gcid-heading-color%22:%91%22header_text_color%22%93,%22gcid-primary-color%22:%91%22body_link_text_color%22,%22icon_color%22,%22body_link_text_color%22,%22icon_color%22,%22body_link_text_color%22,%22icon_color%22,%22body_link_text_color%22,%22body_link_text_color%22,%22body_link_text_color%22,%22body_link_text_color%22,%22body_link_text_color%22,%22body_link_text_color%22,%22body_link_text_color%22%93}\u00bb theme_builder_area=\u00bbpost_content\u00bb]<\/p>\n<ul>\n<li>Control autom\u00e1tico de todo tipo de par\u00e1metros del agua<\/li>\n<li>Decloraci\u00f3n<\/li>\n<li class=\"p1\"><a href=\"https:\/\/diparsa.com\/es\/tratamiento-de-agua-de-pozo\/\">Tratamiento de agua con hierro y manganeso<\/a><\/li>\n<li class=\"p1\"><a href=\"https:\/\/diparsa.com\/es\/tratamiento-de-nitratos-en-el-agua\/\" target=\"_blank\" rel=\"noopener\">Tratamiento de agua con nitratos<\/a><\/li>\n<li class=\"p1\">Tratamiento de agua con ars\u00e9nico<\/li>\n<li class=\"p1\"><a href=\"https:\/\/diparsa.com\/es\/tratamiento-de-agua-con-niquel-ni\/\">Tratamiento de agua con n\u00edquel<\/a><\/li>\n<li class=\"p1\">Tratamiento de agua con fl\u00faor<\/li>\n<li class=\"p1\">Descalcificaci\u00f3n industrial<\/li>\n<li class=\"p1\">Descalcificaci\u00f3n uso dom\u00e9stico<\/li>\n<li class=\"p1\">Desnitrificaci\u00f3n<\/li>\n<li class=\"p1\">Filtraci\u00f3n y camas filtrantes<\/li>\n<li class=\"p1\">\n<p class=\"p1\">Ultrafiltraci\u00f3n<\/p>\n<\/li>\n<li class=\"p1\">\n<p class=\"p1\">Desmineralizaci\u00f3n<\/p>\n<\/li>\n<li class=\"p1\">Remineralizaci\u00f3n<\/li>\n<li class=\"p1\">\u00d3smosis inversa industrial<\/li>\n<\/ul>\n<p>[\/et_pb_blurb][\/et_pb_column][et_pb_column type=\u00bb1_3&#8243; _builder_version=\u00bb4.27.4&#8243; _module_preset=\u00bbdefault\u00bb global_colors_info=\u00bb{}\u00bb theme_builder_area=\u00bbpost_content\u00bb][et_pb_blurb use_icon=\u00bbon\u00bb font_icon=\u00bb&#xf5d2;||fa||900&#8243; icon_color=\u00bb#0C71C3&#8243; image_icon_width=\u00bb42px\u00bb icon_alignment=\u00bbcenter\u00bb _builder_version=\u00bb4.27.4&#8243; _module_preset=\u00bbdefault\u00bb header_text_color=\u00bb#0C71C3&#8243; body_text_color=\u00bb#0C71C3&#8243; background_color=\u00bb#f9f9f9&#8243; background_enable_image=\u00bboff\u00bb custom_padding=\u00bb7px|7px|7px|7px|true|true\u00bb box_shadow_style=\u00bbpreset3&#8243; box_shadow_vertical=\u00bb6px\u00bb box_shadow_blur=\u00bb9px\u00bb global_colors_info=\u00bb{%22gcid-heading-color%22:%91%22header_text_color%22%93,%22gcid-primary-color%22:%91%22body_link_text_color%22,%22icon_color%22,%22body_link_text_color%22,%22icon_color%22,%22body_link_text_color%22,%22icon_color%22,%22body_link_text_color%22,%22icon_color%22,%22body_link_text_color%22,%22body_link_text_color%22,%22body_link_text_color%22,%22body_link_text_color%22,%22body_link_text_color%22,%22body_link_text_color%22,%22body_link_text_color%22%93}\u00bb theme_builder_area=\u00bbpost_content\u00bb]<\/p>\n<ul>\n<li>\u00d3smosis inversa dom\u00e9stica<\/li>\n<li>\u00d3smosis inversa grandes caudales<\/li>\n<li class=\"p1\">\u00d3smosis inversa para agua de mar<\/li>\n<li class=\"p1\"><a href=\"https:\/\/diparsa.com\/es\/aguas-residuales-y-su-tratamiento\/\">Tratamiento de aguas residuales<\/a><\/li>\n<li class=\"p1\">Tratamiento de agua con UV<\/li>\n<li class=\"p1\">Desinfecci\u00f3n UV<\/li>\n<li class=\"p1\">Electrolisis salina para piscinas de uso p\u00fablico<\/li>\n<li class=\"p1\">Electrolisis salina para piscinas uso dom\u00e9stico<\/li>\n<li class=\"p1\">Decantadores para oxidaci\u00f3n y precipitaci\u00f3n<\/li>\n<li class=\"p1\">Productos qu\u00edmicos para el tratamiento de agua<\/li>\n<li class=\"p1\">Correcci\u00f3n qu\u00edmica y acondicionamiento del agua<\/li>\n<li class=\"p1\">Consultor\u00eda h\u00eddrica | asesoramiento<\/li>\n<\/ul>\n<p>[\/et_pb_blurb][\/et_pb_column][\/et_pb_row][et_pb_row _builder_version=\u00bb4.27.5&#8243; _module_preset=\u00bbdefault\u00bb theme_builder_area=\u00bbpost_content\u00bb][et_pb_column _builder_version=\u00bb4.27.5&#8243; _module_preset=\u00bbdefault\u00bb type=\u00bb4_4&#8243; theme_builder_area=\u00bbpost_content\u00bb][et_pb_divider _builder_version=\u00bb4.27.5&#8243; _module_preset=\u00bbdefault\u00bb theme_builder_area=\u00bbpost_content\u00bb hover_enabled=\u00bb0&#8243; sticky_enabled=\u00bb0&#8243;][\/et_pb_divider][\/et_pb_column][\/et_pb_row][et_pb_row _builder_version=\u00bb4.27.3&#8243; _module_preset=\u00bbdefault\u00bb global_colors_info=\u00bb{}\u00bb locked=\u00bboff\u00bb theme_builder_area=\u00bbpost_content\u00bb][et_pb_column type=\u00bb4_4&#8243; _builder_version=\u00bb4.27.3&#8243; _module_preset=\u00bbdefault\u00bb global_colors_info=\u00bb{}\u00bb theme_builder_area=\u00bbpost_content\u00bb][et_pb_heading title=\u00bb\u00bfPor qu\u00e9 Elegir Diparsa para el tratamiento de agua en Manresa y en el Bages?\u00bb _builder_version=\u00bb4.27.5&#8243; _module_preset=\u00bbdefault\u00bb title_font_size=\u00bb27px\u00bb hover_enabled=\u00bb0&#8243; global_colors_info=\u00bb{}\u00bb theme_builder_area=\u00bbpost_content\u00bb sticky_enabled=\u00bb0&#8243;][\/et_pb_heading][et_pb_accordion _builder_version=\u00bb4.27.5&#8243; _module_preset=\u00bbdefault\u00bb hover_enabled=\u00bb0&#8243; global_colors_info=\u00bb{%22gcid-36fd78a7-34bc-404d-873c-dafa34efaae5%22:%91%22quote_icon_color%22%93,%22gcid-primary-color%22:%91%22open_toggle_text_color%22,%22icon_color%22%93,%22gcid-heading-color%22:%91%22toggle_text_color%22%93,%22gcid-body-color%22:%91%22body_text_color%22%93}\u00bb sticky_enabled=\u00bb0&#8243; theme_builder_area=\u00bbpost_content\u00bb][et_pb_accordion_item title=\u00bbExperiencia inigualable\u00bb open=\u00bbon\u00bb _builder_version=\u00bb4.27.5&#8243; _module_preset=\u00bbdefault\u00bb hover_enabled=\u00bb0&#8243; global_colors_info=\u00bb{}\u00bb theme_builder_area=\u00bbpost_content\u00bb sticky_enabled=\u00bb0&#8243;]<\/p>\n<p>Desde 1966, Diparsa ha sido un referente en el tratamiento de agua. Nuestra experiencia de m\u00e1s de cinco d\u00e9cadas garantiza soluciones efectivas y adaptadas a las necesidades de cada cliente. <\/p>\n<h3><\/h3>\n<p>[\/et_pb_accordion_item][et_pb_accordion_item title=\u00bbSoluciones hechas a medida\u00bb _builder_version=\u00bb4.27.5&#8243; _module_preset=\u00bbdefault\u00bb hover_enabled=\u00bb0&#8243; global_colors_info=\u00bb{}\u00bb open=\u00bboff\u00bb theme_builder_area=\u00bbpost_content\u00bb sticky_enabled=\u00bb0&#8243;]<\/p>\n<p>Cada cliente es \u00fanico. Dise\u00f1amos sistemas de tratamiento personalizados para abordar los problemas espec\u00edficos de la calidad del agua y asegurar un \u00f3ptimo rendimiento en cada caso. <\/p>\n<h3><\/h3>\n<p>[\/et_pb_accordion_item][et_pb_accordion_item title=\u00bbTecnolog\u00eda de vanguardia\u00bb _builder_version=\u00bb4.27.5&#8243; _module_preset=\u00bbdefault\u00bb hover_enabled=\u00bb0&#8243; global_colors_info=\u00bb{}\u00bb open=\u00bboff\u00bb sticky_enabled=\u00bb0&#8243; theme_builder_area=\u00bbpost_content\u00bb]<\/p>\n<p>Utilizamos equipos de \u00faltima generaci\u00f3n que combinan eficiencia, precisi\u00f3n y respeto al medio ambiente, asegurando un tratamiento de agua eficaz y sostenible.<\/p>\n<h3><\/h3>\n<p>[\/et_pb_accordion_item][et_pb_accordion_item title=\u00bbCalidad certificada\u00bb _builder_version=\u00bb4.27.5&#8243; _module_preset=\u00bbdefault\u00bb hover_enabled=\u00bb0&#8243; global_colors_info=\u00bb{}\u00bb open=\u00bboff\u00bb theme_builder_area=\u00bbpost_content\u00bb sticky_enabled=\u00bb0&#8243;]<\/p>\n<p>Cumplimos los <a href=\"https:\/\/salutpublica.gencat.cat\/ca\/ambits\/proteccio\/aigua-consum-huma\/vigilancia-sanitaria\/\" target=\"_blank\" rel=\"noopener\">est\u00e1ndares m\u00e1s exigentes de calidad y seguridad<\/a> . Todos nuestros sistemas est\u00e1n dise\u00f1ados para proporcionar agua limpia y saludable para cualquier tipo de uso. <\/p>\n<h3><\/h3>\n<p>[\/et_pb_accordion_item][et_pb_accordion_item title=\u00bbCompromiso con la sostenibilidad\u00bb _builder_version=\u00bb4.27.5&#8243; _module_preset=\u00bbdefault\u00bb hover_enabled=\u00bb0&#8243; global_colors_info=\u00bb{}\u00bb open=\u00bboff\u00bb theme_builder_area=\u00bbpost_content\u00bb sticky_enabled=\u00bb0&#8243;]<\/p>\n<p>Nos preocupamos por el medio ambiente. Optimizamos el uso de recursos y gestionamos los residuos de forma responsable en cada proyecto que llevamos a cabo. <\/p>\n<h3><\/h3>\n<p>[\/et_pb_accordion_item][et_pb_accordion_item title=\u00bbAsesoramiento cercano y profesional\u00bb _builder_version=\u00bb4.27.5&#8243; _module_preset=\u00bbdefault\u00bb hover_enabled=\u00bb0&#8243; global_colors_info=\u00bb{}\u00bb open=\u00bboff\u00bb theme_builder_area=\u00bbpost_content\u00bb sticky_enabled=\u00bb0&#8243;]<\/p>\n<p><a href=\"https:\/\/diparsa.com\/es\/nosotros\/\" target=\"_blank\" rel=\"noopener\">Nuestro equipo de expertos<\/a> le acompa\u00f1a desde el inicio, ayud\u00e1ndole a comprender y seleccionar la mejor soluci\u00f3n para el tratamiento del agua de su pozo. Adem\u00e1s ofrecemos un seguimiento constante para garantizar tu tranquilidad. <\/p>\n<h3><\/h3>\n<p>[\/et_pb_accordion_item][et_pb_accordion_item title=\u00bbSoporte postventa garantizado\u00bb _builder_version=\u00bb4.27.5&#8243; _module_preset=\u00bbdefault\u00bb hover_enabled=\u00bb0&#8243; global_colors_info=\u00bb{}\u00bb open=\u00bboff\u00bb theme_builder_area=\u00bbpost_content\u00bb sticky_enabled=\u00bb0&#8243;]<\/p>\n<p>No nos detengamos despu\u00e9s de la instalaci\u00f3n. Ofrecemos soporte t\u00e9cnico y mantenimiento para que tus sistemas de tratamiento funcionen siempre al m\u00e1ximo rendimiento. <\/p>\n<h3><\/h3>\n<p>[\/et_pb_accordion_item][et_pb_accordion_item title=\u00bbConfianza y reputaci\u00f3n\u00bb _builder_version=\u00bb4.27.5&#8243; _module_preset=\u00bbdefault\u00bb hover_enabled=\u00bb0&#8243; global_colors_info=\u00bb{}\u00bb open=\u00bboff\u00bb theme_builder_area=\u00bbpost_content\u00bb sticky_enabled=\u00bb0&#8243;]<\/p>\n<p>Diparsa ha trabajado con muchos clientes en el Bages, consolid\u00e1ndose como una empresa fiable y reconocida en el sector del tratamiento de agua en Catalu\u00f1a.<\/p>\n<p>&nbsp;<\/p>\n<p>[\/et_pb_accordion_item][\/et_pb_accordion][\/et_pb_column][\/et_pb_row][\/et_pb_section]<\/p>\n","protected":false},"excerpt":{"rendered":"<p>En Diparsa, con m\u00e1s de cinco d\u00e9cadas de trayectoria como expertos en el manejo del agua, nos dedicamos a proporcionar soluciones completas para el tratamiento de agua en Manresa y en toda la comarca del Bages. Nuestro compromiso es proporcionar agua de la m\u00e1s alta calidad adaptada a las necesidades espec\u00edficas de cada cliente.El agua [&hellip;]<\/p>\n","protected":false},"author":2,"featured_media":0,"parent":0,"menu_order":0,"comment_status":"closed","ping_status":"closed","template":"","meta":{"_et_pb_use_builder":"on","_et_pb_old_content":"","_et_gb_content_width":"","footnotes":""},"class_list":["post-406770","page","type-page","status-publish","hentry"],"_links":{"self":[{"href":"https:\/\/diparsa.com\/es\/wp-json\/wp\/v2\/pages\/406770","targetHints":{"allow":["GET"]}}],"collection":[{"href":"https:\/\/diparsa.com\/es\/wp-json\/wp\/v2\/pages"}],"about":[{"href":"https:\/\/diparsa.com\/es\/wp-json\/wp\/v2\/types\/page"}],"author":[{"embeddable":true,"href":"https:\/\/diparsa.com\/es\/wp-json\/wp\/v2\/users\/2"}],"replies":[{"embeddable":true,"href":"https:\/\/diparsa.com\/es\/wp-json\/wp\/v2\/comments?post=406770"}],"version-history":[{"count":3,"href":"https:\/\/diparsa.com\/es\/wp-json\/wp\/v2\/pages\/406770\/revisions"}],"predecessor-version":[{"id":407096,"href":"https:\/\/diparsa.com\/es\/wp-json\/wp\/v2\/pages\/406770\/revisions\/407096"}],"wp:attachment":[{"href":"https:\/\/diparsa.com\/es\/wp-json\/wp\/v2\/media?parent=406770"}],"curies":[{"name":"wp","href":"https:\/\/api.w.org\/{rel}","templated":true}]}}