{"id":406780,"date":"2026-03-24T15:27:08","date_gmt":"2026-03-24T15:27:08","guid":{"rendered":"https:\/\/diparsa.com\/proyectos-realizados\/"},"modified":"2026-04-23T07:11:08","modified_gmt":"2026-04-23T07:11:08","slug":"proyectos-realizados","status":"publish","type":"page","link":"https:\/\/diparsa.com\/es\/proyectos-realizados\/","title":{"rendered":"Proyectos realizados"},"content":{"rendered":"<p>[et_pb_section fb_built=\u00bb1&#8243; _builder_version=\u00bb4.27.6&#8243; _module_preset=\u00bbdefault\u00bb global_colors_info=\u00bb{}\u00bb][et_pb_row _builder_version=\u00bb4.27.6&#8243; _module_preset=\u00bbdefault\u00bb global_colors_info=\u00bb{}\u00bb][et_pb_column type=\u00bb4_4&#8243; _builder_version=\u00bb4.27.6&#8243; _module_preset=\u00bbdefault\u00bb global_colors_info=\u00bb{}\u00bb][et_pb_heading title=\u00bbProyectos realizados\u00bb _builder_version=\u00bb4.27.6&#8243; _module_preset=\u00bbdefault\u00bb title_level=\u00bbh1&#8243; global_colors_info=\u00bb{}\u00bb][\/et_pb_heading][\/et_pb_column][\/et_pb_row][et_pb_row column_structure=\u00bb1_4,1_4,1_4,1_4&#8243; _builder_version=\u00bb4.27.6&#8243; _module_preset=\u00bbdefault\u00bb width=\u00bb90%\u00bb width_tablet=\u00bb90%\u00bb width_phone=\u00bb90%\u00bb width_last_edited=\u00bbon|desktop\u00bb max_width=\u00bb1330px\u00bb animation_style=\u00bbfade\u00bb global_colors_info=\u00bb{}\u00bb][et_pb_column type=\u00bb1_4&#8243; _builder_version=\u00bb4.27.6&#8243; _module_preset=\u00bbdefault\u00bb global_colors_info=\u00bb{}\u00bb][et_pb_blurb title=\u00bbTratamiento de enfriamiento de agua\u00bb image=\u00bbhttps:\/\/diparsa.com\/wp-content\/uploads\/2026\/03\/IMG-20230616-WA0014.jpg\u00bb alt=\u00bbEnfriamiento de agua tratada en Figueres 1&#8243; _builder_version=\u00bb4.27.6&#8243; _module_preset=\u00bbdefault\u00bb header_text_align=\u00bbcenter\u00bb width=\u00bb77%\u00bb custom_margin=\u00bb|0px||0px|false|true\u00bb custom_padding=\u00bb7px|7px|7px|7px|true|true\u00bb link_option_url=\u00bbhttps:\/\/diparsa.com\/es\/projectes\/enfriamiento-de-agua-tratada\/\u00bb border_radii=\u00bbon|7px|7px|7px|7px\u00bb border_width_all=\u00bb2px\u00bb box_shadow_style=\u00bbpreset4&#8243; global_colors_info=\u00bb{}\u00bb transform_styles__hover_enabled=\u00bbon|desktop\u00bb transform_scale__hover_enabled=\u00bbon|desktop\u00bb transform_translate__hover_enabled=\u00bbon|desktop\u00bb transform_rotate__hover_enabled=\u00bbon|desktop\u00bb transform_skew__hover_enabled=\u00bbon|desktop\u00bb transform_origin__hover_enabled=\u00bbon|desktop\u00bb transform_scale__hover=\u00bb105%|105%\u00bb][\/et_pb_blurb][\/et_pb_column][et_pb_column type=\u00bb1_4&#8243; _builder_version=\u00bb4.27.6&#8243; _module_preset=\u00bbdefault\u00bb global_colors_info=\u00bb{}\u00bb][et_pb_blurb title=\u00bbPotabilizaci\u00f3n agua de pozo\u00bb image=\u00bbhttps:\/\/diparsa.com\/wp-content\/uploads\/2026\/03\/Potabilitzacio-aigua-de-pou1.webp\u00bb alt=\u00bbPotabilizaci\u00f3n agua de pozo1&#8243; _builder_version=\u00bb4.27.6&#8243; _module_preset=\u00bbdefault\u00bb header_text_align=\u00bbcenter\u00bb width=\u00bb77%\u00bb custom_margin=\u00bb|0px||0px|false|true\u00bb custom_padding=\u00bb7px|7px|7px|7px|true|true\u00bb link_option_url=\u00bbhttps:\/\/diparsa.com\/es\/projectes\/tratamiento-de-agua-para-la-potabilizacion-del-agua-de-un-pozo-en-una-vivienda-privada\/\u00bb border_radii=\u00bbon|7px|7px|7px|7px\u00bb border_width_all=\u00bb2px\u00bb box_shadow_style=\u00bbpreset4&#8243; global_colors_info=\u00bb{}\u00bb transform_styles__hover_enabled=\u00bbon|desktop\u00bb transform_scale__hover_enabled=\u00bbon|desktop\u00bb transform_translate__hover_enabled=\u00bbon|desktop\u00bb transform_rotate__hover_enabled=\u00bbon|desktop\u00bb transform_skew__hover_enabled=\u00bbon|desktop\u00bb transform_origin__hover_enabled=\u00bbon|desktop\u00bb transform_scale__hover=\u00bb105%|105%\u00bb][\/et_pb_blurb][\/et_pb_column][et_pb_column type=\u00bb1_4&#8243; _builder_version=\u00bb4.27.6&#8243; _module_preset=\u00bbdefault\u00bb global_colors_info=\u00bb{}\u00bb][et_pb_blurb title=\u00bbBombeo agua de pozo Girona Academy (Girona FC)\u00bb image=\u00bbhttps:\/\/diparsa.com\/wp-content\/uploads\/2025\/12\/Bombas-de-agua-de-pozo.webp\u00bb alt=\u00bbBombas de agua de pozo\u00bb _builder_version=\u00bb4.27.6&#8243; _module_preset=\u00bbdefault\u00bb header_text_align=\u00bbcenter\u00bb width=\u00bb77%\u00bb custom_margin=\u00bb|0px||0px|false|true\u00bb custom_padding=\u00bb7px|7px|7px|7px|true|true\u00bb link_option_url=\u00bbhttps:\/\/diparsa.com\/es\/projectes\/bombeo-agua-de-pozo-en-girona-academy\/\u00bb border_radii=\u00bbon|7px|7px|7px|7px\u00bb border_width_all=\u00bb2px\u00bb box_shadow_style=\u00bbpreset4&#8243; global_colors_info=\u00bb{}\u00bb transform_styles__hover_enabled=\u00bbon|desktop\u00bb transform_scale__hover_enabled=\u00bbon|desktop\u00bb transform_translate__hover_enabled=\u00bbon|desktop\u00bb transform_rotate__hover_enabled=\u00bbon|desktop\u00bb transform_skew__hover_enabled=\u00bbon|desktop\u00bb transform_origin__hover_enabled=\u00bbon|desktop\u00bb transform_scale__hover=\u00bb105%|105%\u00bb][\/et_pb_blurb][\/et_pb_column][et_pb_column type=\u00bb1_4&#8243; _builder_version=\u00bb4.27.6&#8243; _module_preset=\u00bbdefault\u00bb global_colors_info=\u00bb{}\u00bb][et_pb_blurb title=\u00bbInstalaci\u00f3n de una torre para uso agr\u00edcola\u00bb image=\u00bbhttps:\/\/diparsa.com\/wp-content\/uploads\/2026\/03\/IMG-20260305-WA0010.jpg\u00bb alt=\u00bbcisternas 3&#8243; _builder_version=\u00bb4.27.6&#8243; _module_preset=\u00bbdefault\u00bb header_text_align=\u00bbcenter\u00bb width=\u00bb77%\u00bb custom_margin=\u00bb|0px||0px|false|true\u00bb custom_padding=\u00bb7px|7px|7px|7px|true|true\u00bb link_option_url=\u00bbhttps:\/\/diparsa.com\/es\/projectes\/llenado-de-cisternas-para-uso-agricola\/\u00bb border_radii=\u00bbon|7px|7px|7px|7px\u00bb border_width_all=\u00bb2px\u00bb box_shadow_style=\u00bbpreset4&#8243; global_colors_info=\u00bb{}\u00bb transform_styles__hover_enabled=\u00bbon|desktop\u00bb transform_scale__hover_enabled=\u00bbon|desktop\u00bb transform_translate__hover_enabled=\u00bbon|desktop\u00bb transform_rotate__hover_enabled=\u00bbon|desktop\u00bb transform_skew__hover_enabled=\u00bbon|desktop\u00bb transform_origin__hover_enabled=\u00bbon|desktop\u00bb transform_scale__hover=\u00bb105%|105%\u00bb][\/et_pb_blurb][\/et_pb_column][\/et_pb_row][et_pb_row column_structure=\u00bb1_4,1_4,1_4,1_4&#8243; _builder_version=\u00bb4.27.6&#8243; _module_preset=\u00bbdefault\u00bb width=\u00bb90%\u00bb width_tablet=\u00bb90%\u00bb width_phone=\u00bb90%\u00bb width_last_edited=\u00bbon|desktop\u00bb max_width=\u00bb1330px\u00bb animation_style=\u00bbfade\u00bb global_colors_info=\u00bb{}\u00bb][et_pb_column type=\u00bb1_4&#8243; _builder_version=\u00bb4.27.6&#8243; _module_preset=\u00bbdefault\u00bb global_colors_info=\u00bb{}\u00bb][et_pb_blurb title=\u00bbDesferrizaci\u00f3n y potabilizaci\u00f3n agua de pozo\u00bb image=\u00bbhttps:\/\/diparsa.com\/wp-content\/uploads\/2026\/03\/IMG-20260304-WA0010.webp\u00bb alt=\u00bbDesferrizaci\u00f3n y potabilizaci\u00f3n agua de pozo\u00bb _builder_version=\u00bb4.27.6&#8243; _module_preset=\u00bbdefault\u00bb header_text_align=\u00bbcenter\u00bb width=\u00bb77%\u00bb custom_margin=\u00bb|0px||0px|false|true\u00bb custom_padding=\u00bb7px|7px|7px|7px|true|true\u00bb link_option_url=\u00bbhttps:\/\/diparsa.com\/es\/projectes\/desferrizacion-y-potabilizacion-agua-de-pozo\/\u00bb border_radii=\u00bbon|7px|7px|7px|7px\u00bb border_width_all=\u00bb2px\u00bb box_shadow_style=\u00bbpreset4&#8243; global_colors_info=\u00bb{}\u00bb transform_styles__hover_enabled=\u00bbon|desktop\u00bb transform_scale__hover_enabled=\u00bbon|desktop\u00bb transform_translate__hover_enabled=\u00bbon|desktop\u00bb transform_rotate__hover_enabled=\u00bbon|desktop\u00bb transform_skew__hover_enabled=\u00bbon|desktop\u00bb transform_origin__hover_enabled=\u00bbon|desktop\u00bb transform_scale__hover=\u00bb105%|105%\u00bb][\/et_pb_blurb][\/et_pb_column][et_pb_column type=\u00bb1_4&#8243; _builder_version=\u00bb4.27.6&#8243; _module_preset=\u00bbdefault\u00bb global_colors_info=\u00bb{}\u00bb][et_pb_blurb title=\u00bbDesnitrificaci\u00f3n, descalcificaci\u00f3n y desinfecci\u00f3n agua de pozo\u00bb image=\u00bbhttps:\/\/diparsa.com\/wp-content\/uploads\/2026\/03\/IMG-20191114-WA0010.jpg\u00bb alt=\u00bbDesnitrificaci\u00f3n, descalcificaci\u00f3n y desinfecci\u00f3n de agua de pozo 5&#8243; _builder_version=\u00bb4.27.6&#8243; _module_preset=\u00bbdefault\u00bb header_text_align=\u00bbcenter\u00bb width=\u00bb77%\u00bb custom_margin=\u00bb|0px||0px|false|true\u00bb custom_padding=\u00bb7px|7px|7px|7px|true|true\u00bb link_option_url=\u00bbhttps:\/\/diparsa.com\/es\/projectes\/desnitrificacion-descalcificacion-y-desinfeccion-de-agua-de-pozo\/\u00bb border_radii=\u00bbon|7px|7px|7px|7px\u00bb border_width_all=\u00bb2px\u00bb box_shadow_style=\u00bbpreset4&#8243; global_colors_info=\u00bb{}\u00bb transform_styles__hover_enabled=\u00bbon|desktop\u00bb transform_scale__hover_enabled=\u00bbon|desktop\u00bb transform_translate__hover_enabled=\u00bbon|desktop\u00bb transform_rotate__hover_enabled=\u00bbon|desktop\u00bb transform_skew__hover_enabled=\u00bbon|desktop\u00bb transform_origin__hover_enabled=\u00bbon|desktop\u00bb transform_scale__hover=\u00bb105%|105%\u00bb][\/et_pb_blurb][\/et_pb_column][et_pb_column type=\u00bb1_4&#8243; _builder_version=\u00bb4.27.6&#8243; _module_preset=\u00bbdefault\u00bb global_colors_info=\u00bb{}\u00bb][et_pb_blurb title=\u00bbTratamiento agua de pozo con hierro y manganeso\u00bb image=\u00bbhttps:\/\/diparsa.com\/wp-content\/uploads\/2026\/03\/Captura-de-pantalla-de-VID-20260312-WA0006.mp4-1-e1774964022388.png\u00bb alt=\u00bbTratamiento agua de pozo con hierro y manganeso portada\u00bb _builder_version=\u00bb4.27.6&#8243; _module_preset=\u00bbdefault\u00bb header_text_align=\u00bbcenter\u00bb width=\u00bb77%\u00bb custom_margin=\u00bb|0px||0px|false|true\u00bb custom_padding=\u00bb7px|7px|7px|7px|true|true\u00bb link_option_url=\u00bbhttps:\/\/diparsa.com\/es\/projectes\/ampliacion-y-tratamiento-agua-de-pozo-con-hierro-y-manganeso\/\u00bb border_radii=\u00bbon|7px|7px|7px|7px\u00bb border_width_all=\u00bb2px\u00bb box_shadow_style=\u00bbpreset4&#8243; global_colors_info=\u00bb{}\u00bb transform_styles__hover_enabled=\u00bbon|desktop\u00bb transform_scale__hover_enabled=\u00bbon|desktop\u00bb transform_translate__hover_enabled=\u00bbon|desktop\u00bb transform_rotate__hover_enabled=\u00bbon|desktop\u00bb transform_skew__hover_enabled=\u00bbon|desktop\u00bb transform_origin__hover_enabled=\u00bbon|desktop\u00bb transform_scale__hover=\u00bb105%|105%\u00bb][\/et_pb_blurb][\/et_pb_column][et_pb_column type=\u00bb1_4&#8243; _builder_version=\u00bb4.27.6&#8243; _module_preset=\u00bbdefault\u00bb global_colors_info=\u00bb{}\u00bb][et_pb_blurb title=\u00bbRevisi\u00f3n instalaci\u00f3n para tratamiento de agua de pozo con hierro y manganeso.\u00bb image=\u00bbhttps:\/\/diparsa.com\/wp-content\/uploads\/2026\/03\/imatge-Revisio-en-instal.lacio-dun-equip-per-el-tractament-daigua-de-pou-amb-ferro-i-manganes.0A-e1774964572720.png\u00bb alt=\u00bbimagen Revisi\u00f3n en instalaci\u00f3n de un equipo para el tratamiento de agua de pozo con hierro y manganeso.\u00bb _builder_version=\u00bb4.27.6&#8243; _module_preset=\u00bbdefault\u00bb header_text_align=\u00bbcenter\u00bb width=\u00bb77%\u00bb custom_margin=\u00bb|0px||0px|false|true\u00bb custom_padding=\u00bb7px|7px|7px|7px|true|true\u00bb link_option_url=\u00bbhttps:\/\/diparsa.com\/es\/projectes\/revision-en-instalacion-de-un-equipo-para-el-tratamiento-de-agua-de-pozo-con-hierro-y-manganeso\/\u00bb border_radii=\u00bbon|7px|7px|7px|7px\u00bb border_width_all=\u00bb2px\u00bb box_shadow_style=\u00bbpreset4&#8243; global_colors_info=\u00bb{}\u00bb transform_styles__hover_enabled=\u00bbon|desktop\u00bb transform_scale__hover_enabled=\u00bbon|desktop\u00bb transform_translate__hover_enabled=\u00bbon|desktop\u00bb transform_rotate__hover_enabled=\u00bbon|desktop\u00bb transform_skew__hover_enabled=\u00bbon|desktop\u00bb transform_origin__hover_enabled=\u00bbon|desktop\u00bb transform_scale__hover=\u00bb105%|105%\u00bb][\/et_pb_blurb][\/et_pb_column][\/et_pb_row][et_pb_row column_structure=\u00bb1_4,1_4,1_4,1_4&#8243; _builder_version=\u00bb4.27.6&#8243; _module_preset=\u00bbdefault\u00bb width=\u00bb90%\u00bb width_tablet=\u00bb90%\u00bb width_phone=\u00bb90%\u00bb width_last_edited=\u00bbon|desktop\u00bb max_width=\u00bb1330px\u00bb animation_style=\u00bbfade\u00bb global_colors_info=\u00bb{}\u00bb][et_pb_column type=\u00bb1_4&#8243; _builder_version=\u00bb4.27.6&#8243; _module_preset=\u00bbdefault\u00bb global_colors_info=\u00bb{}\u00bb][et_pb_blurb title=\u00bbPotabilizaci\u00f3n agua de pozo\u00bb image=\u00bbhttps:\/\/diparsa.com\/wp-content\/uploads\/2026\/04\/Potabilitzacio-aigua-de-pou-girona.webp\u00bb alt=\u00bbPotabilizaci\u00f3n agua de pozo\u00bb _builder_version=\u00bb4.27.6&#8243; _module_preset=\u00bbdefault\u00bb header_text_align=\u00bbcenter\u00bb width=\u00bb77%\u00bb custom_margin=\u00bb|0px||0px|false|true\u00bb custom_padding=\u00bb7px|7px|7px|7px|true|true\u00bb link_option_url=\u00bbhttps:\/\/diparsa.com\/projectes\/potabilitzacio-aigua-de-pou-a-girona\/\u00bb border_radii=\u00bbon|7px|7px|7px|7px\u00bb border_width_all=\u00bb2px\u00bb box_shadow_style=\u00bbpreset4&#8243; global_colors_info=\u00bb{}\u00bb transform_styles__hover_enabled=\u00bbon|desktop\u00bb transform_scale__hover_enabled=\u00bbon|desktop\u00bb transform_translate__hover_enabled=\u00bbon|desktop\u00bb transform_rotate__hover_enabled=\u00bbon|desktop\u00bb transform_skew__hover_enabled=\u00bbon|desktop\u00bb transform_origin__hover_enabled=\u00bbon|desktop\u00bb transform_scale__hover=\u00bb105%|105%\u00bb][\/et_pb_blurb][\/et_pb_column][et_pb_column type=\u00bb1_4&#8243; _builder_version=\u00bb4.27.6&#8243; _module_preset=\u00bbdefault\u00bb global_colors_info=\u00bb{}\u00bb][et_pb_blurb title=\u00bbTratamiento de agua de red para camping\u00bb image=\u00bbhttps:\/\/diparsa.com\/wp-content\/uploads\/2026\/04\/Tractament-daigua-de-xarxa-per-a-camping1.jpeg\u00bb alt=\u00bbTratamiento de agua de red para camping1&#8243; _builder_version=\u00bb4.27.6&#8243; _module_preset=\u00bbdefault\u00bb header_text_align=\u00bbcenter\u00bb width=\u00bb77%\u00bb custom_margin=\u00bb|0px||0px|false|true\u00bb custom_padding=\u00bb7px|7px|7px|7px|true|true\u00bb link_option_url=\u00bbhttps:\/\/diparsa.com\/projectes\/tractament-daigua-de-xarxa-per-a-camping\/\u00bb border_radii=\u00bbon|7px|7px|7px|7px\u00bb border_width_all=\u00bb2px\u00bb box_shadow_style=\u00bbpreset4&#8243; global_colors_info=\u00bb{}\u00bb transform_styles__hover_enabled=\u00bbon|desktop\u00bb transform_scale__hover_enabled=\u00bbon|desktop\u00bb transform_translate__hover_enabled=\u00bbon|desktop\u00bb transform_rotate__hover_enabled=\u00bbon|desktop\u00bb transform_skew__hover_enabled=\u00bbon|desktop\u00bb transform_origin__hover_enabled=\u00bbon|desktop\u00bb transform_scale__hover=\u00bb105%|105%\u00bb][\/et_pb_blurb][\/et_pb_column][et_pb_column type=\u00bb1_4&#8243; _builder_version=\u00bb4.27.6&#8243; _module_preset=\u00bbdefault\u00bb global_colors_info=\u00bb{}\u00bb][et_pb_blurb title=\u00bbTratamiento de agua de esta\u00f1o con equipo ultravioleta\u00bb image=\u00bbhttps:\/\/diparsa.com\/wp-content\/uploads\/2026\/04\/Tractament-daigua-destany-amb-equip-esterilitzador-ultravioleta-U.V1.jpg\u00bb alt=\u00bbTratamiento de agua de esta\u00f1o con equipo esterilizador ultravioleta U.V1&#8243; _builder_version=\u00bb4.27.6&#8243; _module_preset=\u00bbdefault\u00bb header_text_align=\u00bbcenter\u00bb width=\u00bb77%\u00bb custom_margin=\u00bb|0px||0px|false|true\u00bb custom_padding=\u00bb7px|7px|7px|7px|true|true\u00bb link_option_url=\u00bbhttps:\/\/diparsa.com\/projectes\/tractament-aigua-estany-uv\/\u00bb border_radii=\u00bbon|7px|7px|7px|7px\u00bb border_width_all=\u00bb2px\u00bb box_shadow_style=\u00bbpreset4&#8243; global_colors_info=\u00bb{}\u00bb transform_styles__hover_enabled=\u00bbon|desktop\u00bb transform_scale__hover_enabled=\u00bbon|desktop\u00bb transform_translate__hover_enabled=\u00bbon|desktop\u00bb transform_rotate__hover_enabled=\u00bbon|desktop\u00bb transform_skew__hover_enabled=\u00bbon|desktop\u00bb transform_origin__hover_enabled=\u00bbon|desktop\u00bb transform_scale__hover=\u00bb105%|105%\u00bb][\/et_pb_blurb][\/et_pb_column][et_pb_column type=\u00bb1_4&#8243; _builder_version=\u00bb4.27.6&#8243; _module_preset=\u00bbdefault\u00bb global_colors_info=\u00bb{}\u00bb][et_pb_blurb title=\u00bbTratamiento de agua de piscina &#8211; Tecnolog\u00eda de agua recreativa\u00bb image=\u00bbhttps:\/\/diparsa.com\/wp-content\/uploads\/2026\/04\/Tractament-aigua-piscina-tecnologia-recreativa.png\u00bb alt=\u00bbTratamiento agua piscina tecnolog\u00eda recreativa\u00bb _builder_version=\u00bb4.27.6&#8243; _module_preset=\u00bbdefault\u00bb header_text_align=\u00bbcenter\u00bb width=\u00bb77%\u00bb custom_margin=\u00bb|0px||0px|false|true\u00bb custom_padding=\u00bb7px|7px|7px|7px|true|true\u00bb link_option_url=\u00bbhttps:\/\/diparsa.com\/projectes\/tractament-aigua-piscina-tecnologia-recreativa\/\u00bb hover_enabled=\u00bb0&#8243; border_radii=\u00bbon|7px|7px|7px|7px\u00bb border_width_all=\u00bb2px\u00bb box_shadow_style=\u00bbpreset4&#8243; global_colors_info=\u00bb{}\u00bb transform_styles__hover_enabled=\u00bbon|desktop\u00bb transform_scale__hover_enabled=\u00bbon|desktop\u00bb transform_translate__hover_enabled=\u00bbon|desktop\u00bb transform_rotate__hover_enabled=\u00bbon|desktop\u00bb transform_skew__hover_enabled=\u00bbon|desktop\u00bb transform_origin__hover_enabled=\u00bbon|desktop\u00bb transform_scale__hover=\u00bb105%|105%\u00bb title_text=\u00bbTractament aigua piscina tecnologia recreativa\u00bb sticky_enabled=\u00bb0&#8243;][\/et_pb_blurb][\/et_pb_column][\/et_pb_row][\/et_pb_section]<\/p>\n","protected":false},"excerpt":{"rendered":"","protected":false},"author":2,"featured_media":0,"parent":0,"menu_order":0,"comment_status":"closed","ping_status":"closed","template":"","meta":{"_et_pb_use_builder":"on","_et_pb_old_content":"","_et_gb_content_width":"","footnotes":""},"class_list":["post-406780","page","type-page","status-publish","hentry"],"_links":{"self":[{"href":"https:\/\/diparsa.com\/es\/wp-json\/wp\/v2\/pages\/406780","targetHints":{"allow":["GET"]}}],"collection":[{"href":"https:\/\/diparsa.com\/es\/wp-json\/wp\/v2\/pages"}],"about":[{"href":"https:\/\/diparsa.com\/es\/wp-json\/wp\/v2\/types\/page"}],"author":[{"embeddable":true,"href":"https:\/\/diparsa.com\/es\/wp-json\/wp\/v2\/users\/2"}],"replies":[{"embeddable":true,"href":"https:\/\/diparsa.com\/es\/wp-json\/wp\/v2\/comments?post=406780"}],"version-history":[{"count":4,"href":"https:\/\/diparsa.com\/es\/wp-json\/wp\/v2\/pages\/406780\/revisions"}],"predecessor-version":[{"id":407020,"href":"https:\/\/diparsa.com\/es\/wp-json\/wp\/v2\/pages\/406780\/revisions\/407020"}],"wp:attachment":[{"href":"https:\/\/diparsa.com\/es\/wp-json\/wp\/v2\/media?parent=406780"}],"curies":[{"name":"wp","href":"https:\/\/api.w.org\/{rel}","templated":true}]}}