{"id":407091,"date":"2025-09-23T08:03:07","date_gmt":"2025-09-23T08:03:07","guid":{"rendered":"https:\/\/diparsa.com\/tratamiento-de-nitratos-en-el-agua\/"},"modified":"2026-04-23T07:34:35","modified_gmt":"2026-04-23T07:34:35","slug":"tratamiento-de-nitratos-en-el-agua","status":"publish","type":"page","link":"https:\/\/diparsa.com\/es\/tratamiento-de-nitratos-en-el-agua\/","title":{"rendered":"Tratamiento de nitratos en el agua"},"content":{"rendered":"<p>[et_pb_section fb_built=\u00bb1&#8243; theme_builder_area=\u00bbpost_content\u00bb _builder_version=\u00bb4.27.4&#8243; _module_preset=\u00bbdefault\u00bb][et_pb_row _builder_version=\u00bb4.27.4&#8243; _module_preset=\u00bbdefault\u00bb theme_builder_area=\u00bbpost_content\u00bb][et_pb_column _builder_version=\u00bb4.27.4&#8243; _module_preset=\u00bbdefault\u00bb type=\u00bb4_4&#8243; theme_builder_area=\u00bbpost_content\u00bb][et_pb_heading title=\u00bbTratamiento de nitratos en el agua\u00bb _builder_version=\u00bb4.27.4&#8243; _module_preset=\u00bbdefault\u00bb theme_builder_area=\u00bbpost_content\u00bb title_level=\u00bbh1&#8243; hover_enabled=\u00bb0&#8243; sticky_enabled=\u00bb0&#8243;][\/et_pb_heading][et_pb_text _builder_version=\u00bb4.27.4&#8243; _module_preset=\u00bbdefault\u00bb theme_builder_area=\u00bbpost_content\u00bb hover_enabled=\u00bb0&#8243; sticky_enabled=\u00bb0&#8243;]<\/p>\n<p>En muchas comarcas de Catalunya, como Osona o la Garrotxa, la excesiva presencia de nitratos en el agua es un problema recurrente. Este exceso proviene principalmente de la actividad agr\u00edcola intensiva, el uso de fertilizantes y la filtraci\u00f3n en los acu\u00edferos. <\/p>\n<p>En Diparsa, estudiamos cada caso para ofrecer soluciones adaptadas a cada territorio, con equipos de desnitrificaci\u00f3n eficientes y soporte t\u00e9cnico continuado.<\/p>\n<p>[\/et_pb_text][\/et_pb_column][\/et_pb_row][et_pb_row _builder_version=\u00bb4.27.4&#8243; _module_preset=\u00bbdefault\u00bb theme_builder_area=\u00bbpost_content\u00bb column_structure=\u00bb1_2,1_2&#8243;][et_pb_column _builder_version=\u00bb4.27.4&#8243; _module_preset=\u00bbdefault\u00bb type=\u00bb1_2&#8243; theme_builder_area=\u00bbpost_content\u00bb][et_pb_blurb title=\u00bbTratamiento de nitratos en el agua en Osona\u00bb image=\u00bbhttps:\/\/diparsa.com\/wp-content\/uploads\/2025\/06\/agua_recortada_16_9.webp\u00bb _builder_version=\u00bb4.27.4&#8243; _module_preset=\u00bbdefault\u00bb theme_builder_area=\u00bbpost_content\u00bb hover_enabled=\u00bb0&#8243; sticky_enabled=\u00bb0&#8243; header_text_align=\u00bbcenter\u00bb alt=\u00bbTratamiento de agua para eliminar ars\u00e9nico\u00bb title_text=\u00bbTractament d&#8217;aigua per eliminar ars\u00e8nic\u00bb icon_alignment=\u00bbcenter\u00bb custom_padding=\u00bb15px|5px|15px|5px|true|true\u00bb box_shadow_style=\u00bbpreset6&#8243; url=\u00bbhttps:\/\/diparsa.com\/es\/tratamiento-de-nitratos-en-el-agua-en-osona\/\u00bb url_new_window=\u00bbon\u00bb][\/et_pb_blurb][\/et_pb_column][et_pb_column _builder_version=\u00bb4.27.4&#8243; _module_preset=\u00bbdefault\u00bb type=\u00bb1_2&#8243; theme_builder_area=\u00bbpost_content\u00bb][et_pb_blurb title=\u00bbTratamiento de nitratos en el agua La Garrotxa\u00bb image=\u00bbhttps:\/\/diparsa.com\/wp-content\/uploads\/2024\/12\/water-pouring-flow-on-woman-260nw-1968658795.jpg\u00bb _builder_version=\u00bb4.27.4&#8243; _module_preset=\u00bbdefault\u00bb theme_builder_area=\u00bbpost_content\u00bb hover_enabled=\u00bb0&#8243; sticky_enabled=\u00bb0&#8243; header_text_align=\u00bbcenter\u00bb alt=\u00bbAgua con nitratos\u00bb title_text=\u00bbAigua amb nitrats\u00bb icon_alignment=\u00bbcenter\u00bb image_icon_width=\u00bb52%\u00bb custom_padding=\u00bb15px|5px|15px|5px|true|true\u00bb box_shadow_style=\u00bbpreset6&#8243; url=\u00bbhttps:\/\/diparsa.com\/es\/tratamiento-de-nitratos-en-el-agua-en-la-garrotxa\/\u00bb url_new_window=\u00bbon\u00bb][\/et_pb_blurb][\/et_pb_column][\/et_pb_row][\/et_pb_section]<\/p>\n","protected":false},"excerpt":{"rendered":"<p>En muchas comarcas de Catalunya, como Osona o la Garrotxa, la excesiva presencia de nitratos en el agua es un problema recurrente. Este exceso proviene principalmente de la actividad agr\u00edcola intensiva, el uso de fertilizantes y la filtraci\u00f3n en los acu\u00edferos. En Diparsa, estudiamos cada caso para ofrecer soluciones adaptadas a cada territorio, con equipos [&hellip;]<\/p>\n","protected":false},"author":2,"featured_media":0,"parent":0,"menu_order":0,"comment_status":"closed","ping_status":"closed","template":"","meta":{"_et_pb_use_builder":"on","_et_pb_old_content":"","_et_gb_content_width":"","footnotes":""},"class_list":["post-407091","page","type-page","status-publish","hentry"],"_links":{"self":[{"href":"https:\/\/diparsa.com\/es\/wp-json\/wp\/v2\/pages\/407091","targetHints":{"allow":["GET"]}}],"collection":[{"href":"https:\/\/diparsa.com\/es\/wp-json\/wp\/v2\/pages"}],"about":[{"href":"https:\/\/diparsa.com\/es\/wp-json\/wp\/v2\/types\/page"}],"author":[{"embeddable":true,"href":"https:\/\/diparsa.com\/es\/wp-json\/wp\/v2\/users\/2"}],"replies":[{"embeddable":true,"href":"https:\/\/diparsa.com\/es\/wp-json\/wp\/v2\/comments?post=407091"}],"version-history":[{"count":4,"href":"https:\/\/diparsa.com\/es\/wp-json\/wp\/v2\/pages\/407091\/revisions"}],"predecessor-version":[{"id":407095,"href":"https:\/\/diparsa.com\/es\/wp-json\/wp\/v2\/pages\/407091\/revisions\/407095"}],"wp:attachment":[{"href":"https:\/\/diparsa.com\/es\/wp-json\/wp\/v2\/media?parent=407091"}],"curies":[{"name":"wp","href":"https:\/\/api.w.org\/{rel}","templated":true}]}}