{"id":889,"date":"2025-02-12T09:23:44","date_gmt":"2025-02-12T09:23:44","guid":{"rendered":"https:\/\/diparsa.com\/?page_id=889"},"modified":"2025-02-18T10:36:38","modified_gmt":"2025-02-18T10:36:38","slug":"campos-de-futbol","status":"publish","type":"page","link":"https:\/\/diparsa.com\/es\/campos-de-futbol\/","title":{"rendered":"Tratamiento de agua en campos de f\u00fatbol de alto rendimiento"},"content":{"rendered":"<p>[et_pb_section fb_built=\u00bb1&#8243; admin_label=\u00bbHero\u00bb _builder_version=\u00bb4.27.4&#8243; _module_preset=\u00bbe68aa8c9-06e1-48cb-b82b-29ec720aed4c\u00bb use_background_color_gradient=\u00bboff\u00bb background_image=\u00bbhttps:\/\/diparsa.com\/wp-content\/uploads\/2025\/02\/IMG-20240925-WA0035-_1_.webp\u00bb background_enable_image=\u00bbon\u00bb custom_padding=\u00bb4vw||4vw||true|false\u00bb custom_padding_tablet=\u00bb10vw||10vw||true|false\u00bb custom_padding_phone=\u00bb0vw||0vw||true|false\u00bb use_background_color_gradient_phone=\u00bboff\u00bb locked=\u00bboff\u00bb collapsed=\u00bbon\u00bb global_colors_info=\u00bb{}\u00bb][et_pb_row _builder_version=\u00bb4.24.2&#8243; _module_preset=\u00bb5138c454-be54-4233-bd3b-f8e6a8747976&#8243; locked=\u00bboff\u00bb global_colors_info=\u00bb{}\u00bb][et_pb_column type=\u00bb4_4&#8243; _builder_version=\u00bb4.23.1&#8243; _module_preset=\u00bb73121f80-a3ef-4484-8763-c3f18e3c56d2&#8243; global_colors_info=\u00bb{}\u00bb][et_pb_heading title=\u00bbTratamiento de Agua para Campos de F\u00fatbol de alto rendimiento\u00bb _builder_version=\u00bb4.27.4&#8243; _module_preset=\u00bbddeb8c09-9078-4424-bc15-2efb6572e28e\u00bb title_font=\u00bbOpen Sans|Open Sans_weight|||||||\u00bb title_text_align=\u00bbleft\u00bb title_text_color=\u00bb#FFFFFF\u00bb title_font_size=\u00bb35px\u00bb custom_margin_tablet=\u00bb\u00bb custom_margin_phone=\u00bb-15px||||false|false\u00bb custom_margin_last_edited=\u00bbon|phone\u00bb custom_padding_tablet=\u00bb\u00bb custom_padding_phone=\u00bb0px||0px||false|false\u00bb custom_padding_last_edited=\u00bbon|phone\u00bb hover_enabled=\u00bb0&#8243; title_text_align_tablet=\u00bbleft\u00bb title_text_align_phone=\u00bbcenter\u00bb title_text_align_last_edited=\u00bbon|phone\u00bb title_font_size_phone=\u00bb21px\u00bb title_text_shadow_style=\u00bbpreset3&#8243; locked=\u00bboff\u00bb global_colors_info=\u00bb{}\u00bb sticky_enabled=\u00bb0&#8243;][\/et_pb_heading][et_pb_text _builder_version=\u00bb4.27.4&#8243; _module_preset=\u00bb2c55a9c4-feed-423b-9edb-ae0b5b365cac\u00bb text_font=\u00bbOpen Sans|Open Sans_weight|||||||\u00bb text_text_color=\u00bb#FFFFFF\u00bb link_font=\u00bb|Open Sans_weight|||||||\u00bb quote_font=\u00bbOpen Sans|Open Sans_weight|||||||\u00bb quote_text_color=\u00bb#111111&#8243; header_font=\u00bbOpen Sans|Open Sans_weight|||||||\u00bb header_text_color=\u00bb#111111&#8243; header_2_font=\u00bbOpen Sans|Open Sans_weight|||||||\u00bb header_2_text_color=\u00bb#111111&#8243; header_3_font=\u00bbOpen Sans|Open Sans_weight|||||||\u00bb header_3_text_color=\u00bb#111111&#8243; header_4_font=\u00bbOpen Sans|Open Sans_weight|||||||\u00bb header_4_text_color=\u00bb#111111&#8243; header_5_font=\u00bbOpen Sans|Open Sans_weight|||||||\u00bb header_5_text_color=\u00bb#111111&#8243; header_6_font=\u00bbOpen Sans|Open Sans_weight|||||||\u00bb header_6_text_color=\u00bb#111111&#8243; text_font_size_phone=\u00bb12px\u00bb text_orientation_tablet=\u00bb\u00bb text_orientation_phone=\u00bbcenter\u00bb text_orientation_last_edited=\u00bbon|phone\u00bb text_text_shadow_style=\u00bbpreset3&#8243; locked=\u00bboff\u00bb global_colors_info=\u00bb{%22gcid-primary-color%22:%91%22link_text_color%22%93,%22gcid-heading-color%22:%91%22header_text_color%22,%22header_4_text_color%22,%22header_3_text_color%22,%22header_2_text_color%22,%22header_5_text_color%22,%22header_6_text_color%22,%22quote_text_color%22%93,%22gcid-secondary-color%22:%91%22quote_border_color%22%93}\u00bb]<\/p>\n<p>Descubre c\u00f3mo nuestras innovaciones en tratamiento de agua mejoran el rendimiento de los campos de f\u00fatbol de alto nivel.<\/p>\n<p>[\/et_pb_text][et_pb_button button_url=\u00bbhttps:\/\/diparsa.com\/contacto\/\u00bb button_text=\u00bbContacta\u00bb button_alignment_tablet=\u00bb\u00bb button_alignment_phone=\u00bbcenter\u00bb button_alignment_last_edited=\u00bbon|phone\u00bb _builder_version=\u00bb4.27.4&#8243; _module_preset=\u00bb1bffc0fc-42a0-49d1-bd9a-ae3ade2d7206&#8243; button_font=\u00bbOpen Sans|700|||||||\u00bb locked=\u00bboff\u00bb global_colors_info=\u00bb{}\u00bb][\/et_pb_button][\/et_pb_column][\/et_pb_row][\/et_pb_section][et_pb_section fb_built=\u00bb1&#8243; admin_label=\u00bbAbout\u00bb _builder_version=\u00bb4.25.1&#8243; _module_preset=\u00bbdefault\u00bb collapsed=\u00bbon\u00bb global_colors_info=\u00bb{}\u00bb][et_pb_row _builder_version=\u00bb4.25.1&#8243; _module_preset=\u00bb048d8e79-b07f-439b-bd57-f41c14f0a56b\u00bb global_colors_info=\u00bb{}\u00bb][et_pb_column type=\u00bb4_4&#8243; _builder_version=\u00bb4.25.1&#8243; _module_preset=\u00bbdefault\u00bb global_colors_info=\u00bb{}\u00bb][et_pb_text _builder_version=\u00bb4.27.4&#8243; _module_preset=\u00bb2c55a9c4-feed-423b-9edb-ae0b5b365cac\u00bb text_font=\u00bbOpen Sans|Open Sans_weight|||||||\u00bb text_text_color=\u00bbrgba(0,0,0,0.64)\u00bb link_font=\u00bb|Open Sans_weight|||||||\u00bb quote_font=\u00bbOpen Sans|Open Sans_weight|||||||\u00bb quote_text_color=\u00bb#111111&#8243; header_font=\u00bbOpen Sans|Open Sans_weight|||||||\u00bb header_text_color=\u00bb#111111&#8243; header_2_font=\u00bbOpen Sans|Open Sans_weight|||||||\u00bb header_2_text_color=\u00bb#111111&#8243; header_3_font=\u00bbOpen Sans|Open Sans_weight|||||||\u00bb header_3_text_color=\u00bb#111111&#8243; header_4_font=\u00bbOpen Sans|Open Sans_weight|||||||\u00bb header_4_text_color=\u00bb#111111&#8243; header_5_font=\u00bbOpen Sans|Open Sans_weight|||||||\u00bb header_5_text_color=\u00bb#111111&#8243; header_6_font=\u00bbOpen Sans|Open Sans_weight|||||||\u00bb header_6_text_color=\u00bb#111111&#8243; global_colors_info=\u00bb{}\u00bb]<\/p>\n<p align=\"justify\"><span style=\"font-family: Arial, sans-serif;\">El tratamiento de agua en campos de f\u00fatbol de alto rendimiento es esencial para mantener una superficie de juego en condiciones \u00f3ptimas y garantizar la seguridad de los jugadores<\/span><\/p>\n<p>[\/et_pb_text][\/et_pb_column][\/et_pb_row][\/et_pb_section][et_pb_section fb_built=\u00bb1&#8243; admin_label=\u00bbServices\u00bb _builder_version=\u00bb4.27.4&#8243; _module_preset=\u00bbdefault\u00bb background_enable_image=\u00bboff\u00bb box_shadow_style=\u00bbpreset3&#8243; locked=\u00bboff\u00bb collapsed=\u00bbon\u00bb global_colors_info=\u00bb{}\u00bb][et_pb_row column_structure=\u00bb1_3,1_3,1_3&#8243; custom_padding_last_edited=\u00bbon|tablet\u00bb _builder_version=\u00bb4.24.2&#8243; _module_preset=\u00bb5138c454-be54-4233-bd3b-f8e6a8747976&#8243; custom_padding_tablet=\u00bb||0px||false|false\u00bb custom_padding_phone=\u00bb||0px||false|false\u00bb locked=\u00bboff\u00bb global_colors_info=\u00bb{}\u00bb][et_pb_column type=\u00bb1_3&#8243; _builder_version=\u00bb4.18.0&#8243; _module_preset=\u00bb73121f80-a3ef-4484-8763-c3f18e3c56d2&#8243; global_colors_info=\u00bb{}\u00bb][et_pb_blurb title=\u00bbAn\u00e1lisis del agua para determinar sus caracter\u00edsticas y calidad de la misma\u00bb use_icon=\u00bbon\u00bb font_icon=\u00bb&#xf200;||fa||900&#8243; icon_color=\u00bbgcid-secondary-color\u00bb icon_alignment=\u00bbcenter\u00bb _builder_version=\u00bb4.27.4&#8243; _module_preset=\u00bb212b201d-2c34-41bd-936c-851b7357d08b\u00bb header_font=\u00bbOpen Sans|Open Sans_weight|||||||\u00bb header_text_color=\u00bb#111111&#8243; body_font=\u00bbOpen Sans|Open Sans_weight|||||||\u00bb body_text_color=\u00bbrgba(0,0,0,0.64)\u00bb background_mask_style=\u00bbdiagonal\u00bb text_orientation=\u00bbcenter\u00bb locked=\u00bboff\u00bb global_colors_info=\u00bb{%22gcid-body-color%22:%91%22body_text_color%22,%22body_text_color%22%93,%22gcid-heading-color%22:%91%22header_text_color%22,%22header_text_color%22%93,%22gcid-secondary-color%22:%91%22icon_color%22%93}\u00bb]<\/p>\n<p align=\"justify\" style=\"text-align: left;\"><span style=\"font-family: Arial, sans-serif;\">Con la realizaci\u00f3n de un an\u00e1lisis se obtienen unos resultados con los que podremos realizar una evaluaci\u00f3n de calidad del agua y as\u00ed conseguir un mejor aprovechamiento. <\/span><span style=\"font-family: Arial, sans-serif;\">Este an\u00e1lisis lo debe realizar siempre un laboratorio acreditado.<\/span><\/p>\n<p>[\/et_pb_blurb][\/et_pb_column][et_pb_column type=\u00bb1_3&#8243; _builder_version=\u00bb4.18.0&#8243; _module_preset=\u00bb73121f80-a3ef-4484-8763-c3f18e3c56d2&#8243; global_colors_info=\u00bb{}\u00bb][et_pb_blurb title=\u00bbTratamiento de agua de pozo y red\u00bb use_icon=\u00bbon\u00bb font_icon=\u00bb&#xe005;||fa||900&#8243; icon_color=\u00bbgcid-secondary-color\u00bb icon_alignment=\u00bbcenter\u00bb _builder_version=\u00bb4.27.4&#8243; _module_preset=\u00bb212b201d-2c34-41bd-936c-851b7357d08b\u00bb header_font=\u00bbOpen Sans|Open Sans_weight|||||||\u00bb header_text_color=\u00bb#111111&#8243; body_font=\u00bbOpen Sans|Open Sans_weight|||||||\u00bb body_text_color=\u00bbrgba(0,0,0,0.64)\u00bb background_mask_style=\u00bbdiagonal\u00bb text_orientation=\u00bbcenter\u00bb locked=\u00bboff\u00bb global_colors_info=\u00bb{%22gcid-body-color%22:%91%22body_text_color%22,%22body_text_color%22%93,%22gcid-heading-color%22:%91%22header_text_color%22,%22header_text_color%22%93,%22gcid-secondary-color%22:%91%22icon_color%22%93}\u00bb]<\/p>\n<p align=\"justify\"><span style=\"font-family: Arial, sans-serif;\">Es fundamental para asegurar que el c\u00e9sped reciba el agua adecuada y en condiciones \u00f3ptimas. El agua de pozo, aunque es una fuente natural, puede contener impurezas o elementos que afecten la salud del c\u00e9sped, la infraestructura o incluso la calidad del agua para riego. <\/span><\/p>\n<p>[\/et_pb_blurb][\/et_pb_column][et_pb_column type=\u00bb1_3&#8243; _builder_version=\u00bb4.18.0&#8243; _module_preset=\u00bb73121f80-a3ef-4484-8763-c3f18e3c56d2&#8243; global_colors_info=\u00bb{}\u00bb][et_pb_blurb title=\u00bbDise\u00f1o de agua a medida para cada tipo de c\u00e9sped\u00bb use_icon=\u00bbon\u00bb font_icon=\u00bb&#xf043;||fa||900&#8243; icon_color=\u00bbgcid-secondary-color\u00bb icon_alignment=\u00bbcenter\u00bb _builder_version=\u00bb4.27.4&#8243; _module_preset=\u00bb212b201d-2c34-41bd-936c-851b7357d08b\u00bb header_font=\u00bbOpen Sans|Open Sans_weight|||||||\u00bb header_text_color=\u00bb#111111&#8243; body_font=\u00bbOpen Sans|Open Sans_weight|||||||\u00bb body_text_color=\u00bbrgba(0,0,0,0.64)\u00bb background_mask_style=\u00bbdiagonal\u00bb text_orientation=\u00bbcenter\u00bb locked=\u00bboff\u00bb global_colors_info=\u00bb{%22gcid-body-color%22:%91%22body_text_color%22,%22body_text_color%22%93,%22gcid-heading-color%22:%91%22header_text_color%22,%22header_text_color%22%93,%22gcid-secondary-color%22:%91%22icon_color%22%93}\u00bb]<\/p>\n<p align=\"justify\"><span style=\"font-family: Arial, sans-serif;\">Seg\u00fan la variedad de c\u00e9sped, la localizaci\u00f3n geogr\u00e1fica y el tipo de suelo, dise\u00f1amos el agua a medida para obtener la m\u00e1xima calidad del c\u00e9sped y potenciar la calidad de los deportistas.<\/span><\/p>\n<p>[\/et_pb_blurb][\/et_pb_column][\/et_pb_row][et_pb_row column_structure=\u00bb1_2,1_2&#8243; custom_padding_last_edited=\u00bbon|tablet\u00bb _builder_version=\u00bb4.24.2&#8243; _module_preset=\u00bb5138c454-be54-4233-bd3b-f8e6a8747976&#8243; custom_padding_tablet=\u00bb||0px||false|false\u00bb custom_padding_phone=\u00bb||0px||false|false\u00bb locked=\u00bboff\u00bb global_colors_info=\u00bb{}\u00bb][et_pb_column type=\u00bb1_2&#8243; _builder_version=\u00bb4.18.0&#8243; _module_preset=\u00bb73121f80-a3ef-4484-8763-c3f18e3c56d2&#8243; global_colors_info=\u00bb{}\u00bb][et_pb_blurb title=\u00bbTratamiento de aguas residuales\u00bb use_icon=\u00bbon\u00bb font_icon=\u00bb&#xf1b8;||fa||900&#8243; icon_color=\u00bbgcid-secondary-color\u00bb icon_alignment=\u00bbcenter\u00bb _builder_version=\u00bb4.27.4&#8243; _module_preset=\u00bb212b201d-2c34-41bd-936c-851b7357d08b\u00bb header_font=\u00bbOpen Sans|Open Sans_weight|||||||\u00bb header_text_color=\u00bb#111111&#8243; body_font=\u00bbOpen Sans|Open Sans_weight|||||||\u00bb body_text_color=\u00bbrgba(0,0,0,0.64)\u00bb background_mask_style=\u00bbdiagonal\u00bb text_orientation=\u00bbcenter\u00bb locked=\u00bboff\u00bb global_colors_info=\u00bb{%22gcid-body-color%22:%91%22body_text_color%22,%22body_text_color%22%93,%22gcid-heading-color%22:%91%22header_text_color%22,%22header_text_color%22%93,%22gcid-secondary-color%22:%91%22icon_color%22%93}\u00bb]<\/p>\n<p align=\"justify\"><span style=\"font-family: Arial, sans-serif;\">Aguas de drenaje y campo:<\/span><span style=\"font-family: Arial, sans-serif;\"> El agua que drena de la superficie del campo, especialmente despu\u00e9s de lluvias o riego, puede contener restos de fertilizantes, pesticidas y otros productos qu\u00edmicos utilizados en el mantenimiento del c\u00e9sped. Para evitar la contaminaci\u00f3n del medio ambiente, es crucial tratar esta agua antes de que se libere al entorno.<\/span><\/p>\n<p>[\/et_pb_blurb][\/et_pb_column][et_pb_column type=\u00bb1_2&#8243; _builder_version=\u00bb4.27.4&#8243; _module_preset=\u00bbdefault\u00bb global_colors_info=\u00bb{}\u00bb][et_pb_blurb title=\u00bbRiego adecuado\u00bb use_icon=\u00bbon\u00bb font_icon=\u00bb&#xf4c1;||fa||900&#8243; icon_color=\u00bbgcid-secondary-color\u00bb icon_alignment=\u00bbcenter\u00bb _builder_version=\u00bb4.27.4&#8243; _module_preset=\u00bb212b201d-2c34-41bd-936c-851b7357d08b\u00bb header_font=\u00bbOpen Sans|Open Sans_weight|||||||\u00bb header_text_color=\u00bb#111111&#8243; body_font=\u00bbOpen Sans|Open Sans_weight|||||||\u00bb body_text_color=\u00bbrgba(0,0,0,0.64)\u00bb background_mask_style=\u00bbdiagonal\u00bb text_orientation=\u00bbcenter\u00bb locked=\u00bboff\u00bb global_colors_info=\u00bb{%22gcid-body-color%22:%91%22body_text_color%22,%22body_text_color%22%93,%22gcid-heading-color%22:%91%22header_text_color%22,%22header_text_color%22%93,%22gcid-secondary-color%22:%91%22icon_color%22%93}\u00bb]<\/p>\n<p align=\"justify\"><span style=\"font-family: Arial, sans-serif;\">Uso de agua de calidad:<\/span><span style=\"font-family: Arial, sans-serif;\"> En campos de alto rendimiento, el agua debe tener la calidad adecuada (libre de sales y contaminantes) para no da\u00f1ar el c\u00e9sped ni el sistema de riego. En algunos lugares, se usan sistemas de tratamiento del agua para evitar la acumulaci\u00f3n de sales en el suelo, lo que podr\u00eda afectar el crecimiento del c\u00e9sped.<\/span><\/p>\n<p>[\/et_pb_blurb][\/et_pb_column][\/et_pb_row][et_pb_row _builder_version=\u00bb4.27.4&#8243; _module_preset=\u00bbdefault\u00bb global_colors_info=\u00bb{}\u00bb][et_pb_column type=\u00bb4_4&#8243; _builder_version=\u00bb4.27.4&#8243; _module_preset=\u00bbdefault\u00bb global_colors_info=\u00bb{}\u00bb][et_pb_gallery gallery_ids=\u00bb913,911,893,907,905,899,901,915&#8243; posts_number=\u00bb8&#8243; show_title_and_caption=\u00bboff\u00bb _builder_version=\u00bb4.27.4&#8243; _module_preset=\u00bbdefault\u00bb global_colors_info=\u00bb{}\u00bb][\/et_pb_gallery][\/et_pb_column][\/et_pb_row][et_pb_row column_structure=\u00bb1_2,1_2&#8243; _builder_version=\u00bb4.27.4&#8243; _module_preset=\u00bbdefault\u00bb global_colors_info=\u00bb{}\u00bb][et_pb_column type=\u00bb1_2&#8243; _builder_version=\u00bb4.27.4&#8243; _module_preset=\u00bbdefault\u00bb global_colors_info=\u00bb{}\u00bb][et_pb_blurb title=\u00bbEficiencia en el consumo de agua\u00bb use_icon=\u00bbon\u00bb font_icon=\u00bb&#xf218;||fa||900&#8243; icon_color=\u00bbgcid-secondary-color\u00bb icon_alignment=\u00bbcenter\u00bb _builder_version=\u00bb4.27.4&#8243; _module_preset=\u00bb212b201d-2c34-41bd-936c-851b7357d08b\u00bb header_font=\u00bbOpen Sans|Open Sans_weight|||||||\u00bb header_text_color=\u00bb#111111&#8243; body_font=\u00bbOpen Sans|Open Sans_weight|||||||\u00bb body_text_color=\u00bbrgba(0,0,0,0.64)\u00bb background_mask_style=\u00bbdiagonal\u00bb text_orientation=\u00bbcenter\u00bb locked=\u00bboff\u00bb global_colors_info=\u00bb{%22gcid-body-color%22:%91%22body_text_color%22,%22body_text_color%22%93,%22gcid-heading-color%22:%91%22header_text_color%22,%22header_text_color%22%93,%22gcid-secondary-color%22:%91%22icon_color%22%93}\u00bb]<\/p>\n<p align=\"justify\"><span style=\"font-family: Arial, sans-serif;\">Uso racional de agua:<\/span><span style=\"font-family: Arial, sans-serif;\"> En muchos campos de alto rendimiento, la eficiencia en el uso del agua es clave. Se emplean tecnolog\u00edas de sensores para medir la humedad del suelo y ajustar el riego de manera precisa, evitando el desperdicio de agua.<\/span><\/p>\n<p>[\/et_pb_blurb][\/et_pb_column][et_pb_column type=\u00bb1_2&#8243; _builder_version=\u00bb4.27.4&#8243; _module_preset=\u00bbdefault\u00bb global_colors_info=\u00bb{}\u00bb][et_pb_blurb title=\u00bbManejo de aguas pluviales\u00bb use_icon=\u00bbon\u00bb font_icon=\u00bb&#xf73d;||fa||900&#8243; icon_color=\u00bbgcid-secondary-color\u00bb icon_alignment=\u00bbcenter\u00bb _builder_version=\u00bb4.27.4&#8243; _module_preset=\u00bb212b201d-2c34-41bd-936c-851b7357d08b\u00bb header_font=\u00bbOpen Sans|Open Sans_weight|||||||\u00bb header_text_color=\u00bb#111111&#8243; body_font=\u00bbOpen Sans|Open Sans_weight|||||||\u00bb body_text_color=\u00bbrgba(0,0,0,0.64)\u00bb background_mask_style=\u00bbdiagonal\u00bb text_orientation=\u00bbcenter\u00bb locked=\u00bboff\u00bb global_colors_info=\u00bb{%22gcid-body-color%22:%91%22body_text_color%22,%22body_text_color%22%93,%22gcid-heading-color%22:%91%22header_text_color%22,%22header_text_color%22%93,%22gcid-secondary-color%22:%91%22icon_color%22%93}\u00bb]<\/p>\n<p align=\"justify\"><span style=\"font-family: Arial, sans-serif;\">Sistemas de captaci\u00f3n y reutilizaci\u00f3n:<\/span><span style=\"font-family: Arial, sans-serif;\"> Algunos campos de f\u00fatbol implementan sistemas para recolectar aguas pluviales y reutilizarlas en el riego, reduciendo el consumo de agua potable.<\/span><\/p>\n<p>[\/et_pb_blurb][\/et_pb_column][\/et_pb_row][et_pb_row _builder_version=\u00bb4.27.4&#8243; _module_preset=\u00bbdefault\u00bb global_colors_info=\u00bb{}\u00bb][et_pb_column type=\u00bb4_4&#8243; _builder_version=\u00bb4.27.4&#8243; _module_preset=\u00bbdefault\u00bb global_colors_info=\u00bb{}\u00bb][et_pb_blurb title=\u00bbMonitoreo y control de calidad del agua\u00bb use_icon=\u00bbon\u00bb font_icon=\u00bb&#xf812;||fa||900&#8243; icon_color=\u00bbgcid-secondary-color\u00bb icon_alignment=\u00bbcenter\u00bb _builder_version=\u00bb4.27.4&#8243; _module_preset=\u00bb212b201d-2c34-41bd-936c-851b7357d08b\u00bb header_font=\u00bbOpen Sans|Open Sans_weight|||||||\u00bb header_text_color=\u00bb#111111&#8243; body_font=\u00bbOpen Sans|Open Sans_weight|||||||\u00bb body_text_color=\u00bbrgba(0,0,0,0.64)\u00bb background_mask_style=\u00bbdiagonal\u00bb text_orientation=\u00bbcenter\u00bb locked=\u00bboff\u00bb global_colors_info=\u00bb{%22gcid-body-color%22:%91%22body_text_color%22,%22body_text_color%22%93,%22gcid-heading-color%22:%91%22header_text_color%22,%22header_text_color%22%93,%22gcid-secondary-color%22:%91%22icon_color%22%93}\u00bb]<\/p>\n<p align=\"justify\"><strong><span style=\"font-family: Arial, sans-serif;\">Monitoreo constante:<\/span><\/strong><span style=\"font-family: Arial, sans-serif;\"> Es importante realizar pruebas peri\u00f3dicas de la calidad del agua que se usa para el riego. Esto incluye verificar la concentraci\u00f3n de sales, el pH y otros par\u00e1metros relevantes que podr\u00edan afectar la salud del c\u00e9sped.<\/span><\/p>\n<p align=\"justify\"><strong><span style=\"font-family: Arial, sans-serif;\">Tratamiento qu\u00edmico:<\/span><\/strong><span style=\"font-family: Arial, sans-serif;\"> En casos donde el agua es de mala calidad, se pueden usar tratamientos para ajustar los niveles de minerales o neutralizar compuestos da\u00f1inos para el c\u00e9sped y el sistema de riego.<\/span><\/p>\n<p>[\/et_pb_blurb][et_pb_button button_url=\u00bbhttps:\/\/diparsa.com\/laboratorios-colaboradores\/\u00bb button_text=\u00bbConsulta nuestros laboratorios colaboradores\u00bb button_alignment=\u00bbcenter\u00bb _builder_version=\u00bb4.27.4&#8243; _module_preset=\u00bbdefault\u00bb global_colors_info=\u00bb{}\u00bb][\/et_pb_button][\/et_pb_column][\/et_pb_row][\/et_pb_section][et_pb_section fb_built=\u00bb1&#8243; admin_label=\u00bbCall to Action\u00bb _builder_version=\u00bb4.27.4&#8243; _module_preset=\u00bbdefault\u00bb background_color=\u00bbgcid-primary-color\u00bb background_enable_image=\u00bboff\u00bb custom_padding=\u00bb5vw||5vw||true|false\u00bb locked=\u00bboff\u00bb collapsed=\u00bbon\u00bb global_colors_info=\u00bb{%22gcid-primary-color%22:%91%22background_color%22%93}\u00bb][et_pb_row _builder_version=\u00bb4.18.0&#8243; _module_preset=\u00bb5138c454-be54-4233-bd3b-f8e6a8747976&#8243; global_colors_info=\u00bb{}\u00bb][et_pb_column type=\u00bb4_4&#8243; _builder_version=\u00bb4.18.0&#8243; _module_preset=\u00bb73121f80-a3ef-4484-8763-c3f18e3c56d2&#8243; global_colors_info=\u00bb{}\u00bb][et_pb_cta button_url=\u00bb#\u00bb button_text=\u00bbCont\u00e1ctanos Ahora\u00bb _builder_version=\u00bb4.27.4&#8243; _module_preset=\u00bb4c2ad5d0-871e-414e-a4be-aa9134d4ae8e\u00bb header_font=\u00bbOpen Sans|Open Sans_weight|||||||\u00bb header_text_color=\u00bb#111111&#8243; body_font=\u00bbOpen Sans||||||||\u00bb body_text_color=\u00bbrgba(0,0,0,0.64)\u00bb button_font=\u00bbOpen Sans|700|||||||\u00bb custom_padding=\u00bb60px|60px|60px|60px|true|true\u00bb custom_padding_tablet=\u00bb30px|30px|30px|30px|true|true\u00bb custom_padding_phone=\u00bb20px|20px|20px|20px|true|true\u00bb custom_padding_last_edited=\u00bbon|desktop\u00bb locked=\u00bboff\u00bb global_colors_info=\u00bb{%22gcid-f2943306-fa6c-45f0-b632-5fc00151366a%22:%91%22button_text_color%22%93,%22gcid-36fd78a7-34bc-404d-873c-dafa34efaae5%22:%91%22button_text_color%22,%22color%22,%22background_color%22%93,%22gcid-7cadd8b3-5228-48e4-90c4-212d09232f7b%22:%91%22color%22,%22color%22,%22color%22,%22color%22%93,%22gcid-f113ad93-2527-46d7-862b-fc71181c6b5e%22:%91%22border_color_all%22,%22border_color_all%22%93}\u00bb text_font_size_tablet=\u00bb16px\u00bb text_font_size_phone=\u00bb14px\u00bb text_font_size_last_edited=\u00bbon|phone\u00bb]<\/p>\n<p align=\"justify\"><span style=\"font-family: Arial, sans-serif;\">El tratamiento y manejo adecuado del agua en estos campos no solo contribuye a un mejor rendimiento del c\u00e9sped, sino que tambi\u00e9n es crucial para la sostenibilidad y el respeto al medio ambiente. Siempre sujeto al <a href=\"https:\/\/www.boe.es\/buscar\/act.php?id=BOE-A-2023-628\" target=\"_blank\" rel=\"noopener\">RD 3\/2023<\/a><\/span><\/p>\n<p>[\/et_pb_cta][\/et_pb_column][\/et_pb_row][\/et_pb_section]<\/p>\n","protected":false},"excerpt":{"rendered":"<p>Descubre c\u00f3mo nuestras innovaciones en tratamiento de agua mejoran el rendimiento de los campos de f\u00fatbol de alto nivel.El tratamiento de agua en campos de f\u00fatbol de alto rendimiento es esencial para mantener una superficie de juego en condiciones \u00f3ptimas y garantizar la seguridad de los jugadoresCon la realizaci\u00f3n de un an\u00e1lisis se obtienen unos [&hellip;]<\/p>\n","protected":false},"author":2,"featured_media":0,"parent":0,"menu_order":0,"comment_status":"closed","ping_status":"closed","template":"","meta":{"_et_pb_use_builder":"on","_et_pb_old_content":"","_et_gb_content_width":"","footnotes":""},"class_list":["post-889","page","type-page","status-publish","hentry"],"_links":{"self":[{"href":"https:\/\/diparsa.com\/es\/wp-json\/wp\/v2\/pages\/889","targetHints":{"allow":["GET"]}}],"collection":[{"href":"https:\/\/diparsa.com\/es\/wp-json\/wp\/v2\/pages"}],"about":[{"href":"https:\/\/diparsa.com\/es\/wp-json\/wp\/v2\/types\/page"}],"author":[{"embeddable":true,"href":"https:\/\/diparsa.com\/es\/wp-json\/wp\/v2\/users\/2"}],"replies":[{"embeddable":true,"href":"https:\/\/diparsa.com\/es\/wp-json\/wp\/v2\/comments?post=889"}],"version-history":[{"count":0,"href":"https:\/\/diparsa.com\/es\/wp-json\/wp\/v2\/pages\/889\/revisions"}],"wp:attachment":[{"href":"https:\/\/diparsa.com\/es\/wp-json\/wp\/v2\/media?parent=889"}],"curies":[{"name":"wp","href":"https:\/\/api.w.org\/{rel}","templated":true}]}}